{"id":2,"date":"2014-07-21T15:27:08","date_gmt":"2014-07-21T15:27:08","guid":{"rendered":"http:\/\/www.plasti-dip.es\/blog\/?page_id=2"},"modified":"2022-11-04T14:00:29","modified_gmt":"2022-11-04T12:00:29","slug":"contacto","status":"publish","type":"page","link":"https:\/\/www.plasti-dip.es\/vinilo-liquido\/contacto\/","title":{"rendered":"Contacto"},"content":{"rendered":"\t\t<div data-elementor-type=\"wp-page\" data-elementor-id=\"2\" class=\"elementor elementor-2\" data-elementor-post-type=\"page\">\n\t\t\t\t\t\t<section class=\"elementor-section elementor-top-section elementor-element elementor-element-0de13d9 elementor-section-boxed elementor-section-height-default elementor-section-height-default\" data-id=\"0de13d9\" data-element_type=\"section\" data-e-type=\"section\">\n\t\t\t\t\t\t<div class=\"elementor-container elementor-column-gap-default\">\n\t\t\t\t\t<div class=\"elementor-column elementor-col-50 elementor-top-column elementor-element elementor-element-d6fbaf1\" data-id=\"d6fbaf1\" data-element_type=\"column\" data-e-type=\"column\">\n\t\t\t<div class=\"elementor-widget-wrap elementor-element-populated\">\n\t\t\t\t\t\t<div class=\"elementor-element elementor-element-fcf7138 elementor-widget elementor-widget-shortcode\" data-id=\"fcf7138\" data-element_type=\"widget\" data-e-type=\"widget\" data-widget_type=\"shortcode.default\">\n\t\t\t\t<div class=\"elementor-widget-container\">\n\t\t\t\t\t\t<style>\r\n\t.ancho_campo{\r\n\t\twidth:100%;\r\n\t\tfont-size:12px important!;\r\n\t\tdisplay:inline-block;\r\n\t}\r\n\t.ancho_label{\r\n\t\twidth:100%;\r\n\t\tfont-size:12px important!;\r\n\t\tdisplay:inline-block;\r\n\t}\t\r\n\t.ancho_numero{\r\n\t\twidth:20%;\r\n\t\tfont-size:12px important!;\r\n\t\tdisplay:inline-block;\r\n\t}\t\r\n\t.error-success{\r\n\t\tbackground-color: dff9f0;\r\n\t\tfont-size: 20px;\r\n\t}\r\n\t\r\n\t<\/style>\r\n<body><br>\r\n\t\t\t<script src=\"https:\/\/www.google.com\/recaptcha\/api.js\" async defer><\/script>\r\n            <div class=\"row\">\r\n\t\t\t\t<form id=\"ticket\" name=\"ticket\" action=\"\" method=\"post\" enctype=\"multipart\/form-data\" >\r\n\t\t\t\t\t<!-- <span class=\"ancho_label\">Ticket Num:<\/span>\r\n\t\t\t\t\t\t<input class=\"ancho_numero\" name=\"ticket_id\" type=\"text\" id=\"ticket_id\" size=\"4\" placeholder=\"\" value=\"\" disabled>\r\n\t\t\t\t\t\t<input class=\"ancho_numero\" type=\"hidden\" name=\"ticket_id\" value=\"  \">\r\n\t\t\t\t\t<br> -->\r\n\r\n\t\t\t\t\t<span class=\"ancho_label\">Departamento: <\/span>\r\n\t\t\t\t\t\t<select class=\"ancho_campo\" id=\"ticket_departamento\" name=\"ticket_departamento\" required>\r\n\t\t\t\t\t\t\t<option value=\"1\">Ventas<\/option>\n<option value=\"2\">Administraci\u00f3n<\/option>\n<option value=\"3\">Servicio T\u00e9cnico<\/option>\n<option value=\"4\">Expediciones\/Env\u00edos<\/option>\n\t\t\t\t\t\t<\/select>\r\n\t\t\t\t\t<br>\r\n\t\t\t\t\t<span class=\"ancho_label\">Asunto :<\/span> <input name=\"ticket_asunto\" type=\"text\" id=\"ticket_asunto\" size=\"60\" placeholder=\"\" class= \"input-sm ancho_campo\" value=\"\" required>\r\n\t\t\t\t\t<br>\r\n\t\t\t\t\t<span class=\"ancho_label\">Nombre :<\/span> <input name=\"ticket_nombre\" type=\"text\" id=\"ticket_nombre\" size=\"60\" placeholder=\"\" class= \"input-sm ancho_campo\" value=\"\" required>\r\n\t\t\t\t\t<br>\r\n\t\t\t\t\t<span class=\"ancho_label\">email :<\/span> <input name=\"ticket_email\" type=\"email\" id=\"ticket_email\" size=\"60\" placeholder=\"\" class= \"input-sm ancho_campo\" value=\"\" required>\r\n\t\t\t\t\t<br>\r\n\t\t\t\t\t<span class=\"ancho_label\">Tel\u00e9fono :<\/span> <input name=\"ticket_telefono\" type=\"tel\" id=\"ticket_telefono\" size=\"60\" placeholder=\"\" class= \"input-sm ancho_campo\" value=\"\" required>\r\n\t\t\t\t\t<br>\r\n\t\t\t\t\t<span class=\"ancho_label\">Texto del msg :<\/span> <textarea name=\"ticket_msg\" id=\"ticket_msg\" rows=\"5\" class= \"ancho_campo\" value=\"\" required><\/textarea>\r\n\t\t\t\t\t<br>\r\n\t\t\t\t\t<input name=\"ticket_rgpd\" id=\"ticket_rgpd\" type=\"checkbox\" value=\"1\" unchecked required><label class=\"texto-lg\"> Debes aceptar nuestros <i><b><a href=\"https:\/\/www.plasti-dip.es\/vinilo-liquido\/aviso-legal-y-privacidad\/\">terminos y condiciones<\/a><\/b><\/i>\r\n\t\t\t\t\t<input type=\"hidden\" name=\"google-response-token2\" id=\"google-response-token2\">\r\n\t\t\t\t\t<div class=\"g-recaptcha\" data-sitekey=\"6LcO1osaAAAAAPs0JGXfYlctqlJK9xVqewtYcuTy \"><\/div>\r\n\t\t\t\t\t<label for=\"enviar\"><input class=\"btn btn-info\" name=\"enviar_ticket\" id=\"enviar_ticket\" value=\"Enviar\" type=\"submit\" >\r\n\t\t\t\t<\/form>\r\n            <\/div>\r\n        \r\n    \r\n<\/body>\r\n\r\n<script type=\"text\/javascript\">\r\n\tgrecaptcha.ready(function() {\r\n\t\tgrecaptcha.execute('6LcO1osaAAAAAPs0JGXfYlctqlJK9xVqewtYcuTy', {action: 'submit'})\r\n\t\t.then(function(token) {\r\n\t\t\t$('#google-response-token2').val(token);\r\n\t\t\t\/\/ Add your logic to submit to your backend server here.\r\n\t\t});\r\n\t});\r\n  <\/script>\r\n\r\n\r\n\t\t<div class=\"elementor-shortcode\"><\/div>\n\t\t\t\t\t\t<\/div>\n\t\t\t\t<\/div>\n\t\t\t\t\t<\/div>\n\t\t<\/div>\n\t\t\t\t<div class=\"elementor-column elementor-col-50 elementor-top-column elementor-element elementor-element-8f6f3f3\" data-id=\"8f6f3f3\" data-element_type=\"column\" data-e-type=\"column\">\n\t\t\t<div class=\"elementor-widget-wrap elementor-element-populated\">\n\t\t\t\t\t\t<div class=\"elementor-element elementor-element-cf23257 elementor-widget elementor-widget-heading\" data-id=\"cf23257\" data-element_type=\"widget\" data-e-type=\"widget\" data-widget_type=\"heading.default\">\n\t\t\t\t<div class=\"elementor-widget-container\">\n\t\t\t\t\t<h2 class=\"elementor-heading-title elementor-size-default\">Si deseas contactar con Plastidip Espa\u00f1a - Distribuidor de Vinilo L\u00edquido:<\/h2>\t\t\t\t<\/div>\n\t\t\t\t<\/div>\n\t\t\t\t<div class=\"elementor-element elementor-element-e3eab45 elementor-widget elementor-widget-heading\" data-id=\"e3eab45\" data-element_type=\"widget\" data-e-type=\"widget\" data-widget_type=\"heading.default\">\n\t\t\t\t<div class=\"elementor-widget-container\">\n\t\t\t\t\t<h2 class=\"elementor-heading-title elementor-size-default\">- Nos encontramos en:<\/h2>\t\t\t\t<\/div>\n\t\t\t\t<\/div>\n\t\t\t\t<div class=\"elementor-element elementor-element-cf91e08 elementor-widget elementor-widget-text-editor\" data-id=\"cf91e08\" data-element_type=\"widget\" data-e-type=\"widget\" data-widget_type=\"text-editor.default\">\n\t\t\t\t<div class=\"elementor-widget-container\">\n\t\t\t\t\t\t\t\t\t<p><b>Almacen:<\/b> Passatge Ermessenda de Carcassona, 2B 08221 Terrassa (Barcelona) &#8211; Spain<\/p>\t\t\t\t\t\t\t\t<\/div>\n\t\t\t\t<\/div>\n\t\t\t\t<div class=\"elementor-element elementor-element-1f68c2a elementor-widget elementor-widget-heading\" data-id=\"1f68c2a\" data-element_type=\"widget\" data-e-type=\"widget\" data-widget_type=\"heading.default\">\n\t\t\t\t<div class=\"elementor-widget-container\">\n\t\t\t\t\t<h2 class=\"elementor-heading-title elementor-size-default\">- Contacta con nosotros:<\/h2>\t\t\t\t<\/div>\n\t\t\t\t<\/div>\n\t\t\t\t<div class=\"elementor-element elementor-element-90dd8a7 elementor-widget elementor-widget-text-editor\" data-id=\"90dd8a7\" data-element_type=\"widget\" data-e-type=\"widget\" data-widget_type=\"text-editor.default\">\n\t\t\t\t<div class=\"elementor-widget-container\">\n\t\t\t\t\t\t\t\t\t<p><strong>Tel\u00e9fono de contacto:<\/strong> +34 93 783 30 36<\/p>\t\t\t\t\t\t\t\t<\/div>\n\t\t\t\t<\/div>\n\t\t\t\t<div class=\"elementor-element elementor-element-b9a1de3 elementor-widget elementor-widget-heading\" data-id=\"b9a1de3\" data-element_type=\"widget\" data-e-type=\"widget\" data-widget_type=\"heading.default\">\n\t\t\t\t<div class=\"elementor-widget-container\">\n\t\t\t\t\t<h2 class=\"elementor-heading-title elementor-size-default\">- Nuestro Horario Comercial:<\/h2>\t\t\t\t<\/div>\n\t\t\t\t<\/div>\n\t\t\t\t<div class=\"elementor-element elementor-element-6df6480 elementor-widget elementor-widget-text-editor\" data-id=\"6df6480\" data-element_type=\"widget\" data-e-type=\"widget\" data-widget_type=\"text-editor.default\">\n\t\t\t\t<div class=\"elementor-widget-container\">\n\t\t\t\t\t\t\t\t\t<p>Podr\u00e1s contactar con nosotros de <strong>Lunes a Viernes<\/strong> desde las <strong>10:00 a las 13:00.<\/strong><\/p>\t\t\t\t\t\t\t\t<\/div>\n\t\t\t\t<\/div>\n\t\t\t\t<div class=\"elementor-element elementor-element-cf07432 elementor-widget elementor-widget-text-editor\" data-id=\"cf07432\" data-element_type=\"widget\" data-e-type=\"widget\" data-widget_type=\"text-editor.default\">\n\t\t\t\t<div class=\"elementor-widget-container\">\n\t\t\t\t\t\t\t\t\t<p><strong>O de lo contrario, si lo prefieres puedes dejar tus datos en el formulario y contactaremos contigo en la mayor brevedad posible.<\/strong><\/p>\t\t\t\t\t\t\t\t<\/div>\n\t\t\t\t<\/div>\n\t\t\t\t<div class=\"elementor-element elementor-element-64617e1 elementor-widget elementor-widget-google_maps\" data-id=\"64617e1\" data-element_type=\"widget\" data-e-type=\"widget\" data-widget_type=\"google_maps.default\">\n\t\t\t\t<div class=\"elementor-widget-container\">\n\t\t\t\t\t\t\t<div class=\"elementor-custom-embed\">\n\t\t\t<iframe loading=\"lazy\"\n\t\t\t\t\tsrc=\"https:\/\/maps.google.com\/maps?q=Passatge%20Ermessenda%20de%20Carcassona%2C%202B%2008221%20Terrassa%20%28Barcelona%29%20-%20Spain&#038;t=m&#038;z=17&#038;output=embed&#038;iwloc=near\"\n\t\t\t\t\ttitle=\"Passatge Ermessenda de Carcassona, 2B 08221 Terrassa (Barcelona) - Spain\"\n\t\t\t\t\taria-label=\"Passatge Ermessenda de Carcassona, 2B 08221 Terrassa (Barcelona) - Spain\"\n\t\t\t><\/iframe>\n\t\t<\/div>\n\t\t\t\t\t\t<\/div>\n\t\t\t\t<\/div>\n\t\t\t\t\t<\/div>\n\t\t<\/div>\n\t\t\t\t\t<\/div>\n\t\t<\/section>\n\t\t\t\t<\/div>\n\t\t","protected":false},"excerpt":{"rendered":"<p>Si deseas contactar con Plastidip Espa\u00f1a &#8211; Distribuidor de Vinilo L\u00edquido: &#8211; Nos encontramos en: Almacen: Passatge Ermessenda de Carcassona, 2B 08221 Terrassa (Barcelona) &#8211; Spain &#8211; Contacta con nosotros: Tel\u00e9fono de contacto: +34 93 783 30 36 &#8211; Nuestro Horario Comercial: Podr\u00e1s contactar con nosotros de Lunes a Viernes desde las 10:00 a las [&hellip;]<\/p>\n","protected":false},"author":1,"featured_media":0,"parent":0,"menu_order":99,"comment_status":"open","ping_status":"closed","template":"","meta":{"site-sidebar-layout":"no-sidebar","site-content-layout":"plain-container","ast-site-content-layout":"default","site-content-style":"default","site-sidebar-style":"default","ast-global-header-display":"","ast-banner-title-visibility":"","ast-main-header-display":"","ast-hfb-above-header-display":"","ast-hfb-below-header-display":"","ast-hfb-mobile-header-display":"","site-post-title":"","ast-breadcrumbs-content":"","ast-featured-img":"","footer-sml-layout":"","ast-disable-related-posts":"","theme-transparent-header-meta":"default","adv-header-id-meta":"","stick-header-meta":"","header-above-stick-meta":"","header-main-stick-meta":"","header-below-stick-meta":"","astra-migrate-meta-layouts":"default","ast-page-background-enabled":"default","ast-page-background-meta":{"desktop":{"background-color":"","background-image":"","background-repeat":"repeat","background-position":"center center","background-size":"auto","background-attachment":"scroll","background-type":"","background-media":"","overlay-type":"","overlay-color":"","overlay-opacity":"","overlay-gradient":""},"tablet":{"background-color":"","background-image":"","background-repeat":"repeat","background-position":"center center","background-size":"auto","background-attachment":"scroll","background-type":"","background-media":"","overlay-type":"","overlay-color":"","overlay-opacity":"","overlay-gradient":""},"mobile":{"background-color":"","background-image":"","background-repeat":"repeat","background-position":"center center","background-size":"auto","background-attachment":"scroll","background-type":"","background-media":"","overlay-type":"","overlay-color":"","overlay-opacity":"","overlay-gradient":""}},"ast-content-background-meta":{"desktop":{"background-color":"var(--ast-global-color-5)","background-image":"","background-repeat":"repeat","background-position":"center center","background-size":"auto","background-attachment":"scroll","background-type":"","background-media":"","overlay-type":"","overlay-color":"","overlay-opacity":"","overlay-gradient":""},"tablet":{"background-color":"var(--ast-global-color-5)","background-image":"","background-repeat":"repeat","background-position":"center center","background-size":"auto","background-attachment":"scroll","background-type":"","background-media":"","overlay-type":"","overlay-color":"","overlay-opacity":"","overlay-gradient":""},"mobile":{"background-color":"var(--ast-global-color-5)","background-image":"","background-repeat":"repeat","background-position":"center center","background-size":"auto","background-attachment":"scroll","background-type":"","background-media":"","overlay-type":"","overlay-color":"","overlay-opacity":"","overlay-gradient":""}},"footnotes":""},"class_list":["post-2","page","type-page","status-publish","hentry"],"yoast_head":"<!-- This site is optimized with the Yoast SEO plugin v27.4 - https:\/\/yoast.com\/product\/yoast-seo-wordpress\/ -->\n<title>Contactar con Plastidip Espa\u00f1a (Distribuidor de Vinilo l\u00edquido)<\/title>\n<meta name=\"description\" content=\"Contactar: Plastidip Espa\u00f1a - C\/ Colom 408, 2\u00ba Planta 08223 - Terrassa - Barcelona - Spain Telf: 937899921 (de L-V 10:00 a 14:00 y de 16:00 a 20:00)\" \/>\n<meta name=\"robots\" content=\"index, follow, max-snippet:-1, max-image-preview:large, max-video-preview:-1\" \/>\n<link rel=\"canonical\" href=\"https:\/\/www.plasti-dip.es\/vinilo-liquido\/contacto\/\" \/>\n<meta property=\"og:locale\" content=\"es_ES\" \/>\n<meta property=\"og:type\" content=\"article\" \/>\n<meta property=\"og:title\" content=\"Contactar con Plastidip Espa\u00f1a (Distribuidor de Vinilo l\u00edquido)\" \/>\n<meta property=\"og:description\" content=\"Contactar: Plastidip Espa\u00f1a - C\/ Colom 408, 2\u00ba Planta 08223 - Terrassa - Barcelona - Spain Telf: 937899921 (de L-V 10:00 a 14:00 y de 16:00 a 20:00)\" \/>\n<meta property=\"og:url\" content=\"https:\/\/www.plasti-dip.es\/vinilo-liquido\/contacto\/\" \/>\n<meta property=\"og:site_name\" content=\"Plastidip Espa\u00f1a\" \/>\n<meta property=\"article:publisher\" content=\"https:\/\/www.facebook.com\/trp.plastidip\/\" \/>\n<meta property=\"article:modified_time\" content=\"2022-11-04T12:00:29+00:00\" \/>\n<meta name=\"twitter:card\" content=\"summary_large_image\" \/>\n<meta name=\"twitter:label1\" content=\"Tiempo de lectura\" \/>\n\t<meta name=\"twitter:data1\" content=\"1 minuto\" \/>\n<!-- \/ Yoast SEO plugin. -->","yoast_head_json":{"title":"Contactar con Plastidip Espa\u00f1a (Distribuidor de Vinilo l\u00edquido)","description":"Contactar: Plastidip Espa\u00f1a - C\/ Colom 408, 2\u00ba Planta 08223 - Terrassa - Barcelona - Spain Telf: 937899921 (de L-V 10:00 a 14:00 y de 16:00 a 20:00)","robots":{"index":"index","follow":"follow","max-snippet":"max-snippet:-1","max-image-preview":"max-image-preview:large","max-video-preview":"max-video-preview:-1"},"canonical":"https:\/\/www.plasti-dip.es\/vinilo-liquido\/contacto\/","og_locale":"es_ES","og_type":"article","og_title":"Contactar con Plastidip Espa\u00f1a (Distribuidor de Vinilo l\u00edquido)","og_description":"Contactar: Plastidip Espa\u00f1a - C\/ Colom 408, 2\u00ba Planta 08223 - Terrassa - Barcelona - Spain Telf: 937899921 (de L-V 10:00 a 14:00 y de 16:00 a 20:00)","og_url":"https:\/\/www.plasti-dip.es\/vinilo-liquido\/contacto\/","og_site_name":"Plastidip Espa\u00f1a","article_publisher":"https:\/\/www.facebook.com\/trp.plastidip\/","article_modified_time":"2022-11-04T12:00:29+00:00","twitter_card":"summary_large_image","twitter_misc":{"Tiempo de lectura":"1 minuto"},"schema":{"@context":"https:\/\/schema.org","@graph":[{"@type":"WebPage","@id":"https:\/\/www.plasti-dip.es\/vinilo-liquido\/contacto\/","url":"https:\/\/www.plasti-dip.es\/vinilo-liquido\/contacto\/","name":"Contactar con Plastidip Espa\u00f1a (Distribuidor de Vinilo l\u00edquido)","isPartOf":{"@id":"https:\/\/www.plasti-dip.es\/vinilo-liquido\/#website"},"datePublished":"2014-07-21T15:27:08+00:00","dateModified":"2022-11-04T12:00:29+00:00","description":"Contactar: Plastidip Espa\u00f1a - C\/ Colom 408, 2\u00ba Planta 08223 - Terrassa - Barcelona - Spain Telf: 937899921 (de L-V 10:00 a 14:00 y de 16:00 a 20:00)","breadcrumb":{"@id":"https:\/\/www.plasti-dip.es\/vinilo-liquido\/contacto\/#breadcrumb"},"inLanguage":"es","potentialAction":[{"@type":"ReadAction","target":["https:\/\/www.plasti-dip.es\/vinilo-liquido\/contacto\/"]}]},{"@type":"BreadcrumbList","@id":"https:\/\/www.plasti-dip.es\/vinilo-liquido\/contacto\/#breadcrumb","itemListElement":[{"@type":"ListItem","position":1,"name":"Home","item":"https:\/\/www.plasti-dip.es\/vinilo-liquido\/"},{"@type":"ListItem","position":2,"name":"Contacto"}]},{"@type":"WebSite","@id":"https:\/\/www.plasti-dip.es\/vinilo-liquido\/#website","url":"https:\/\/www.plasti-dip.es\/vinilo-liquido\/","name":"Plastidip Espa\u00f1a","description":"Vinilo l\u00edquido Plastidip - Impresionantemente vers\u00e1til, Removible, Aislante, Impermeable, Antideslizante","publisher":{"@id":"https:\/\/www.plasti-dip.es\/vinilo-liquido\/#organization"},"potentialAction":[{"@type":"SearchAction","target":{"@type":"EntryPoint","urlTemplate":"https:\/\/www.plasti-dip.es\/vinilo-liquido\/?s={search_term_string}"},"query-input":{"@type":"PropertyValueSpecification","valueRequired":true,"valueName":"search_term_string"}}],"inLanguage":"es"},{"@type":"Organization","@id":"https:\/\/www.plasti-dip.es\/vinilo-liquido\/#organization","name":"Plastidip Espa\u00f1a - Technical Racing Products S.L.","url":"https:\/\/www.plasti-dip.es\/vinilo-liquido\/","logo":{"@type":"ImageObject","inLanguage":"es","@id":"https:\/\/www.plasti-dip.es\/vinilo-liquido\/#\/schema\/logo\/image\/","url":"https:\/\/www.plasti-dip.es\/vinilo-liquido\/wp-content\/uploads\/2016\/10\/cropped-Plasti-Dip-Logo.png","contentUrl":"https:\/\/www.plasti-dip.es\/vinilo-liquido\/wp-content\/uploads\/2016\/10\/cropped-Plasti-Dip-Logo.png","width":484,"height":110,"caption":"Plastidip Espa\u00f1a - Technical Racing Products S.L."},"image":{"@id":"https:\/\/www.plasti-dip.es\/vinilo-liquido\/#\/schema\/logo\/image\/"},"sameAs":["https:\/\/www.facebook.com\/trp.plastidip\/","https:\/\/www.youtube.com\/user\/minizchannel"]}]}},"amp_enabled":true,"_links":{"self":[{"href":"https:\/\/www.plasti-dip.es\/vinilo-liquido\/wp-json\/wp\/v2\/pages\/2","targetHints":{"allow":["GET"]}}],"collection":[{"href":"https:\/\/www.plasti-dip.es\/vinilo-liquido\/wp-json\/wp\/v2\/pages"}],"about":[{"href":"https:\/\/www.plasti-dip.es\/vinilo-liquido\/wp-json\/wp\/v2\/types\/page"}],"author":[{"embeddable":true,"href":"https:\/\/www.plasti-dip.es\/vinilo-liquido\/wp-json\/wp\/v2\/users\/1"}],"replies":[{"embeddable":true,"href":"https:\/\/www.plasti-dip.es\/vinilo-liquido\/wp-json\/wp\/v2\/comments?post=2"}],"version-history":[{"count":1,"href":"https:\/\/www.plasti-dip.es\/vinilo-liquido\/wp-json\/wp\/v2\/pages\/2\/revisions"}],"predecessor-version":[{"id":15143,"href":"https:\/\/www.plasti-dip.es\/vinilo-liquido\/wp-json\/wp\/v2\/pages\/2\/revisions\/15143"}],"wp:attachment":[{"href":"https:\/\/www.plasti-dip.es\/vinilo-liquido\/wp-json\/wp\/v2\/media?parent=2"}],"curies":[{"name":"wp","href":"https:\/\/api.w.org\/{rel}","templated":true}]}}