{"id":3065,"date":"2019-05-08T16:56:02","date_gmt":"2019-05-08T14:56:02","guid":{"rendered":"https:\/\/www.plasti-dip.es\/vinilo-liquido\/?page_id=3065"},"modified":"2021-05-14T11:29:33","modified_gmt":"2021-05-14T09:29:33","slug":"sobre-nosotros","status":"publish","type":"page","link":"https:\/\/www.plasti-dip.es\/vinilo-liquido\/sobre-nosotros\/","title":{"rendered":"Sobre nosotros"},"content":{"rendered":"\t\t<div data-elementor-type=\"wp-post\" data-elementor-id=\"3065\" class=\"elementor elementor-3065\" data-elementor-post-type=\"page\">\n\t\t\t\t\t\t<section class=\"elementor-section elementor-top-section elementor-element elementor-element-77f1507 elementor-section-boxed elementor-section-height-default elementor-section-height-default\" data-id=\"77f1507\" data-element_type=\"section\" data-e-type=\"section\">\n\t\t\t\t\t\t<div class=\"elementor-container elementor-column-gap-default\">\n\t\t\t\t\t<div class=\"elementor-column elementor-col-100 elementor-top-column elementor-element elementor-element-9a14aef\" data-id=\"9a14aef\" data-element_type=\"column\" data-e-type=\"column\">\n\t\t\t<div class=\"elementor-widget-wrap elementor-element-populated\">\n\t\t\t\t\t\t<div class=\"elementor-element elementor-element-70a3ca7 elementor-widget elementor-widget-spacer\" data-id=\"70a3ca7\" data-element_type=\"widget\" data-e-type=\"widget\" data-widget_type=\"spacer.default\">\n\t\t\t\t<div class=\"elementor-widget-container\">\n\t\t\t\t\t\t\t<div class=\"elementor-spacer\">\n\t\t\t<div class=\"elementor-spacer-inner\"><\/div>\n\t\t<\/div>\n\t\t\t\t\t\t<\/div>\n\t\t\t\t<\/div>\n\t\t\t\t<div class=\"elementor-element elementor-element-d901294 elementor-widget elementor-widget-heading\" data-id=\"d901294\" data-element_type=\"widget\" data-e-type=\"widget\" data-widget_type=\"heading.default\">\n\t\t\t\t<div class=\"elementor-widget-container\">\n\t\t\t\t\t<h1 class=\"elementor-heading-title elementor-size-default\">ACERCA DE NOSOTROS<\/h1>\t\t\t\t<\/div>\n\t\t\t\t<\/div>\n\t\t\t\t<div class=\"elementor-element elementor-element-2bf4847 elementor-widget elementor-widget-spacer\" data-id=\"2bf4847\" data-element_type=\"widget\" data-e-type=\"widget\" data-widget_type=\"spacer.default\">\n\t\t\t\t<div class=\"elementor-widget-container\">\n\t\t\t\t\t\t\t<div class=\"elementor-spacer\">\n\t\t\t<div class=\"elementor-spacer-inner\"><\/div>\n\t\t<\/div>\n\t\t\t\t\t\t<\/div>\n\t\t\t\t<\/div>\n\t\t\t\t<div class=\"elementor-element elementor-element-74a97ba elementor-widget elementor-widget-text-editor\" data-id=\"74a97ba\" data-element_type=\"widget\" data-e-type=\"widget\" data-widget_type=\"text-editor.default\">\n\t\t\t\t<div class=\"elementor-widget-container\">\n\t\t\t\t\t\t\t\t\t<div class=\"contentContainer\">\n<div id=\"mj-content\">Que es Plasti Dip? La pintura Plasti Dip tiene infinitos usos y aplicaciones, ya que se trata de un revestimiento de goma protectora v\u00e1lido para todas las superficies. Podemos aplicar la pintura Plasti Dip o bien por inmersi\u00f3n (sumergiendo el art\u00edculo a impermeabilizar dentro del mismo bote de pintura, o bien mediante una brocha, o tambi\u00e9n por pulverizaci\u00f3n (una vez diluido, THINNER). Aunque habitualmente este tipo de productos son de uso profesional, la pintura Plasti Dip, dada su facilidad de aplicaci\u00f3n y su multitud de usos posibles, se comercializa en formato \u201cdom\u00e9stico\u201d para que todos podamos realizar nuestros trabajos de bricolaje con un acabado excepcional. Tanto para trabajos en distintas zonas de la casa, como la cocina, el ba\u00f1o, la escalera, etc., como en garajes, en jardines, en talleres de mec\u00e1nica, o tambi\u00e9n para trabajos espec\u00edficos en el campo de la electr\u00f3nica, en el \u00e1mbito del modelismo, en el sector de la n\u00e1utica, o en el mundo de la personalizaci\u00f3n de autom\u00f3viles y motocicletas, el Plasti Dip es la soluci\u00f3n perfecta y duradera a muchos retos y problemas. La pintura Plasti Dip, una vez seca, se convierte en una funda de goma ajustada, adherida al objeto sobre el que la hemos aplicado. Seca en unos 20 min. y nos sirve como revestimiento protector muy resistente a la humedad, a \u00e1cidos, a la abrasi\u00f3n, a la corrosi\u00f3n, al arrastre y al deslizamiento. La pintura Plasti Dip permanece flexible y el\u00e1stica con el paso del tiempo, y ni se agrieta ni se vuelve fr\u00e1gil cuando es expuesta a condiciones meteorol\u00f3gicas extremas. Una vez haya cumplido su uso y queramos quitarlo, la pintura Plasti Dip no dejar\u00e1 ning\u00fan rastro sobre el objeto al que se la hayamos aplicado. Este producto no contiene silicona.\n\n\n<\/div>\n<\/div>\t\t\t\t\t\t\t\t<\/div>\n\t\t\t\t<\/div>\n\t\t\t\t<div class=\"elementor-element elementor-element-4d8ce7e elementor-widget elementor-widget-spacer\" data-id=\"4d8ce7e\" data-element_type=\"widget\" data-e-type=\"widget\" data-widget_type=\"spacer.default\">\n\t\t\t\t<div class=\"elementor-widget-container\">\n\t\t\t\t\t\t\t<div class=\"elementor-spacer\">\n\t\t\t<div class=\"elementor-spacer-inner\"><\/div>\n\t\t<\/div>\n\t\t\t\t\t\t<\/div>\n\t\t\t\t<\/div>\n\t\t\t\t<div class=\"elementor-element elementor-element-b3de0a0 elementor-widget elementor-widget-heading\" data-id=\"b3de0a0\" data-element_type=\"widget\" data-e-type=\"widget\" data-widget_type=\"heading.default\">\n\t\t\t\t<div class=\"elementor-widget-container\">\n\t\t\t\t\t<h2 class=\"elementor-heading-title elementor-size-default\">NUESTRO EQUIPO<\/h2>\t\t\t\t<\/div>\n\t\t\t\t<\/div>\n\t\t\t\t<div class=\"elementor-element elementor-element-37c1217 elementor-widget elementor-widget-text-editor\" data-id=\"37c1217\" data-element_type=\"widget\" data-e-type=\"widget\" data-widget_type=\"text-editor.default\">\n\t\t\t\t<div class=\"elementor-widget-container\">\n\t\t\t\t\t\t\t\t\t<p>Disponemos de todo un equipo de profesionales cualificados para poder responder a cualquiera de sus necesidades,preguntas, o informaci\u00f3n sobre neustros productos y servicios.<\/p>\t\t\t\t\t\t\t\t<\/div>\n\t\t\t\t<\/div>\n\t\t\t\t<section class=\"elementor-section elementor-inner-section elementor-element elementor-element-baa4af5 elementor-section-boxed elementor-section-height-default elementor-section-height-default\" data-id=\"baa4af5\" data-element_type=\"section\" data-e-type=\"section\">\n\t\t\t\t\t\t<div class=\"elementor-container elementor-column-gap-default\">\n\t\t\t\t\t<div class=\"elementor-column elementor-col-50 elementor-inner-column elementor-element elementor-element-5c3e00c\" data-id=\"5c3e00c\" data-element_type=\"column\" data-e-type=\"column\">\n\t\t\t<div class=\"elementor-widget-wrap elementor-element-populated\">\n\t\t\t\t\t\t<div class=\"elementor-element elementor-element-04b0ad8 elementor-widget elementor-widget-heading\" data-id=\"04b0ad8\" data-element_type=\"widget\" data-e-type=\"widget\" data-widget_type=\"heading.default\">\n\t\t\t\t<div class=\"elementor-widget-container\">\n\t\t\t\t\t<h2 class=\"elementor-heading-title elementor-size-default\">DAVID<\/h2>\t\t\t\t<\/div>\n\t\t\t\t<\/div>\n\t\t\t\t\t<\/div>\n\t\t<\/div>\n\t\t\t\t<div class=\"elementor-column elementor-col-50 elementor-inner-column elementor-element elementor-element-2d5a484\" data-id=\"2d5a484\" data-element_type=\"column\" data-e-type=\"column\">\n\t\t\t<div class=\"elementor-widget-wrap elementor-element-populated\">\n\t\t\t\t\t\t<div class=\"elementor-element elementor-element-9acf094 elementor-widget elementor-widget-heading\" data-id=\"9acf094\" data-element_type=\"widget\" data-e-type=\"widget\" data-widget_type=\"heading.default\">\n\t\t\t\t<div class=\"elementor-widget-container\">\n\t\t\t\t\t<h2 class=\"elementor-heading-title elementor-size-default\">LAURA<\/h2>\t\t\t\t<\/div>\n\t\t\t\t<\/div>\n\t\t\t\t\t<\/div>\n\t\t<\/div>\n\t\t\t\t\t<\/div>\n\t\t<\/section>\n\t\t\t\t<section class=\"elementor-section elementor-inner-section elementor-element elementor-element-c459609 elementor-section-boxed elementor-section-height-default elementor-section-height-default\" data-id=\"c459609\" data-element_type=\"section\" data-e-type=\"section\">\n\t\t\t\t\t\t<div class=\"elementor-container elementor-column-gap-default\">\n\t\t\t\t\t<div class=\"elementor-column elementor-col-50 elementor-inner-column elementor-element elementor-element-24b559e\" data-id=\"24b559e\" data-element_type=\"column\" data-e-type=\"column\">\n\t\t\t<div class=\"elementor-widget-wrap elementor-element-populated\">\n\t\t\t\t\t\t<div class=\"elementor-element elementor-element-736b922 elementor-widget elementor-widget-text-editor\" data-id=\"736b922\" data-element_type=\"widget\" data-e-type=\"widget\" data-widget_type=\"text-editor.default\">\n\t\t\t\t<div class=\"elementor-widget-container\">\n\t\t\t\t\t\t\t\t\t<p>En el departamento de atenci\u00f3n al cliente, contestar\u00e1 todas las preguntas telef\u00f3nicas que tengais, podeis hablar con el para pasar cualquier pedido telef\u00f3nico o asesoramiento t\u00e9cnico del proceso de pintado.<\/p>\t\t\t\t\t\t\t\t<\/div>\n\t\t\t\t<\/div>\n\t\t\t\t\t<\/div>\n\t\t<\/div>\n\t\t\t\t<div class=\"elementor-column elementor-col-50 elementor-inner-column elementor-element elementor-element-ae1d50d\" data-id=\"ae1d50d\" data-element_type=\"column\" data-e-type=\"column\">\n\t\t\t<div class=\"elementor-widget-wrap elementor-element-populated\">\n\t\t\t\t\t\t<div class=\"elementor-element elementor-element-ad84b1a elementor-widget elementor-widget-text-editor\" data-id=\"ad84b1a\" data-element_type=\"widget\" data-e-type=\"widget\" data-widget_type=\"text-editor.default\">\n\t\t\t\t<div class=\"elementor-widget-container\">\n\t\t\t\t\t\t\t\t\t<p>Responsable de la are a de log\u00edstica, atendera cualquier duda o reclamaci\u00f3n sobre el envio de sus pedidos o seguimiento de los mismos.<\/p>\t\t\t\t\t\t\t\t<\/div>\n\t\t\t\t<\/div>\n\t\t\t\t\t<\/div>\n\t\t<\/div>\n\t\t\t\t\t<\/div>\n\t\t<\/section>\n\t\t\t\t<section class=\"elementor-section elementor-inner-section elementor-element elementor-element-37b9048 elementor-section-boxed elementor-section-height-default elementor-section-height-default\" data-id=\"37b9048\" data-element_type=\"section\" data-e-type=\"section\">\n\t\t\t\t\t\t<div class=\"elementor-container elementor-column-gap-default\">\n\t\t\t\t\t<div class=\"elementor-column elementor-col-50 elementor-inner-column elementor-element elementor-element-3691b73\" data-id=\"3691b73\" data-element_type=\"column\" data-e-type=\"column\">\n\t\t\t<div class=\"elementor-widget-wrap elementor-element-populated\">\n\t\t\t\t\t\t<div class=\"elementor-element elementor-element-2931f49 elementor-widget elementor-widget-heading\" data-id=\"2931f49\" data-element_type=\"widget\" data-e-type=\"widget\" data-widget_type=\"heading.default\">\n\t\t\t\t<div class=\"elementor-widget-container\">\n\t\t\t\t\t<h2 class=\"elementor-heading-title elementor-size-default\">IVAN<\/h2>\t\t\t\t<\/div>\n\t\t\t\t<\/div>\n\t\t\t\t\t<\/div>\n\t\t<\/div>\n\t\t\t\t<div class=\"elementor-column elementor-col-50 elementor-inner-column elementor-element elementor-element-3f23408\" data-id=\"3f23408\" data-element_type=\"column\" data-e-type=\"column\">\n\t\t\t<div class=\"elementor-widget-wrap elementor-element-populated\">\n\t\t\t\t\t\t<div class=\"elementor-element elementor-element-94a64d1 elementor-widget elementor-widget-heading\" data-id=\"94a64d1\" data-element_type=\"widget\" data-e-type=\"widget\" data-widget_type=\"heading.default\">\n\t\t\t\t<div class=\"elementor-widget-container\">\n\t\t\t\t\t<h2 class=\"elementor-heading-title elementor-size-default\">ALEX<\/h2>\t\t\t\t<\/div>\n\t\t\t\t<\/div>\n\t\t\t\t\t<\/div>\n\t\t<\/div>\n\t\t\t\t\t<\/div>\n\t\t<\/section>\n\t\t\t\t<section class=\"elementor-section elementor-inner-section elementor-element elementor-element-e811ac4 elementor-section-boxed elementor-section-height-default elementor-section-height-default\" data-id=\"e811ac4\" data-element_type=\"section\" data-e-type=\"section\">\n\t\t\t\t\t\t<div class=\"elementor-container elementor-column-gap-default\">\n\t\t\t\t\t<div class=\"elementor-column elementor-col-50 elementor-inner-column elementor-element elementor-element-155e4b6\" data-id=\"155e4b6\" data-element_type=\"column\" data-e-type=\"column\">\n\t\t\t<div class=\"elementor-widget-wrap elementor-element-populated\">\n\t\t\t\t\t\t<div class=\"elementor-element elementor-element-61683bd elementor-widget elementor-widget-text-editor\" data-id=\"61683bd\" data-element_type=\"widget\" data-e-type=\"widget\" data-widget_type=\"text-editor.default\">\n\t\t\t\t<div class=\"elementor-widget-container\">\n\t\t\t\t\t\t\t\t\t<p>Responsable del area de dise\u00f1o de la p\u00e1gina web y responsable del la area de branding e imagen corporativa.<\/p>\t\t\t\t\t\t\t\t<\/div>\n\t\t\t\t<\/div>\n\t\t\t\t\t<\/div>\n\t\t<\/div>\n\t\t\t\t<div class=\"elementor-column elementor-col-50 elementor-inner-column elementor-element elementor-element-e732036\" data-id=\"e732036\" data-element_type=\"column\" data-e-type=\"column\">\n\t\t\t<div class=\"elementor-widget-wrap elementor-element-populated\">\n\t\t\t\t\t\t<div class=\"elementor-element elementor-element-074853e elementor-widget elementor-widget-text-editor\" data-id=\"074853e\" data-element_type=\"widget\" data-e-type=\"widget\" data-widget_type=\"text-editor.default\">\n\t\t\t\t<div class=\"elementor-widget-container\">\n\t\t\t\t\t\t\t\t\t<p>Responsable del area de administraci\u00f3n y gerencia.<\/p>\t\t\t\t\t\t\t\t<\/div>\n\t\t\t\t<\/div>\n\t\t\t\t\t<\/div>\n\t\t<\/div>\n\t\t\t\t\t<\/div>\n\t\t<\/section>\n\t\t\t\t\t<\/div>\n\t\t<\/div>\n\t\t\t\t\t<\/div>\n\t\t<\/section>\n\t\t\t\t<\/div>\n\t\t","protected":false},"excerpt":{"rendered":"<p>ACERCA DE NOSOTROS Que es Plasti Dip? La pintura Plasti Dip tiene infinitos usos y aplicaciones, ya que se trata de un revestimiento de goma protectora v\u00e1lido para todas las superficies. Podemos aplicar la pintura Plasti Dip o bien por inmersi\u00f3n (sumergiendo el art\u00edculo a impermeabilizar dentro del mismo bote de pintura, o bien mediante [&hellip;]<\/p>\n","protected":false},"author":1,"featured_media":0,"parent":0,"menu_order":0,"comment_status":"closed","ping_status":"closed","template":"","meta":{"site-sidebar-layout":"no-sidebar","site-content-layout":"page-builder","ast-site-content-layout":"default","site-content-style":"default","site-sidebar-style":"default","ast-global-header-display":"","ast-banner-title-visibility":"","ast-main-header-display":"","ast-hfb-above-header-display":"","ast-hfb-below-header-display":"","ast-hfb-mobile-header-display":"","site-post-title":"disabled","ast-breadcrumbs-content":"","ast-featured-img":"disabled","footer-sml-layout":"","ast-disable-related-posts":"","theme-transparent-header-meta":"default","adv-header-id-meta":"","stick-header-meta":"","header-above-stick-meta":"","header-main-stick-meta":"","header-below-stick-meta":"","astra-migrate-meta-layouts":"default","ast-page-background-enabled":"default","ast-page-background-meta":{"desktop":{"background-color":"","background-image":"","background-repeat":"repeat","background-position":"center center","background-size":"auto","background-attachment":"scroll","background-type":"","background-media":"","overlay-type":"","overlay-color":"","overlay-opacity":"","overlay-gradient":""},"tablet":{"background-color":"","background-image":"","background-repeat":"repeat","background-position":"center center","background-size":"auto","background-attachment":"scroll","background-type":"","background-media":"","overlay-type":"","overlay-color":"","overlay-opacity":"","overlay-gradient":""},"mobile":{"background-color":"","background-image":"","background-repeat":"repeat","background-position":"center center","background-size":"auto","background-attachment":"scroll","background-type":"","background-media":"","overlay-type":"","overlay-color":"","overlay-opacity":"","overlay-gradient":""}},"ast-content-background-meta":{"desktop":{"background-color":"var(--ast-global-color-5)","background-image":"","background-repeat":"repeat","background-position":"center center","background-size":"auto","background-attachment":"scroll","background-type":"","background-media":"","overlay-type":"","overlay-color":"","overlay-opacity":"","overlay-gradient":""},"tablet":{"background-color":"var(--ast-global-color-5)","background-image":"","background-repeat":"repeat","background-position":"center center","background-size":"auto","background-attachment":"scroll","background-type":"","background-media":"","overlay-type":"","overlay-color":"","overlay-opacity":"","overlay-gradient":""},"mobile":{"background-color":"var(--ast-global-color-5)","background-image":"","background-repeat":"repeat","background-position":"center center","background-size":"auto","background-attachment":"scroll","background-type":"","background-media":"","overlay-type":"","overlay-color":"","overlay-opacity":"","overlay-gradient":""}},"footnotes":""},"class_list":["post-3065","page","type-page","status-publish","hentry"],"yoast_head":"<!-- This site is optimized with the Yoast SEO plugin v27.2 - https:\/\/yoast.com\/product\/yoast-seo-wordpress\/ -->\n<title>Plastidip Espa\u00f1a<\/title>\n<meta name=\"description\" content=\"La pintura Plasti Dip tiene infinitos usos y aplicaciones, ya que se trata de un revestimiento de goma protectora v\u00e1lido para todas las superficies.\" \/>\n<meta name=\"robots\" content=\"index, follow, max-snippet:-1, max-image-preview:large, max-video-preview:-1\" \/>\n<link rel=\"canonical\" href=\"https:\/\/www.plasti-dip.es\/vinilo-liquido\/sobre-nosotros\/\" \/>\n<meta property=\"og:locale\" content=\"es_ES\" \/>\n<meta property=\"og:type\" content=\"article\" \/>\n<meta property=\"og:title\" content=\"Plastidip Espa\u00f1a\" \/>\n<meta property=\"og:description\" content=\"La pintura Plasti Dip tiene infinitos usos y aplicaciones, ya que se trata de un revestimiento de goma protectora v\u00e1lido para todas las superficies.\" \/>\n<meta property=\"og:url\" content=\"https:\/\/www.plasti-dip.es\/vinilo-liquido\/sobre-nosotros\/\" \/>\n<meta property=\"og:site_name\" content=\"Plastidip Espa\u00f1a\" \/>\n<meta property=\"article:publisher\" content=\"https:\/\/www.facebook.com\/trp.plastidip\/\" \/>\n<meta property=\"article:modified_time\" content=\"2021-05-14T09:29:33+00:00\" \/>\n<meta name=\"twitter:card\" content=\"summary_large_image\" \/>\n<meta name=\"twitter:label1\" content=\"Tiempo de lectura\" \/>\n\t<meta name=\"twitter:data1\" content=\"2 minutos\" \/>\n<!-- \/ Yoast SEO plugin. -->","yoast_head_json":{"title":"Plastidip Espa\u00f1a","description":"La pintura Plasti Dip tiene infinitos usos y aplicaciones, ya que se trata de un revestimiento de goma protectora v\u00e1lido para todas las superficies.","robots":{"index":"index","follow":"follow","max-snippet":"max-snippet:-1","max-image-preview":"max-image-preview:large","max-video-preview":"max-video-preview:-1"},"canonical":"https:\/\/www.plasti-dip.es\/vinilo-liquido\/sobre-nosotros\/","og_locale":"es_ES","og_type":"article","og_title":"Plastidip Espa\u00f1a","og_description":"La pintura Plasti Dip tiene infinitos usos y aplicaciones, ya que se trata de un revestimiento de goma protectora v\u00e1lido para todas las superficies.","og_url":"https:\/\/www.plasti-dip.es\/vinilo-liquido\/sobre-nosotros\/","og_site_name":"Plastidip Espa\u00f1a","article_publisher":"https:\/\/www.facebook.com\/trp.plastidip\/","article_modified_time":"2021-05-14T09:29:33+00:00","twitter_card":"summary_large_image","twitter_misc":{"Tiempo de lectura":"2 minutos"},"schema":{"@context":"https:\/\/schema.org","@graph":[{"@type":"WebPage","@id":"https:\/\/www.plasti-dip.es\/vinilo-liquido\/sobre-nosotros\/","url":"https:\/\/www.plasti-dip.es\/vinilo-liquido\/sobre-nosotros\/","name":"Plastidip Espa\u00f1a","isPartOf":{"@id":"https:\/\/www.plasti-dip.es\/vinilo-liquido\/#website"},"datePublished":"2019-05-08T14:56:02+00:00","dateModified":"2021-05-14T09:29:33+00:00","description":"La pintura Plasti Dip tiene infinitos usos y aplicaciones, ya que se trata de un revestimiento de goma protectora v\u00e1lido para todas las superficies.","breadcrumb":{"@id":"https:\/\/www.plasti-dip.es\/vinilo-liquido\/sobre-nosotros\/#breadcrumb"},"inLanguage":"es","potentialAction":[{"@type":"ReadAction","target":["https:\/\/www.plasti-dip.es\/vinilo-liquido\/sobre-nosotros\/"]}]},{"@type":"BreadcrumbList","@id":"https:\/\/www.plasti-dip.es\/vinilo-liquido\/sobre-nosotros\/#breadcrumb","itemListElement":[{"@type":"ListItem","position":1,"name":"Home","item":"https:\/\/www.plasti-dip.es\/vinilo-liquido\/"},{"@type":"ListItem","position":2,"name":"Sobre nosotros"}]},{"@type":"WebSite","@id":"https:\/\/www.plasti-dip.es\/vinilo-liquido\/#website","url":"https:\/\/www.plasti-dip.es\/vinilo-liquido\/","name":"Plastidip Espa\u00f1a","description":"Vinilo l\u00edquido Plastidip - Impresionantemente vers\u00e1til, Removible, Aislante, Impermeable, Antideslizante","publisher":{"@id":"https:\/\/www.plasti-dip.es\/vinilo-liquido\/#organization"},"potentialAction":[{"@type":"SearchAction","target":{"@type":"EntryPoint","urlTemplate":"https:\/\/www.plasti-dip.es\/vinilo-liquido\/?s={search_term_string}"},"query-input":{"@type":"PropertyValueSpecification","valueRequired":true,"valueName":"search_term_string"}}],"inLanguage":"es"},{"@type":"Organization","@id":"https:\/\/www.plasti-dip.es\/vinilo-liquido\/#organization","name":"Plastidip Espa\u00f1a - Technical Racing Products S.L.","url":"https:\/\/www.plasti-dip.es\/vinilo-liquido\/","logo":{"@type":"ImageObject","inLanguage":"es","@id":"https:\/\/www.plasti-dip.es\/vinilo-liquido\/#\/schema\/logo\/image\/","url":"https:\/\/www.plasti-dip.es\/vinilo-liquido\/wp-content\/uploads\/2016\/10\/cropped-Plasti-Dip-Logo.png","contentUrl":"https:\/\/www.plasti-dip.es\/vinilo-liquido\/wp-content\/uploads\/2016\/10\/cropped-Plasti-Dip-Logo.png","width":484,"height":110,"caption":"Plastidip Espa\u00f1a - Technical Racing Products S.L."},"image":{"@id":"https:\/\/www.plasti-dip.es\/vinilo-liquido\/#\/schema\/logo\/image\/"},"sameAs":["https:\/\/www.facebook.com\/trp.plastidip\/","https:\/\/www.youtube.com\/user\/minizchannel"]}]}},"amp_enabled":true,"_links":{"self":[{"href":"https:\/\/www.plasti-dip.es\/vinilo-liquido\/wp-json\/wp\/v2\/pages\/3065","targetHints":{"allow":["GET"]}}],"collection":[{"href":"https:\/\/www.plasti-dip.es\/vinilo-liquido\/wp-json\/wp\/v2\/pages"}],"about":[{"href":"https:\/\/www.plasti-dip.es\/vinilo-liquido\/wp-json\/wp\/v2\/types\/page"}],"author":[{"embeddable":true,"href":"https:\/\/www.plasti-dip.es\/vinilo-liquido\/wp-json\/wp\/v2\/users\/1"}],"replies":[{"embeddable":true,"href":"https:\/\/www.plasti-dip.es\/vinilo-liquido\/wp-json\/wp\/v2\/comments?post=3065"}],"version-history":[{"count":0,"href":"https:\/\/www.plasti-dip.es\/vinilo-liquido\/wp-json\/wp\/v2\/pages\/3065\/revisions"}],"wp:attachment":[{"href":"https:\/\/www.plasti-dip.es\/vinilo-liquido\/wp-json\/wp\/v2\/media?parent=3065"}],"curies":[{"name":"wp","href":"https:\/\/api.w.org\/{rel}","templated":true}]}}