{"id":3110,"date":"2019-05-08T18:42:00","date_gmt":"2019-05-08T16:42:00","guid":{"rendered":"https:\/\/www.plasti-dip.es\/vinilo-liquido\/?page_id=3110"},"modified":"2021-05-17T09:03:13","modified_gmt":"2021-05-17T07:03:13","slug":"politica-de-devoluciones","status":"publish","type":"page","link":"https:\/\/www.plasti-dip.es\/vinilo-liquido\/politica-de-devoluciones\/","title":{"rendered":"Pol\u00edtica de devoluciones"},"content":{"rendered":"\t\t<div data-elementor-type=\"wp-post\" data-elementor-id=\"3110\" class=\"elementor elementor-3110\" data-elementor-post-type=\"page\">\n\t\t\t\t\t\t<section class=\"elementor-section elementor-top-section elementor-element elementor-element-4d64ae7 elementor-section-boxed elementor-section-height-default elementor-section-height-default\" data-id=\"4d64ae7\" data-element_type=\"section\" data-e-type=\"section\">\n\t\t\t\t\t\t<div class=\"elementor-container elementor-column-gap-default\">\n\t\t\t\t\t<div class=\"elementor-column elementor-col-100 elementor-top-column elementor-element elementor-element-7b81013\" data-id=\"7b81013\" data-element_type=\"column\" data-e-type=\"column\">\n\t\t\t<div class=\"elementor-widget-wrap elementor-element-populated\">\n\t\t\t\t\t\t<div class=\"elementor-element elementor-element-b20ae24 elementor-widget elementor-widget-spacer\" data-id=\"b20ae24\" data-element_type=\"widget\" data-e-type=\"widget\" data-widget_type=\"spacer.default\">\n\t\t\t\t<div class=\"elementor-widget-container\">\n\t\t\t\t\t\t\t<div class=\"elementor-spacer\">\n\t\t\t<div class=\"elementor-spacer-inner\"><\/div>\n\t\t<\/div>\n\t\t\t\t\t\t<\/div>\n\t\t\t\t<\/div>\n\t\t\t\t<div class=\"elementor-element elementor-element-b84f9d1 elementor-widget elementor-widget-heading\" data-id=\"b84f9d1\" data-element_type=\"widget\" data-e-type=\"widget\" data-widget_type=\"heading.default\">\n\t\t\t\t<div class=\"elementor-widget-container\">\n\t\t\t\t\t<h1 class=\"elementor-heading-title elementor-size-default\">POL\u00cdTICA DE DEVOLUCIONES<\/h1>\t\t\t\t<\/div>\n\t\t\t\t<\/div>\n\t\t\t\t<div class=\"elementor-element elementor-element-970608c elementor-widget elementor-widget-spacer\" data-id=\"970608c\" data-element_type=\"widget\" data-e-type=\"widget\" data-widget_type=\"spacer.default\">\n\t\t\t\t<div class=\"elementor-widget-container\">\n\t\t\t\t\t\t\t<div class=\"elementor-spacer\">\n\t\t\t<div class=\"elementor-spacer-inner\"><\/div>\n\t\t<\/div>\n\t\t\t\t\t\t<\/div>\n\t\t\t\t<\/div>\n\t\t\t\t<div class=\"elementor-element elementor-element-0b4c7cd elementor-widget elementor-widget-heading\" data-id=\"0b4c7cd\" data-element_type=\"widget\" data-e-type=\"widget\" data-widget_type=\"heading.default\">\n\t\t\t\t<div class=\"elementor-widget-container\">\n\t\t\t\t\t<h2 class=\"elementor-heading-title elementor-size-default\">RMA: PROCESO DE DEVOLUCI\u00d3N POR DEFECTO DEL PRODUCTO<\/h2>\t\t\t\t<\/div>\n\t\t\t\t<\/div>\n\t\t\t\t<div class=\"elementor-element elementor-element-eef72f3 elementor-widget elementor-widget-text-editor\" data-id=\"eef72f3\" data-element_type=\"widget\" data-e-type=\"widget\" data-widget_type=\"text-editor.default\">\n\t\t\t\t<div class=\"elementor-widget-container\">\n\t\t\t\t\t\t\t\t\t<ul>\n \t<li>Todo proceso de devoluci\u00f3n ha de ser efectuada mediante el envio del formulario RMA y con su etiqueta RMA que m\u00e1s abajo pueden descargarse.<\/li>\n \t<li>Las devoluciones podran realizarse dentro de los 7 dias siguientes a la recepci\u00f3n del pedido.<\/br><\/br><b>Que se puede devolver?<\/b><\/li>\n \t<li>Productos defectuosos: En este caso nos encargamos de todo el proceso de recogida y sustitucion de los productos defectuosos a nuestro cargo. Les enviamos nuestra agencia. Los productos seran inspeccionados por nuestro departamento t\u00e9cnico y analizaran el defecto, si el producto es defectuoso se repondra el producto sin coste alguno para el cliente. Si el producto se detecta como en buen estado y no presenta defecto alguno los costes de devoluci\u00f3n ser\u00e1n a cargo del cliente o comprador.<\/li>\n \t<li>Productos que no ha utilizado o que he comprado por error: En este caso la devoluci\u00f3n se realizara por parte del cliente y los portes de ida no seran abonados.<\/li>\n \t<li>Productos fuera de plazo: Los productos que sean devueltos fuera de plazo, se analizar\u00e1n y pueden ser abonados mediente cupones de descuento para pr\u00f3ximas compras a criterio de nuestro departamento t\u00e9cnico.\nTodas la devoluciones sean del tipo que sean deber\u00e1n ir acompa\u00f1adas siempre de una copia del tiket o factura del vendedor, del formulario RMA asi como de la etiqueta identificativa en el paquete.<\/li>\n \t<li>Aqu\u00ed tiene los documentos necesarios para el RMA. El formulario y la etiqueta para cuando nos mandes el paquete. De todas formas agradeceriamos te pusieras en contacto con nosotros para evitar posibles confusiones.<\/li>\n<\/ul>\t\t\t\t\t\t\t\t<\/div>\n\t\t\t\t<\/div>\n\t\t\t\t<div class=\"elementor-element elementor-element-0656cc1 elementor-widget elementor-widget-image\" data-id=\"0656cc1\" data-element_type=\"widget\" data-e-type=\"widget\" data-widget_type=\"image.default\">\n\t\t\t\t<div class=\"elementor-widget-container\">\n\t\t\t\t\t\t\t\t\t\t\t\t\t\t\t\t<a href=\"https:\/\/www.plasti-dip.es\/images\/rma\/formulario-rma.gif\">\n\t\t\t\t\t\t\t<img fetchpriority=\"high\" decoding=\"async\" width=\"724\" height=\"1024\" src=\"https:\/\/www.plasti-dip.es\/vinilo-liquido\/wp-content\/uploads\/2019\/05\/formulario-rma-724x1024.gif\" class=\"attachment-large size-large wp-image-3111\" alt=\"formulario-rma-plasti-dip\" srcset=\"https:\/\/www.plasti-dip.es\/vinilo-liquido\/wp-content\/uploads\/2019\/05\/formulario-rma-724x1024.gif 724w, https:\/\/www.plasti-dip.es\/vinilo-liquido\/wp-content\/uploads\/2019\/05\/formulario-rma-300x424.gif 300w, https:\/\/www.plasti-dip.es\/vinilo-liquido\/wp-content\/uploads\/2019\/05\/formulario-rma-600x849.gif 600w, https:\/\/www.plasti-dip.es\/vinilo-liquido\/wp-content\/uploads\/2019\/05\/formulario-rma-64x91.gif 64w, https:\/\/www.plasti-dip.es\/vinilo-liquido\/wp-content\/uploads\/2019\/05\/formulario-rma-212x300.gif 212w, https:\/\/www.plasti-dip.es\/vinilo-liquido\/wp-content\/uploads\/2019\/05\/formulario-rma-768x1086.gif 768w\" sizes=\"(max-width: 724px) 100vw, 724px\" \/>\t\t\t\t\t\t\t\t<\/a>\n\t\t\t\t\t\t\t\t\t\t\t\t\t\t\t<\/div>\n\t\t\t\t<\/div>\n\t\t\t\t<div class=\"elementor-element elementor-element-5365047 elementor-widget elementor-widget-spacer\" data-id=\"5365047\" data-element_type=\"widget\" data-e-type=\"widget\" data-widget_type=\"spacer.default\">\n\t\t\t\t<div class=\"elementor-widget-container\">\n\t\t\t\t\t\t\t<div class=\"elementor-spacer\">\n\t\t\t<div class=\"elementor-spacer-inner\"><\/div>\n\t\t<\/div>\n\t\t\t\t\t\t<\/div>\n\t\t\t\t<\/div>\n\t\t\t\t<div class=\"elementor-element elementor-element-4896ed3 elementor-widget elementor-widget-heading\" data-id=\"4896ed3\" data-element_type=\"widget\" data-e-type=\"widget\" data-widget_type=\"heading.default\">\n\t\t\t\t<div class=\"elementor-widget-container\">\n\t\t\t\t\t<h2 class=\"elementor-heading-title elementor-size-default\"><a href=\"https:\/\/www.plasti-dip.es\/images\/rma\/formulario-rma.gif\">FORMULARIO RMA<\/a><\/h2>\t\t\t\t<\/div>\n\t\t\t\t<\/div>\n\t\t\t\t<div class=\"elementor-element elementor-element-441b630 elementor-widget elementor-widget-text-editor\" data-id=\"441b630\" data-element_type=\"widget\" data-e-type=\"widget\" data-widget_type=\"text-editor.default\">\n\t\t\t\t<div class=\"elementor-widget-container\">\n\t\t\t\t\t\t\t\t\tDeber\u00e1s imprimir el formulario y rellenar los tres primeros bloques a mano, y enviarnoslo v\u00edal email info@plasti-dip.es.\nEn el primer bloque rellena tus datos personales, el n\u00famero de factura y tu contacto.\nEn el segundo bloque, una breve explicaci\u00f3n del motivo de la devoluci\u00f3n, lo m\u00e1s ajustada posible.\nEn el tercer bloque, el horario de recogida (con un margen de 5 horas, en el caso de una devoluci\u00f3n por producto defectuoso). Los dem\u00e1s campos son para la entrega. Si son los mismos datos que en los de facturaci\u00f3n, marca la casilla \u263aSI. \t\t\t\t\t\t\t\t<\/div>\n\t\t\t\t<\/div>\n\t\t\t\t<div class=\"elementor-element elementor-element-1582a64 elementor-widget elementor-widget-image\" data-id=\"1582a64\" data-element_type=\"widget\" data-e-type=\"widget\" data-widget_type=\"image.default\">\n\t\t\t\t<div class=\"elementor-widget-container\">\n\t\t\t\t\t\t\t\t\t\t\t\t\t\t\t\t<a href=\"https:\/\/www.plasti-dip.es\/images\/rma\/etiqueta-rma.gif\">\n\t\t\t\t\t\t\t<img decoding=\"async\" width=\"683\" height=\"633\" src=\"https:\/\/www.plasti-dip.es\/vinilo-liquido\/wp-content\/uploads\/2019\/05\/etiqueta-rma.gif\" class=\"attachment-large size-large wp-image-3114\" alt=\"\" \/>\t\t\t\t\t\t\t\t<\/a>\n\t\t\t\t\t\t\t\t\t\t\t\t\t\t\t<\/div>\n\t\t\t\t<\/div>\n\t\t\t\t<div class=\"elementor-element elementor-element-25cef78 elementor-widget elementor-widget-spacer\" data-id=\"25cef78\" data-element_type=\"widget\" data-e-type=\"widget\" data-widget_type=\"spacer.default\">\n\t\t\t\t<div class=\"elementor-widget-container\">\n\t\t\t\t\t\t\t<div class=\"elementor-spacer\">\n\t\t\t<div class=\"elementor-spacer-inner\"><\/div>\n\t\t<\/div>\n\t\t\t\t\t\t<\/div>\n\t\t\t\t<\/div>\n\t\t\t\t<div class=\"elementor-element elementor-element-a37b61e elementor-widget elementor-widget-heading\" data-id=\"a37b61e\" data-element_type=\"widget\" data-e-type=\"widget\" data-widget_type=\"heading.default\">\n\t\t\t\t<div class=\"elementor-widget-container\">\n\t\t\t\t\t<h2 class=\"elementor-heading-title elementor-size-default\"><a href=\"https:\/\/www.plasti-dip.es\/images\/rma\/etiqueta-rma.gif\">etiqueta RMA<\/a><\/h2>\t\t\t\t<\/div>\n\t\t\t\t<\/div>\n\t\t\t\t<div class=\"elementor-element elementor-element-4916a67 elementor-widget elementor-widget-text-editor\" data-id=\"4916a67\" data-element_type=\"widget\" data-e-type=\"widget\" data-widget_type=\"text-editor.default\">\n\t\t\t\t<div class=\"elementor-widget-container\">\n\t\t\t\t\t\t\t\t\tImprime esta imagen recortable junto con el formulario, y \u00fasala a modo de etiqueta para cuando nos env\u00edes el paquete. Una vez TRP te haya asignado tu c\u00f3digo de RMA, rellena los campos y te enviaremos el mensajero con el horario de recogida que nos hayas puesto en el formulario, y nos lo enviar\u00e1 sin que pagues ni un c\u00e9ntimo.\n\n<\/br>\nPara m\u00e1s informaci\u00f3n acerca del sistema RMA, puedes llamarnos al <strong>93 783 30 36<\/strong> y estaremos encantados de informarte, asesorarte y hacerte el seguimiento de los env\u00edos y del estado de tu mercanc\u00eda.\t\t\t\t\t\t\t\t<\/div>\n\t\t\t\t<\/div>\n\t\t\t\t<div class=\"elementor-element elementor-element-10f140b elementor-widget elementor-widget-spacer\" data-id=\"10f140b\" data-element_type=\"widget\" data-e-type=\"widget\" data-widget_type=\"spacer.default\">\n\t\t\t\t<div class=\"elementor-widget-container\">\n\t\t\t\t\t\t\t<div class=\"elementor-spacer\">\n\t\t\t<div class=\"elementor-spacer-inner\"><\/div>\n\t\t<\/div>\n\t\t\t\t\t\t<\/div>\n\t\t\t\t<\/div>\n\t\t\t\t<div class=\"elementor-element elementor-element-2e6cf4d elementor-widget elementor-widget-heading\" data-id=\"2e6cf4d\" data-element_type=\"widget\" data-e-type=\"widget\" data-widget_type=\"heading.default\">\n\t\t\t\t<div class=\"elementor-widget-container\">\n\t\t\t\t\t<h2 class=\"elementor-heading-title elementor-size-default\">nuestra direcci\u00f3n f\u00edsica:<\/h2>\t\t\t\t<\/div>\n\t\t\t\t<\/div>\n\t\t\t\t<div class=\"elementor-element elementor-element-76541ec elementor-widget elementor-widget-text-editor\" data-id=\"76541ec\" data-element_type=\"widget\" data-e-type=\"widget\" data-widget_type=\"text-editor.default\">\n\t\t\t\t<div class=\"elementor-widget-container\">\n\t\t\t\t\t\t\t\t\t<p>Technical Racing Products S.L.<br \/>Carrer de Faraday, 112<br \/>08224 Terrassa<br \/>Barcelona<br \/>Tel: 937833036<\/p>\t\t\t\t\t\t\t\t<\/div>\n\t\t\t\t<\/div>\n\t\t\t\t\t<\/div>\n\t\t<\/div>\n\t\t\t\t\t<\/div>\n\t\t<\/section>\n\t\t\t\t<\/div>\n\t\t","protected":false},"excerpt":{"rendered":"<p>POL\u00cdTICA DE DEVOLUCIONES RMA: PROCESO DE DEVOLUCI\u00d3N POR DEFECTO DEL PRODUCTO Todo proceso de devoluci\u00f3n ha de ser efectuada mediante el envio del formulario RMA y con su etiqueta RMA que m\u00e1s abajo pueden descargarse. Las devoluciones podran realizarse dentro de los 7 dias siguientes a la recepci\u00f3n del pedido.Que se puede devolver? Productos defectuosos: [&hellip;]<\/p>\n","protected":false},"author":1,"featured_media":0,"parent":0,"menu_order":0,"comment_status":"closed","ping_status":"closed","template":"","meta":{"site-sidebar-layout":"no-sidebar","site-content-layout":"page-builder","ast-site-content-layout":"default","site-content-style":"default","site-sidebar-style":"default","ast-global-header-display":"","ast-banner-title-visibility":"","ast-main-header-display":"","ast-hfb-above-header-display":"","ast-hfb-below-header-display":"","ast-hfb-mobile-header-display":"","site-post-title":"disabled","ast-breadcrumbs-content":"","ast-featured-img":"disabled","footer-sml-layout":"","ast-disable-related-posts":"","theme-transparent-header-meta":"default","adv-header-id-meta":"","stick-header-meta":"","header-above-stick-meta":"","header-main-stick-meta":"","header-below-stick-meta":"","astra-migrate-meta-layouts":"default","ast-page-background-enabled":"default","ast-page-background-meta":{"desktop":{"background-color":"","background-image":"","background-repeat":"repeat","background-position":"center center","background-size":"auto","background-attachment":"scroll","background-type":"","background-media":"","overlay-type":"","overlay-color":"","overlay-opacity":"","overlay-gradient":""},"tablet":{"background-color":"","background-image":"","background-repeat":"repeat","background-position":"center center","background-size":"auto","background-attachment":"scroll","background-type":"","background-media":"","overlay-type":"","overlay-color":"","overlay-opacity":"","overlay-gradient":""},"mobile":{"background-color":"","background-image":"","background-repeat":"repeat","background-position":"center center","background-size":"auto","background-attachment":"scroll","background-type":"","background-media":"","overlay-type":"","overlay-color":"","overlay-opacity":"","overlay-gradient":""}},"ast-content-background-meta":{"desktop":{"background-color":"var(--ast-global-color-5)","background-image":"","background-repeat":"repeat","background-position":"center center","background-size":"auto","background-attachment":"scroll","background-type":"","background-media":"","overlay-type":"","overlay-color":"","overlay-opacity":"","overlay-gradient":""},"tablet":{"background-color":"var(--ast-global-color-5)","background-image":"","background-repeat":"repeat","background-position":"center center","background-size":"auto","background-attachment":"scroll","background-type":"","background-media":"","overlay-type":"","overlay-color":"","overlay-opacity":"","overlay-gradient":""},"mobile":{"background-color":"var(--ast-global-color-5)","background-image":"","background-repeat":"repeat","background-position":"center center","background-size":"auto","background-attachment":"scroll","background-type":"","background-media":"","overlay-type":"","overlay-color":"","overlay-opacity":"","overlay-gradient":""}},"footnotes":""},"class_list":["post-3110","page","type-page","status-publish","hentry"],"yoast_head":"<!-- This site is optimized with the Yoast SEO plugin v27.4 - https:\/\/yoast.com\/product\/yoast-seo-wordpress\/ -->\n<title>Plastidip Espa\u00f1a<\/title>\n<meta name=\"description\" content=\"Conoce nuestra pol\u00edtica de devoluciones de Plastidip. Conocer\u00e1s los tiempos de devoluci\u00f3n, los productos que se pueden devolver, el proceso, etc.\" \/>\n<meta name=\"robots\" content=\"index, follow, max-snippet:-1, max-image-preview:large, max-video-preview:-1\" \/>\n<link rel=\"canonical\" href=\"https:\/\/www.plasti-dip.es\/vinilo-liquido\/politica-de-devoluciones\/\" \/>\n<meta property=\"og:locale\" content=\"es_ES\" \/>\n<meta property=\"og:type\" content=\"article\" \/>\n<meta property=\"og:title\" content=\"Plastidip Espa\u00f1a\" \/>\n<meta property=\"og:description\" content=\"Conoce nuestra pol\u00edtica de devoluciones de Plastidip. Conocer\u00e1s los tiempos de devoluci\u00f3n, los productos que se pueden devolver, el proceso, etc.\" \/>\n<meta property=\"og:url\" content=\"https:\/\/www.plasti-dip.es\/vinilo-liquido\/politica-de-devoluciones\/\" \/>\n<meta property=\"og:site_name\" content=\"Plastidip Espa\u00f1a\" \/>\n<meta property=\"article:publisher\" content=\"https:\/\/www.facebook.com\/trp.plastidip\/\" \/>\n<meta property=\"article:modified_time\" content=\"2021-05-17T07:03:13+00:00\" \/>\n<meta property=\"og:image\" content=\"https:\/\/www.plasti-dip.es\/vinilo-liquido\/wp-content\/uploads\/2019\/05\/formulario-rma-724x1024.gif\" \/>\n<meta name=\"twitter:card\" content=\"summary_large_image\" \/>\n<meta name=\"twitter:label1\" content=\"Tiempo de lectura\" \/>\n\t<meta name=\"twitter:data1\" content=\"3 minutos\" \/>\n<!-- \/ Yoast SEO plugin. -->","yoast_head_json":{"title":"Plastidip Espa\u00f1a","description":"Conoce nuestra pol\u00edtica de devoluciones de Plastidip. Conocer\u00e1s los tiempos de devoluci\u00f3n, los productos que se pueden devolver, el proceso, etc.","robots":{"index":"index","follow":"follow","max-snippet":"max-snippet:-1","max-image-preview":"max-image-preview:large","max-video-preview":"max-video-preview:-1"},"canonical":"https:\/\/www.plasti-dip.es\/vinilo-liquido\/politica-de-devoluciones\/","og_locale":"es_ES","og_type":"article","og_title":"Plastidip Espa\u00f1a","og_description":"Conoce nuestra pol\u00edtica de devoluciones de Plastidip. Conocer\u00e1s los tiempos de devoluci\u00f3n, los productos que se pueden devolver, el proceso, etc.","og_url":"https:\/\/www.plasti-dip.es\/vinilo-liquido\/politica-de-devoluciones\/","og_site_name":"Plastidip Espa\u00f1a","article_publisher":"https:\/\/www.facebook.com\/trp.plastidip\/","article_modified_time":"2021-05-17T07:03:13+00:00","og_image":[{"url":"https:\/\/www.plasti-dip.es\/vinilo-liquido\/wp-content\/uploads\/2019\/05\/formulario-rma-724x1024.gif","type":"","width":"","height":""}],"twitter_card":"summary_large_image","twitter_misc":{"Tiempo de lectura":"3 minutos"},"schema":{"@context":"https:\/\/schema.org","@graph":[{"@type":"WebPage","@id":"https:\/\/www.plasti-dip.es\/vinilo-liquido\/politica-de-devoluciones\/","url":"https:\/\/www.plasti-dip.es\/vinilo-liquido\/politica-de-devoluciones\/","name":"Plastidip Espa\u00f1a","isPartOf":{"@id":"https:\/\/www.plasti-dip.es\/vinilo-liquido\/#website"},"primaryImageOfPage":{"@id":"https:\/\/www.plasti-dip.es\/vinilo-liquido\/politica-de-devoluciones\/#primaryimage"},"image":{"@id":"https:\/\/www.plasti-dip.es\/vinilo-liquido\/politica-de-devoluciones\/#primaryimage"},"thumbnailUrl":"https:\/\/www.plasti-dip.es\/vinilo-liquido\/wp-content\/uploads\/2019\/05\/formulario-rma-724x1024.gif","datePublished":"2019-05-08T16:42:00+00:00","dateModified":"2021-05-17T07:03:13+00:00","description":"Conoce nuestra pol\u00edtica de devoluciones de Plastidip. Conocer\u00e1s los tiempos de devoluci\u00f3n, los productos que se pueden devolver, el proceso, etc.","breadcrumb":{"@id":"https:\/\/www.plasti-dip.es\/vinilo-liquido\/politica-de-devoluciones\/#breadcrumb"},"inLanguage":"es","potentialAction":[{"@type":"ReadAction","target":["https:\/\/www.plasti-dip.es\/vinilo-liquido\/politica-de-devoluciones\/"]}]},{"@type":"ImageObject","inLanguage":"es","@id":"https:\/\/www.plasti-dip.es\/vinilo-liquido\/politica-de-devoluciones\/#primaryimage","url":"https:\/\/www.plasti-dip.es\/vinilo-liquido\/wp-content\/uploads\/2019\/05\/formulario-rma.gif","contentUrl":"https:\/\/www.plasti-dip.es\/vinilo-liquido\/wp-content\/uploads\/2019\/05\/formulario-rma.gif","width":1240,"height":1754,"caption":"formulario-rma-plasti-dip"},{"@type":"BreadcrumbList","@id":"https:\/\/www.plasti-dip.es\/vinilo-liquido\/politica-de-devoluciones\/#breadcrumb","itemListElement":[{"@type":"ListItem","position":1,"name":"Home","item":"https:\/\/www.plasti-dip.es\/vinilo-liquido\/"},{"@type":"ListItem","position":2,"name":"Pol\u00edtica de devoluciones"}]},{"@type":"WebSite","@id":"https:\/\/www.plasti-dip.es\/vinilo-liquido\/#website","url":"https:\/\/www.plasti-dip.es\/vinilo-liquido\/","name":"Plastidip Espa\u00f1a","description":"Vinilo l\u00edquido Plastidip - Impresionantemente vers\u00e1til, Removible, Aislante, Impermeable, Antideslizante","publisher":{"@id":"https:\/\/www.plasti-dip.es\/vinilo-liquido\/#organization"},"potentialAction":[{"@type":"SearchAction","target":{"@type":"EntryPoint","urlTemplate":"https:\/\/www.plasti-dip.es\/vinilo-liquido\/?s={search_term_string}"},"query-input":{"@type":"PropertyValueSpecification","valueRequired":true,"valueName":"search_term_string"}}],"inLanguage":"es"},{"@type":"Organization","@id":"https:\/\/www.plasti-dip.es\/vinilo-liquido\/#organization","name":"Plastidip Espa\u00f1a - Technical Racing Products S.L.","url":"https:\/\/www.plasti-dip.es\/vinilo-liquido\/","logo":{"@type":"ImageObject","inLanguage":"es","@id":"https:\/\/www.plasti-dip.es\/vinilo-liquido\/#\/schema\/logo\/image\/","url":"https:\/\/www.plasti-dip.es\/vinilo-liquido\/wp-content\/uploads\/2016\/10\/cropped-Plasti-Dip-Logo.png","contentUrl":"https:\/\/www.plasti-dip.es\/vinilo-liquido\/wp-content\/uploads\/2016\/10\/cropped-Plasti-Dip-Logo.png","width":484,"height":110,"caption":"Plastidip Espa\u00f1a - Technical Racing Products S.L."},"image":{"@id":"https:\/\/www.plasti-dip.es\/vinilo-liquido\/#\/schema\/logo\/image\/"},"sameAs":["https:\/\/www.facebook.com\/trp.plastidip\/","https:\/\/www.youtube.com\/user\/minizchannel"]}]}},"amp_enabled":true,"_links":{"self":[{"href":"https:\/\/www.plasti-dip.es\/vinilo-liquido\/wp-json\/wp\/v2\/pages\/3110","targetHints":{"allow":["GET"]}}],"collection":[{"href":"https:\/\/www.plasti-dip.es\/vinilo-liquido\/wp-json\/wp\/v2\/pages"}],"about":[{"href":"https:\/\/www.plasti-dip.es\/vinilo-liquido\/wp-json\/wp\/v2\/types\/page"}],"author":[{"embeddable":true,"href":"https:\/\/www.plasti-dip.es\/vinilo-liquido\/wp-json\/wp\/v2\/users\/1"}],"replies":[{"embeddable":true,"href":"https:\/\/www.plasti-dip.es\/vinilo-liquido\/wp-json\/wp\/v2\/comments?post=3110"}],"version-history":[{"count":0,"href":"https:\/\/www.plasti-dip.es\/vinilo-liquido\/wp-json\/wp\/v2\/pages\/3110\/revisions"}],"wp:attachment":[{"href":"https:\/\/www.plasti-dip.es\/vinilo-liquido\/wp-json\/wp\/v2\/media?parent=3110"}],"curies":[{"name":"wp","href":"https:\/\/api.w.org\/{rel}","templated":true}]}}