{"id":3177,"date":"2022-05-09T16:13:20","date_gmt":"2022-05-09T14:13:20","guid":{"rendered":"https:\/\/www.plasti-dip.es\/vinilo-liquido\/?page_id=3177"},"modified":"2022-11-11T14:12:27","modified_gmt":"2022-11-11T12:12:27","slug":"informacion-de-entregas","status":"publish","type":"page","link":"https:\/\/www.plasti-dip.es\/vinilo-liquido\/informacion-de-entregas\/","title":{"rendered":"Informaci\u00f3n de entregas"},"content":{"rendered":"\t\t<div data-elementor-type=\"wp-post\" data-elementor-id=\"3177\" class=\"elementor elementor-3177\" data-elementor-post-type=\"page\">\n\t\t\t\t\t\t<section class=\"elementor-section elementor-top-section elementor-element elementor-element-81725a7 elementor-section-boxed elementor-section-height-default elementor-section-height-default\" data-id=\"81725a7\" data-element_type=\"section\" data-e-type=\"section\">\n\t\t\t\t\t\t<div class=\"elementor-container elementor-column-gap-default\">\n\t\t\t\t\t<div class=\"elementor-column elementor-col-100 elementor-top-column elementor-element elementor-element-a26110b\" data-id=\"a26110b\" data-element_type=\"column\" data-e-type=\"column\">\n\t\t\t<div class=\"elementor-widget-wrap elementor-element-populated\">\n\t\t\t\t\t\t<div class=\"elementor-element elementor-element-de0141f elementor-widget elementor-widget-spacer\" data-id=\"de0141f\" data-element_type=\"widget\" data-e-type=\"widget\" data-widget_type=\"spacer.default\">\n\t\t\t\t<div class=\"elementor-widget-container\">\n\t\t\t\t\t\t\t<div class=\"elementor-spacer\">\n\t\t\t<div class=\"elementor-spacer-inner\"><\/div>\n\t\t<\/div>\n\t\t\t\t\t\t<\/div>\n\t\t\t\t<\/div>\n\t\t\t\t<div class=\"elementor-element elementor-element-3496c0d elementor-widget elementor-widget-heading\" data-id=\"3496c0d\" data-element_type=\"widget\" data-e-type=\"widget\" data-widget_type=\"heading.default\">\n\t\t\t\t<div class=\"elementor-widget-container\">\n\t\t\t\t\t<h1 class=\"elementor-heading-title elementor-size-default\">INFORMACI\u00d3N SOBRE LOS ENV\u00cdOS<\/h1>\t\t\t\t<\/div>\n\t\t\t\t<\/div>\n\t\t\t\t<div class=\"elementor-element elementor-element-a65b25a elementor-widget elementor-widget-text-editor\" data-id=\"a65b25a\" data-element_type=\"widget\" data-e-type=\"widget\" data-widget_type=\"text-editor.default\">\n\t\t\t\t<div class=\"elementor-widget-container\">\n\t\t\t\t\t\t\t\t\t<ul>\n \t<li>Todos nuestros envios nacionales se realizan a traves de la agencia de transportes NACEX con servicio 24\/48 horas (e-nacex) o por Correos con entrega en la oficina de correos mas cercana.<\/li>\n \t<li>Usted podra seleccionar la egencia de transporte que m\u00e1s le interese en el momento de finalizar el pedido.<\/li>\n \t<li>En el caso de que los portes sean de forma gratuita por ofertas en la pagina web o por volumen, nos reservamos el derecho de realizar el envio por la agencia que creamos conveniente<\/li>\n \t<li>Nuestra p\u00e1gina web, le informara en todo momento de la evolucion del pedido<\/li>\n \t<li>El coste de los portes podr\u00e1 Ud verlo en el momento de confirmar su pedido<\/li>\n \t<li>Recomendamos encarecidamente que para realizar un presupuesto detallado del coste de envio realicen el proceso de compra y antes de finalizar podran ver el precio del envio calculado en funci\u00f3n del peso, volumen y productos.<\/li>\n \t<li>Comisi\u00f3n de Reembolso 2.5% sobre el valor con m\u00ednimo de 1.90 Eur + IVA<\/li>\n \t<li>Todas las ordenes realizadas por Paypal deberan ser pagadas en Euros.<\/li>\n<\/ul> \t\t\t\t\t\t\t\t<\/div>\n\t\t\t\t<\/div>\n\t\t\t\t<div class=\"elementor-element elementor-element-088bea4 elementor-widget elementor-widget-heading\" data-id=\"088bea4\" data-element_type=\"widget\" data-e-type=\"widget\" data-widget_type=\"heading.default\">\n\t\t\t\t<div class=\"elementor-widget-container\">\n\t\t\t\t\t<h2 class=\"elementor-heading-title elementor-size-default\">funcionamiento de la tienda<\/h2>\t\t\t\t<\/div>\n\t\t\t\t<\/div>\n\t\t\t\t<div class=\"elementor-element elementor-element-99dfd4f elementor-widget elementor-widget-text-editor\" data-id=\"99dfd4f\" data-element_type=\"widget\" data-e-type=\"widget\" data-widget_type=\"text-editor.default\">\n\t\t\t\t<div class=\"elementor-widget-container\">\n\t\t\t\t\t\t\t\t\t\n<ul>\n \t<li>Realizacion del pedido a traves de la web.<\/li>\n \t<li>Recepcion de la confirmacion del pedido por mail<\/li>\n \t<li>Recepcion de la factura proforma al mail en formato PDF<\/li>\n \t<li>En en caso de pago por Reembolso el envio es inmediato<\/li>\n \t<li>En el caso de pago por PayPal el envio en inmediato<\/li>\n \t<li>En el caso de pago por Transferencia el envio no sera enviado hasta recibir el importe en nuestra cuenta.<\/li>\n \t<li>En el caso de los pagos no inmediatos tipo Transferencia el pedido se reservara un maximo de 7 dias tras la recepcion del pedido<\/li>\n \t<li>En el caso de que el paquete llegue en mal estado, es MUY IMPORTANTE comunicarlo a NACEX en un plazo maximo de 24h tras la recepcion del pedido, asi como avisar a Technical Racing Products de la incidencia para reponer el material Urgentemente<\/li>\n \t<li>Si transcurridas las 24h el paquete no se ha recibido pueden ponerse en contacto con NACEX a traves del num de tel: 93 7312992, o con nuestras oficinas 93 783.30.36<\/li>\n<\/ul>\t\t\t\t\t\t\t\t<\/div>\n\t\t\t\t<\/div>\n\t\t\t\t\t<\/div>\n\t\t<\/div>\n\t\t\t\t\t<\/div>\n\t\t<\/section>\n\t\t\t\t<\/div>\n\t\t","protected":false},"excerpt":{"rendered":"<p>INFORMACI\u00d3N SOBRE LOS ENV\u00cdOS Todos nuestros envios nacionales se realizan a traves de la agencia de transportes NACEX con servicio 24\/48 horas (e-nacex) o por Correos con entrega en la oficina de correos mas cercana. Usted podra seleccionar la egencia de transporte que m\u00e1s le interese en el momento de finalizar el pedido. En el [&hellip;]<\/p>\n","protected":false},"author":1,"featured_media":0,"parent":0,"menu_order":0,"comment_status":"closed","ping_status":"closed","template":"","meta":{"site-sidebar-layout":"no-sidebar","site-content-layout":"page-builder","ast-site-content-layout":"default","site-content-style":"default","site-sidebar-style":"default","ast-global-header-display":"","ast-banner-title-visibility":"","ast-main-header-display":"","ast-hfb-above-header-display":"","ast-hfb-below-header-display":"","ast-hfb-mobile-header-display":"","site-post-title":"disabled","ast-breadcrumbs-content":"","ast-featured-img":"disabled","footer-sml-layout":"","ast-disable-related-posts":"","theme-transparent-header-meta":"default","adv-header-id-meta":"","stick-header-meta":"","header-above-stick-meta":"","header-main-stick-meta":"","header-below-stick-meta":"","astra-migrate-meta-layouts":"default","ast-page-background-enabled":"default","ast-page-background-meta":{"desktop":{"background-color":"","background-image":"","background-repeat":"repeat","background-position":"center center","background-size":"auto","background-attachment":"scroll","background-type":"","background-media":"","overlay-type":"","overlay-color":"","overlay-opacity":"","overlay-gradient":""},"tablet":{"background-color":"","background-image":"","background-repeat":"repeat","background-position":"center center","background-size":"auto","background-attachment":"scroll","background-type":"","background-media":"","overlay-type":"","overlay-color":"","overlay-opacity":"","overlay-gradient":""},"mobile":{"background-color":"","background-image":"","background-repeat":"repeat","background-position":"center center","background-size":"auto","background-attachment":"scroll","background-type":"","background-media":"","overlay-type":"","overlay-color":"","overlay-opacity":"","overlay-gradient":""}},"ast-content-background-meta":{"desktop":{"background-color":"var(--ast-global-color-5)","background-image":"","background-repeat":"repeat","background-position":"center center","background-size":"auto","background-attachment":"scroll","background-type":"","background-media":"","overlay-type":"","overlay-color":"","overlay-opacity":"","overlay-gradient":""},"tablet":{"background-color":"var(--ast-global-color-5)","background-image":"","background-repeat":"repeat","background-position":"center center","background-size":"auto","background-attachment":"scroll","background-type":"","background-media":"","overlay-type":"","overlay-color":"","overlay-opacity":"","overlay-gradient":""},"mobile":{"background-color":"var(--ast-global-color-5)","background-image":"","background-repeat":"repeat","background-position":"center center","background-size":"auto","background-attachment":"scroll","background-type":"","background-media":"","overlay-type":"","overlay-color":"","overlay-opacity":"","overlay-gradient":""}},"footnotes":""},"class_list":["post-3177","page","type-page","status-publish","hentry"],"yoast_head":"<!-- This site is optimized with the Yoast SEO plugin v27.2 - https:\/\/yoast.com\/product\/yoast-seo-wordpress\/ -->\n<title>Plastidip Espa\u00f1a<\/title>\n<meta name=\"description\" content=\"Aqu\u00ed encontrar\u00e1s toda la informaci\u00f3n necesaria sobre las entregas de los productos que hayas comprado. \u00a1Haz clic aqui y ent\u00e9rate!\" \/>\n<meta name=\"robots\" content=\"index, follow, max-snippet:-1, max-image-preview:large, max-video-preview:-1\" \/>\n<link rel=\"canonical\" href=\"https:\/\/www.plasti-dip.es\/vinilo-liquido\/informacion-de-entregas\/\" \/>\n<meta property=\"og:locale\" content=\"es_ES\" \/>\n<meta property=\"og:type\" content=\"article\" \/>\n<meta property=\"og:title\" content=\"Plastidip Espa\u00f1a\" \/>\n<meta property=\"og:description\" content=\"Aqu\u00ed encontrar\u00e1s toda la informaci\u00f3n necesaria sobre las entregas de los productos que hayas comprado. \u00a1Haz clic aqui y ent\u00e9rate!\" \/>\n<meta property=\"og:url\" content=\"https:\/\/www.plasti-dip.es\/vinilo-liquido\/informacion-de-entregas\/\" \/>\n<meta property=\"og:site_name\" content=\"Plastidip Espa\u00f1a\" \/>\n<meta property=\"article:publisher\" content=\"https:\/\/www.facebook.com\/trp.plastidip\/\" \/>\n<meta property=\"article:modified_time\" content=\"2022-11-11T12:12:27+00:00\" \/>\n<meta name=\"twitter:card\" content=\"summary_large_image\" \/>\n<meta name=\"twitter:label1\" content=\"Tiempo de lectura\" \/>\n\t<meta name=\"twitter:data1\" content=\"2 minutos\" \/>\n<!-- \/ Yoast SEO plugin. -->","yoast_head_json":{"title":"Plastidip Espa\u00f1a","description":"Aqu\u00ed encontrar\u00e1s toda la informaci\u00f3n necesaria sobre las entregas de los productos que hayas comprado. \u00a1Haz clic aqui y ent\u00e9rate!","robots":{"index":"index","follow":"follow","max-snippet":"max-snippet:-1","max-image-preview":"max-image-preview:large","max-video-preview":"max-video-preview:-1"},"canonical":"https:\/\/www.plasti-dip.es\/vinilo-liquido\/informacion-de-entregas\/","og_locale":"es_ES","og_type":"article","og_title":"Plastidip Espa\u00f1a","og_description":"Aqu\u00ed encontrar\u00e1s toda la informaci\u00f3n necesaria sobre las entregas de los productos que hayas comprado. \u00a1Haz clic aqui y ent\u00e9rate!","og_url":"https:\/\/www.plasti-dip.es\/vinilo-liquido\/informacion-de-entregas\/","og_site_name":"Plastidip Espa\u00f1a","article_publisher":"https:\/\/www.facebook.com\/trp.plastidip\/","article_modified_time":"2022-11-11T12:12:27+00:00","twitter_card":"summary_large_image","twitter_misc":{"Tiempo de lectura":"2 minutos"},"schema":{"@context":"https:\/\/schema.org","@graph":[{"@type":"WebPage","@id":"https:\/\/www.plasti-dip.es\/vinilo-liquido\/informacion-de-entregas\/","url":"https:\/\/www.plasti-dip.es\/vinilo-liquido\/informacion-de-entregas\/","name":"Plastidip Espa\u00f1a","isPartOf":{"@id":"https:\/\/www.plasti-dip.es\/vinilo-liquido\/#website"},"datePublished":"2022-05-09T14:13:20+00:00","dateModified":"2022-11-11T12:12:27+00:00","description":"Aqu\u00ed encontrar\u00e1s toda la informaci\u00f3n necesaria sobre las entregas de los productos que hayas comprado. \u00a1Haz clic aqui y ent\u00e9rate!","breadcrumb":{"@id":"https:\/\/www.plasti-dip.es\/vinilo-liquido\/informacion-de-entregas\/#breadcrumb"},"inLanguage":"es","potentialAction":[{"@type":"ReadAction","target":["https:\/\/www.plasti-dip.es\/vinilo-liquido\/informacion-de-entregas\/"]}]},{"@type":"BreadcrumbList","@id":"https:\/\/www.plasti-dip.es\/vinilo-liquido\/informacion-de-entregas\/#breadcrumb","itemListElement":[{"@type":"ListItem","position":1,"name":"Home","item":"https:\/\/www.plasti-dip.es\/vinilo-liquido\/"},{"@type":"ListItem","position":2,"name":"Informaci\u00f3n de entregas"}]},{"@type":"WebSite","@id":"https:\/\/www.plasti-dip.es\/vinilo-liquido\/#website","url":"https:\/\/www.plasti-dip.es\/vinilo-liquido\/","name":"Plastidip Espa\u00f1a","description":"Vinilo l\u00edquido Plastidip - Impresionantemente vers\u00e1til, Removible, Aislante, Impermeable, Antideslizante","publisher":{"@id":"https:\/\/www.plasti-dip.es\/vinilo-liquido\/#organization"},"potentialAction":[{"@type":"SearchAction","target":{"@type":"EntryPoint","urlTemplate":"https:\/\/www.plasti-dip.es\/vinilo-liquido\/?s={search_term_string}"},"query-input":{"@type":"PropertyValueSpecification","valueRequired":true,"valueName":"search_term_string"}}],"inLanguage":"es"},{"@type":"Organization","@id":"https:\/\/www.plasti-dip.es\/vinilo-liquido\/#organization","name":"Plastidip Espa\u00f1a - Technical Racing Products S.L.","url":"https:\/\/www.plasti-dip.es\/vinilo-liquido\/","logo":{"@type":"ImageObject","inLanguage":"es","@id":"https:\/\/www.plasti-dip.es\/vinilo-liquido\/#\/schema\/logo\/image\/","url":"https:\/\/www.plasti-dip.es\/vinilo-liquido\/wp-content\/uploads\/2016\/10\/cropped-Plasti-Dip-Logo.png","contentUrl":"https:\/\/www.plasti-dip.es\/vinilo-liquido\/wp-content\/uploads\/2016\/10\/cropped-Plasti-Dip-Logo.png","width":484,"height":110,"caption":"Plastidip Espa\u00f1a - Technical Racing Products S.L."},"image":{"@id":"https:\/\/www.plasti-dip.es\/vinilo-liquido\/#\/schema\/logo\/image\/"},"sameAs":["https:\/\/www.facebook.com\/trp.plastidip\/","https:\/\/www.youtube.com\/user\/minizchannel"]}]}},"amp_enabled":true,"_links":{"self":[{"href":"https:\/\/www.plasti-dip.es\/vinilo-liquido\/wp-json\/wp\/v2\/pages\/3177","targetHints":{"allow":["GET"]}}],"collection":[{"href":"https:\/\/www.plasti-dip.es\/vinilo-liquido\/wp-json\/wp\/v2\/pages"}],"about":[{"href":"https:\/\/www.plasti-dip.es\/vinilo-liquido\/wp-json\/wp\/v2\/types\/page"}],"author":[{"embeddable":true,"href":"https:\/\/www.plasti-dip.es\/vinilo-liquido\/wp-json\/wp\/v2\/users\/1"}],"replies":[{"embeddable":true,"href":"https:\/\/www.plasti-dip.es\/vinilo-liquido\/wp-json\/wp\/v2\/comments?post=3177"}],"version-history":[{"count":1,"href":"https:\/\/www.plasti-dip.es\/vinilo-liquido\/wp-json\/wp\/v2\/pages\/3177\/revisions"}],"predecessor-version":[{"id":15103,"href":"https:\/\/www.plasti-dip.es\/vinilo-liquido\/wp-json\/wp\/v2\/pages\/3177\/revisions\/15103"}],"wp:attachment":[{"href":"https:\/\/www.plasti-dip.es\/vinilo-liquido\/wp-json\/wp\/v2\/media?parent=3177"}],"curies":[{"name":"wp","href":"https:\/\/api.w.org\/{rel}","templated":true}]}}