{"id":5325,"date":"2019-08-27T10:37:04","date_gmt":"2019-08-27T08:37:04","guid":{"rendered":"https:\/\/www.plasti-dip.es\/vinilo-liquido\/?page_id=5325"},"modified":"2020-03-31T11:46:28","modified_gmt":"2020-03-31T09:46:28","slug":"carrito","status":"publish","type":"page","link":"https:\/\/www.plasti-dip.es\/vinilo-liquido\/carrito\/","title":{"rendered":"Carrito"},"content":{"rendered":"\t\t<div data-elementor-type=\"wp-post\" data-elementor-id=\"5325\" class=\"elementor elementor-5325\" data-elementor-post-type=\"page\">\n\t\t\t\t\t\t<section class=\"elementor-section elementor-top-section elementor-element elementor-element-172f650 elementor-section-full_width cart-page elementor-section-height-default elementor-section-height-default\" data-id=\"172f650\" data-element_type=\"section\" data-e-type=\"section\">\n\t\t\t\t\t\t<div class=\"elementor-container elementor-column-gap-wider\">\n\t\t\t\t\t<div class=\"elementor-column elementor-col-50 elementor-top-column elementor-element elementor-element-802438e\" data-id=\"802438e\" data-element_type=\"column\" data-e-type=\"column\">\n\t\t\t<div class=\"elementor-widget-wrap elementor-element-populated\">\n\t\t\t\t\t\t<div class=\"elementor-element elementor-element-0d47953 elementor-widget elementor-widget-wp-widget-dgwt_wcas_ajax_search\" data-id=\"0d47953\" data-element_type=\"widget\" data-e-type=\"widget\" data-widget_type=\"wp-widget-dgwt_wcas_ajax_search.default\">\n\t\t\t\t<div class=\"elementor-widget-container\">\n\t\t\t\t\t<div class=\"woocommerce dgwt-wcas-widget\"><div  class=\"dgwt-wcas-search-wrapp dgwt-wcas-no-submit woocommerce dgwt-wcas-style-solaris js-dgwt-wcas-layout-classic dgwt-wcas-layout-classic js-dgwt-wcas-mobile-overlay-disabled\">\n\t\t<form class=\"dgwt-wcas-search-form\" role=\"search\" action=\"https:\/\/www.plasti-dip.es\/vinilo-liquido\/\" method=\"get\">\n\t\t<div class=\"dgwt-wcas-sf-wrapp\">\n\t\t\t\t\t\t\t<svg\n\t\t\t\t\tclass=\"dgwt-wcas-ico-magnifier\" xmlns=\"http:\/\/www.w3.org\/2000\/svg\"\n\t\t\t\t\txmlns:xlink=\"http:\/\/www.w3.org\/1999\/xlink\" x=\"0px\" y=\"0px\"\n\t\t\t\t\tviewBox=\"0 0 51.539 51.361\" xml:space=\"preserve\">\n\t\t\t\t\t<path \t\t\t\t\t\td=\"M51.539,49.356L37.247,35.065c3.273-3.74,5.272-8.623,5.272-13.983c0-11.742-9.518-21.26-21.26-21.26 S0,9.339,0,21.082s9.518,21.26,21.26,21.26c5.361,0,10.244-1.999,13.983-5.272l14.292,14.292L51.539,49.356z M2.835,21.082 c0-10.176,8.249-18.425,18.425-18.425s18.425,8.249,18.425,18.425S31.436,39.507,21.26,39.507S2.835,31.258,2.835,21.082z\"\/>\n\t\t\t\t<\/svg>\n\t\t\t\t\t\t\t<label class=\"screen-reader-text\"\n\t\t\t\tfor=\"dgwt-wcas-search-input-1\">\n\t\t\t\tB\u00fasqueda de productos\t\t\t<\/label>\n\n\t\t\t<input\n\t\t\t\tid=\"dgwt-wcas-search-input-1\"\n\t\t\t\ttype=\"search\"\n\t\t\t\tclass=\"dgwt-wcas-search-input\"\n\t\t\t\tname=\"s\"\n\t\t\t\tvalue=\"\"\n\t\t\t\tplaceholder=\"Buscar Productos...\"\n\t\t\t\tautocomplete=\"off\"\n\t\t\t\t\t\t\t\/>\n\t\t\t<div class=\"dgwt-wcas-preloader\"><\/div>\n\n\t\t\t<div class=\"dgwt-wcas-voice-search\"><\/div>\n\n\t\t\t\n\t\t\t<input type=\"hidden\" name=\"post_type\" value=\"product\"\/>\n\t\t\t<input type=\"hidden\" name=\"dgwt_wcas\" value=\"1\"\/>\n\n\t\t\t\n\t\t\t\t\t<\/div>\n\t<\/form>\n<\/div>\n<\/div>\t\t\t\t<\/div>\n\t\t\t\t<\/div>\n\t\t\t\t<div class=\"elementor-element elementor-element-b533267 elementor-widget elementor-widget-html\" data-id=\"b533267\" data-element_type=\"widget\" data-e-type=\"widget\" data-widget_type=\"html.default\">\n\t\t\t\t<div class=\"elementor-widget-container\">\n\t\t\t\t\t<b><a href=\"https:\/\/www.plasti-dip.es\/vinilo-liquido\/preguntas-frecuentes-vinilo-liquido\/\">Preguntas frecuentes - FAQ<\/a><\/b>\t\t\t\t<\/div>\n\t\t\t\t<\/div>\n\t\t\t\t<div class=\"elementor-element elementor-element-225f113 elementor-hidden-tablet elementor-hidden-phone elementor-widget elementor-widget-wp-widget-woocommerce_product_categories\" data-id=\"225f113\" data-element_type=\"widget\" data-e-type=\"widget\" data-widget_type=\"wp-widget-woocommerce_product_categories.default\">\n\t\t\t\t<div class=\"elementor-widget-container\">\n\t\t\t\t\t<div class=\"woocommerce widget_product_categories\"><h5>Categor\u00edas<\/h5><ul class=\"product-categories\"><li class=\"cat-item cat-item-2147\"><a href=\"https:\/\/www.plasti-dip.es\/vinilo-liquido\/categoria-producto\/plastidip-spray-colores-basicos\/\">PlastiDip Spray Colores B\u00e1sicos<\/a><\/li>\n<li class=\"cat-item cat-item-2156\"><a href=\"https:\/\/www.plasti-dip.es\/vinilo-liquido\/categoria-producto\/plastidip-spray-efectos-acabados\/\">PlastiDip Spray Acabados<\/a><\/li>\n<li class=\"cat-item cat-item-2154\"><a href=\"https:\/\/www.plasti-dip.es\/vinilo-liquido\/categoria-producto\/plastidip-spray-colores-fluor\/\">PlastiDip Spray colores Fl\u00faor<\/a><\/li>\n<li class=\"cat-item cat-item-2192\"><a href=\"https:\/\/www.plasti-dip.es\/vinilo-liquido\/categoria-producto\/plastidip-spray-colores-classic-muscle\/\">PlastiDip Spray Classic Muscle<\/a><\/li>\n<li class=\"cat-item cat-item-2207\"><a href=\"https:\/\/www.plasti-dip.es\/vinilo-liquido\/categoria-producto\/plastidip-spray-luxury-metal\/\">PlastiDip Spray Luxury Metal<\/a><\/li>\n<li class=\"cat-item cat-item-2155\"><a href=\"https:\/\/www.plasti-dip.es\/vinilo-liquido\/categoria-producto\/plastidip-spray-colores-camuflaje\/\">PlastiDip Spray Camuflaje<\/a><\/li>\n<li class=\"cat-item cat-item-2172\"><a href=\"https:\/\/www.plasti-dip.es\/vinilo-liquido\/categoria-producto\/plastidip-goma-liquida-429ml\/\">PlastiDip Goma Liquida: 429ml<\/a><\/li>\n<li class=\"cat-item cat-item-2173\"><a href=\"https:\/\/www.plasti-dip.es\/vinilo-liquido\/categoria-producto\/plastidip-goma-liquida-650ml\/\">Plastidip Goma Liquida: 650ml<\/a><\/li>\n<li class=\"cat-item cat-item-2148\"><a href=\"https:\/\/www.plasti-dip.es\/vinilo-liquido\/categoria-producto\/plastidip-goma-liquida-3-kg\/\">PlastiDip Goma L\u00edquida: 3 Kg<\/a><\/li>\n<li class=\"cat-item cat-item-2191\"><a href=\"https:\/\/www.plasti-dip.es\/vinilo-liquido\/categoria-producto\/aislante-electrico\/\">Aislante El\u00e9ctrico<\/a><\/li>\n<li class=\"cat-item cat-item-2205\"><a href=\"https:\/\/www.plasti-dip.es\/vinilo-liquido\/categoria-producto\/reparacion-cuero\/\">Reparaci\u00f3n Cuero<\/a><\/li>\n<li class=\"cat-item cat-item-2206\"><a href=\"https:\/\/www.plasti-dip.es\/vinilo-liquido\/categoria-producto\/reparacion-lavavajillas\/\">Reparaci\u00f3n Lavavajillas<\/a><\/li>\n<li class=\"cat-item cat-item-2182\"><a href=\"https:\/\/www.plasti-dip.es\/vinilo-liquido\/categoria-producto\/pigmentos-metal-flakes\/\">Pigmentos (Metal Flakes)<\/a><\/li>\n<li class=\"cat-item cat-item-2183\"><a href=\"https:\/\/www.plasti-dip.es\/vinilo-liquido\/categoria-producto\/accesorios-pintura\/\">Accesorios Pintura<\/a><\/li>\n<li class=\"cat-item cat-item-2149\"><a href=\"https:\/\/www.plasti-dip.es\/vinilo-liquido\/categoria-producto\/plastidip-disolventes-thinner\/\">PlastiDip Disolventes (Thinner)<\/a><\/li>\n<li class=\"cat-item cat-item-2170\"><a href=\"https:\/\/www.plasti-dip.es\/vinilo-liquido\/categoria-producto\/quiero-pintar-llantas\/\">Quiero pintar llantas<\/a><\/li>\n<li class=\"cat-item cat-item-2204\"><a href=\"https:\/\/www.plasti-dip.es\/vinilo-liquido\/categoria-producto\/car-wrapping\/\">Car Wrapping<\/a><\/li>\n<\/ul><\/div>\t\t\t\t<\/div>\n\t\t\t\t<\/div>\n\t\t\t\t\t<\/div>\n\t\t<\/div>\n\t\t\t\t<div class=\"elementor-column elementor-col-50 elementor-top-column elementor-element elementor-element-0cf8533\" data-id=\"0cf8533\" data-element_type=\"column\" data-e-type=\"column\">\n\t\t\t<div class=\"elementor-widget-wrap elementor-element-populated\">\n\t\t\t\t\t\t<div class=\"elementor-element elementor-element-1c525a6 elementor-widget elementor-widget-shortcode\" data-id=\"1c525a6\" data-element_type=\"widget\" data-e-type=\"widget\" data-widget_type=\"shortcode.default\">\n\t\t\t\t<div class=\"elementor-widget-container\">\n\t\t\t\t\t\t\t<div class=\"elementor-shortcode\"><\/div>\n\t\t\t\t\t\t<\/div>\n\t\t\t\t<\/div>\n\t\t\t\t\t<\/div>\n\t\t<\/div>\n\t\t\t\t\t<\/div>\n\t\t<\/section>\n\t\t\t\t<\/div>\n\t\t","protected":false},"excerpt":{"rendered":"<p>Preguntas frecuentes &#8211; FAQ<\/p>\n","protected":false},"author":1,"featured_media":0,"parent":0,"menu_order":0,"comment_status":"closed","ping_status":"closed","template":"","meta":{"site-sidebar-layout":"no-sidebar","site-content-layout":"page-builder","ast-site-content-layout":"default","site-content-style":"default","site-sidebar-style":"default","ast-global-header-display":"","ast-banner-title-visibility":"","ast-main-header-display":"","ast-hfb-above-header-display":"","ast-hfb-below-header-display":"","ast-hfb-mobile-header-display":"","site-post-title":"disabled","ast-breadcrumbs-content":"","ast-featured-img":"disabled","footer-sml-layout":"","ast-disable-related-posts":"","theme-transparent-header-meta":"default","adv-header-id-meta":"","stick-header-meta":"","header-above-stick-meta":"","header-main-stick-meta":"","header-below-stick-meta":"","astra-migrate-meta-layouts":"default","ast-page-background-enabled":"default","ast-page-background-meta":{"desktop":{"background-color":"","background-image":"","background-repeat":"repeat","background-position":"center center","background-size":"auto","background-attachment":"scroll","background-type":"","background-media":"","overlay-type":"","overlay-color":"","overlay-opacity":"","overlay-gradient":""},"tablet":{"background-color":"","background-image":"","background-repeat":"repeat","background-position":"center center","background-size":"auto","background-attachment":"scroll","background-type":"","background-media":"","overlay-type":"","overlay-color":"","overlay-opacity":"","overlay-gradient":""},"mobile":{"background-color":"","background-image":"","background-repeat":"repeat","background-position":"center center","background-size":"auto","background-attachment":"scroll","background-type":"","background-media":"","overlay-type":"","overlay-color":"","overlay-opacity":"","overlay-gradient":""}},"ast-content-background-meta":{"desktop":{"background-color":"var(--ast-global-color-5)","background-image":"","background-repeat":"repeat","background-position":"center center","background-size":"auto","background-attachment":"scroll","background-type":"","background-media":"","overlay-type":"","overlay-color":"","overlay-opacity":"","overlay-gradient":""},"tablet":{"background-color":"var(--ast-global-color-5)","background-image":"","background-repeat":"repeat","background-position":"center center","background-size":"auto","background-attachment":"scroll","background-type":"","background-media":"","overlay-type":"","overlay-color":"","overlay-opacity":"","overlay-gradient":""},"mobile":{"background-color":"var(--ast-global-color-5)","background-image":"","background-repeat":"repeat","background-position":"center center","background-size":"auto","background-attachment":"scroll","background-type":"","background-media":"","overlay-type":"","overlay-color":"","overlay-opacity":"","overlay-gradient":""}},"footnotes":""},"class_list":["post-5325","page","type-page","status-publish","hentry"],"yoast_head":"<!-- This site is optimized with the Yoast SEO plugin v27.4 - https:\/\/yoast.com\/product\/yoast-seo-wordpress\/ -->\n<title>Plastidip Espa\u00f1a<\/title>\n<meta name=\"description\" content=\"En el carrito de la tienda Plastidip podr\u00e1s ver todos los art\u00edculos a\u00f1adidos antes de efectuar la compra y su correspondiente pago.\" \/>\n<meta name=\"robots\" content=\"index, follow, max-snippet:-1, max-image-preview:large, max-video-preview:-1\" \/>\n<link rel=\"canonical\" href=\"https:\/\/www.plasti-dip.es\/vinilo-liquido\/carrito\/\" \/>\n<meta property=\"og:locale\" content=\"es_ES\" \/>\n<meta property=\"og:type\" content=\"article\" \/>\n<meta property=\"og:title\" content=\"Plastidip Espa\u00f1a\" \/>\n<meta property=\"og:description\" content=\"En el carrito de la tienda Plastidip podr\u00e1s ver todos los art\u00edculos a\u00f1adidos antes de efectuar la compra y su correspondiente pago.\" \/>\n<meta property=\"og:url\" content=\"https:\/\/www.plasti-dip.es\/vinilo-liquido\/carrito\/\" \/>\n<meta property=\"og:site_name\" content=\"Plastidip Espa\u00f1a\" \/>\n<meta property=\"article:publisher\" content=\"https:\/\/www.facebook.com\/trp.plastidip\/\" \/>\n<meta property=\"article:modified_time\" content=\"2020-03-31T09:46:28+00:00\" \/>\n<meta name=\"twitter:card\" content=\"summary_large_image\" \/>\n<!-- \/ Yoast SEO plugin. -->","yoast_head_json":{"title":"Plastidip Espa\u00f1a","description":"En el carrito de la tienda Plastidip podr\u00e1s ver todos los art\u00edculos a\u00f1adidos antes de efectuar la compra y su correspondiente pago.","robots":{"index":"index","follow":"follow","max-snippet":"max-snippet:-1","max-image-preview":"max-image-preview:large","max-video-preview":"max-video-preview:-1"},"canonical":"https:\/\/www.plasti-dip.es\/vinilo-liquido\/carrito\/","og_locale":"es_ES","og_type":"article","og_title":"Plastidip Espa\u00f1a","og_description":"En el carrito de la tienda Plastidip podr\u00e1s ver todos los art\u00edculos a\u00f1adidos antes de efectuar la compra y su correspondiente pago.","og_url":"https:\/\/www.plasti-dip.es\/vinilo-liquido\/carrito\/","og_site_name":"Plastidip Espa\u00f1a","article_publisher":"https:\/\/www.facebook.com\/trp.plastidip\/","article_modified_time":"2020-03-31T09:46:28+00:00","twitter_card":"summary_large_image","schema":{"@context":"https:\/\/schema.org","@graph":[{"@type":"WebPage","@id":"https:\/\/www.plasti-dip.es\/vinilo-liquido\/carrito\/","url":"https:\/\/www.plasti-dip.es\/vinilo-liquido\/carrito\/","name":"Plastidip Espa\u00f1a","isPartOf":{"@id":"https:\/\/www.plasti-dip.es\/vinilo-liquido\/#website"},"datePublished":"2019-08-27T08:37:04+00:00","dateModified":"2020-03-31T09:46:28+00:00","description":"En el carrito de la tienda Plastidip podr\u00e1s ver todos los art\u00edculos a\u00f1adidos antes de efectuar la compra y su correspondiente pago.","breadcrumb":{"@id":"https:\/\/www.plasti-dip.es\/vinilo-liquido\/carrito\/#breadcrumb"},"inLanguage":"es","potentialAction":[{"@type":"ReadAction","target":["https:\/\/www.plasti-dip.es\/vinilo-liquido\/carrito\/"]}]},{"@type":"BreadcrumbList","@id":"https:\/\/www.plasti-dip.es\/vinilo-liquido\/carrito\/#breadcrumb","itemListElement":[{"@type":"ListItem","position":1,"name":"Home","item":"https:\/\/www.plasti-dip.es\/vinilo-liquido\/"},{"@type":"ListItem","position":2,"name":"Carrito"}]},{"@type":"WebSite","@id":"https:\/\/www.plasti-dip.es\/vinilo-liquido\/#website","url":"https:\/\/www.plasti-dip.es\/vinilo-liquido\/","name":"Plastidip Espa\u00f1a","description":"Vinilo l\u00edquido Plastidip - Impresionantemente vers\u00e1til, Removible, Aislante, Impermeable, Antideslizante","publisher":{"@id":"https:\/\/www.plasti-dip.es\/vinilo-liquido\/#organization"},"potentialAction":[{"@type":"SearchAction","target":{"@type":"EntryPoint","urlTemplate":"https:\/\/www.plasti-dip.es\/vinilo-liquido\/?s={search_term_string}"},"query-input":{"@type":"PropertyValueSpecification","valueRequired":true,"valueName":"search_term_string"}}],"inLanguage":"es"},{"@type":"Organization","@id":"https:\/\/www.plasti-dip.es\/vinilo-liquido\/#organization","name":"Plastidip Espa\u00f1a - Technical Racing Products S.L.","url":"https:\/\/www.plasti-dip.es\/vinilo-liquido\/","logo":{"@type":"ImageObject","inLanguage":"es","@id":"https:\/\/www.plasti-dip.es\/vinilo-liquido\/#\/schema\/logo\/image\/","url":"https:\/\/www.plasti-dip.es\/vinilo-liquido\/wp-content\/uploads\/2016\/10\/cropped-Plasti-Dip-Logo.png","contentUrl":"https:\/\/www.plasti-dip.es\/vinilo-liquido\/wp-content\/uploads\/2016\/10\/cropped-Plasti-Dip-Logo.png","width":484,"height":110,"caption":"Plastidip Espa\u00f1a - Technical Racing Products S.L."},"image":{"@id":"https:\/\/www.plasti-dip.es\/vinilo-liquido\/#\/schema\/logo\/image\/"},"sameAs":["https:\/\/www.facebook.com\/trp.plastidip\/","https:\/\/www.youtube.com\/user\/minizchannel"]}]}},"amp_enabled":true,"_links":{"self":[{"href":"https:\/\/www.plasti-dip.es\/vinilo-liquido\/wp-json\/wp\/v2\/pages\/5325","targetHints":{"allow":["GET"]}}],"collection":[{"href":"https:\/\/www.plasti-dip.es\/vinilo-liquido\/wp-json\/wp\/v2\/pages"}],"about":[{"href":"https:\/\/www.plasti-dip.es\/vinilo-liquido\/wp-json\/wp\/v2\/types\/page"}],"author":[{"embeddable":true,"href":"https:\/\/www.plasti-dip.es\/vinilo-liquido\/wp-json\/wp\/v2\/users\/1"}],"replies":[{"embeddable":true,"href":"https:\/\/www.plasti-dip.es\/vinilo-liquido\/wp-json\/wp\/v2\/comments?post=5325"}],"version-history":[{"count":0,"href":"https:\/\/www.plasti-dip.es\/vinilo-liquido\/wp-json\/wp\/v2\/pages\/5325\/revisions"}],"wp:attachment":[{"href":"https:\/\/www.plasti-dip.es\/vinilo-liquido\/wp-json\/wp\/v2\/media?parent=5325"}],"curies":[{"name":"wp","href":"https:\/\/api.w.org\/{rel}","templated":true}]}}