{"id":1217,"date":"2018-07-07T14:25:25","date_gmt":"2018-07-07T12:25:25","guid":{"rendered":"https:\/\/www.plasti-dip.es\/vinilo-liquido\/product\/plastidip-goma-super-antideslizante-spray-transparente\/"},"modified":"2026-04-06T22:34:42","modified_gmt":"2026-04-06T20:34:42","slug":"plastidip-goma-super-antideslizante-spray-transparente","status":"publish","type":"product","link":"https:\/\/www.plasti-dip.es\/vinilo-liquido\/producto\/plastidip-goma-super-antideslizante-spray-transparente\/","title":{"rendered":"Plastidip Super Antideslizante Spray Transparente  SUPERGRIP"},"content":{"rendered":"<p>Producto antideslizante Super Grip, fabricado por Performix, en Spray (326g).<\/p>\n<p>Este producto es completamente transparente y lo utilizaremos para dar grip, tracci&oacute;n a las supericies que queramos.<\/p>\n<p>Modo de empleo:<\/p>\n<p>Debemos limpiar la superficie a la que vamos a aplicar el Super Grip. Agitaremos el bote durante uno o dos minutos. Pulverizaremos el producto Super Grip en el per&iacute;metro de la pieza como en la zona interior (podemos realizar una forma de X si no queremos cubrir toda la pieza). Pulverizaremos a una distancia de unos 15-20cm. Ideal aplicar a temperatura alrededor de 20&ordm;C.<\/p>\n<p>Debemos dejar secar la pieza 8 horas, para que el Super Grip quede fijado completamente y alcance su mejor rendimiento.<\/p>\n<p>El Super Grip es aplicable sobre cualquier superf&iacute;cie, excepto alfombras con reverso de vinilo.<\/p>\n<p><a href=\"https:\/\/www.plasti-dip.es\/vinilo-liquido\/plasti-dip-goma-super-antideslizante-spray-transparente\/\">Descarga la hoja de seguridad<\/a><\/p>\n","protected":false},"excerpt":{"rendered":"<p>Plastidip Super Antideslizante Spray Transparente  SUPERGRIP      <\/p>\n","protected":false},"featured_media":17796,"comment_status":"open","ping_status":"closed","template":"","meta":{"site-sidebar-layout":"default","site-content-layout":"default","ast-site-content-layout":"default","site-content-style":"default","site-sidebar-style":"default","ast-global-header-display":"","ast-banner-title-visibility":"","ast-main-header-display":"","ast-hfb-above-header-display":"","ast-hfb-below-header-display":"","ast-hfb-mobile-header-display":"","site-post-title":"","ast-breadcrumbs-content":"","ast-featured-img":"","footer-sml-layout":"","ast-disable-related-posts":"","theme-transparent-header-meta":"default","adv-header-id-meta":"","stick-header-meta":"","header-above-stick-meta":"","header-main-stick-meta":"","header-below-stick-meta":"","astra-migrate-meta-layouts":"default","ast-page-background-enabled":"default","ast-page-background-meta":{"desktop":{"background-color":"","background-image":"","background-repeat":"repeat","background-position":"center center","background-size":"auto","background-attachment":"scroll","background-type":"","background-media":"","overlay-type":"","overlay-color":"","overlay-opacity":"","overlay-gradient":""},"tablet":{"background-color":"","background-image":"","background-repeat":"repeat","background-position":"center center","background-size":"auto","background-attachment":"scroll","background-type":"","background-media":"","overlay-type":"","overlay-color":"","overlay-opacity":"","overlay-gradient":""},"mobile":{"background-color":"","background-image":"","background-repeat":"repeat","background-position":"center center","background-size":"auto","background-attachment":"scroll","background-type":"","background-media":"","overlay-type":"","overlay-color":"","overlay-opacity":"","overlay-gradient":""}},"ast-content-background-meta":{"desktop":{"background-color":"var(--ast-global-color-5)","background-image":"","background-repeat":"repeat","background-position":"center center","background-size":"auto","background-attachment":"scroll","background-type":"","background-media":"","overlay-type":"","overlay-color":"","overlay-opacity":"","overlay-gradient":""},"tablet":{"background-color":"var(--ast-global-color-5)","background-image":"","background-repeat":"repeat","background-position":"center center","background-size":"auto","background-attachment":"scroll","background-type":"","background-media":"","overlay-type":"","overlay-color":"","overlay-opacity":"","overlay-gradient":""},"mobile":{"background-color":"var(--ast-global-color-5)","background-image":"","background-repeat":"repeat","background-position":"center center","background-size":"auto","background-attachment":"scroll","background-type":"","background-media":"","overlay-type":"","overlay-color":"","overlay-opacity":"","overlay-gradient":""}}},"product_brand":[],"product_cat":[2147],"product_tag":[],"class_list":{"0":"post-1217","1":"product","2":"type-product","3":"status-publish","4":"has-post-thumbnail","6":"product_cat-plastidip-spray-colores-basicos","7":"desktop-align-left","8":"tablet-align-left","9":"mobile-align-left","11":"first","12":"instock","13":"taxable","14":"shipping-taxable","15":"purchasable","16":"product-type-simple"},"yoast_head":"<!-- This site is optimized with the Yoast SEO plugin v27.2 - https:\/\/yoast.com\/product\/yoast-seo-wordpress\/ -->\n<title>Goma antideslizante para todo tipo de superficies transparente<\/title>\n<meta name=\"description\" content=\"Producto antideslizante Super Grip, fabricado por Performix, en Spray (326g).Este producto es completamente transparente y lo utilizaremos para dar grip.\" \/>\n<meta name=\"robots\" content=\"index, follow, max-snippet:-1, max-image-preview:large, max-video-preview:-1\" \/>\n<link rel=\"canonical\" href=\"https:\/\/www.plasti-dip.es\/vinilo-liquido\/producto\/plastidip-goma-super-antideslizante-spray-transparente\/\" \/>\n<meta property=\"og:locale\" content=\"es_ES\" \/>\n<meta property=\"og:type\" content=\"article\" \/>\n<meta property=\"og:title\" content=\"Goma antideslizante para todo tipo de superficies transparente\" \/>\n<meta property=\"og:description\" content=\"Producto antideslizante Super Grip, fabricado por Performix, en Spray (326g).Este producto es completamente transparente y lo utilizaremos para dar grip.\" \/>\n<meta property=\"og:url\" content=\"https:\/\/www.plasti-dip.es\/vinilo-liquido\/producto\/plastidip-goma-super-antideslizante-spray-transparente\/\" \/>\n<meta property=\"og:site_name\" content=\"Plastidip Espa\u00f1a\" \/>\n<meta property=\"article:publisher\" content=\"https:\/\/www.facebook.com\/trp.plastidip\/\" \/>\n<meta property=\"article:modified_time\" content=\"2026-04-06T20:34:42+00:00\" \/>\n<meta property=\"og:image\" content=\"https:\/\/www.plasti-dip.es\/vinilo-liquido\/wp-content\/uploads\/2026\/02\/075815100139.jpg\" \/>\n\t<meta property=\"og:image:width\" content=\"800\" \/>\n\t<meta property=\"og:image:height\" content=\"600\" \/>\n\t<meta property=\"og:image:type\" content=\"image\/jpeg\" \/>\n<meta name=\"twitter:card\" content=\"summary_large_image\" \/>\n<meta name=\"twitter:label1\" content=\"Tiempo de lectura\" \/>\n\t<meta name=\"twitter:data1\" content=\"1 minuto\" \/>\n<!-- \/ Yoast SEO plugin. -->","yoast_head_json":{"title":"Goma antideslizante para todo tipo de superficies transparente","description":"Producto antideslizante Super Grip, fabricado por Performix, en Spray (326g).Este producto es completamente transparente y lo utilizaremos para dar grip.","robots":{"index":"index","follow":"follow","max-snippet":"max-snippet:-1","max-image-preview":"max-image-preview:large","max-video-preview":"max-video-preview:-1"},"canonical":"https:\/\/www.plasti-dip.es\/vinilo-liquido\/producto\/plastidip-goma-super-antideslizante-spray-transparente\/","og_locale":"es_ES","og_type":"article","og_title":"Goma antideslizante para todo tipo de superficies transparente","og_description":"Producto antideslizante Super Grip, fabricado por Performix, en Spray (326g).Este producto es completamente transparente y lo utilizaremos para dar grip.","og_url":"https:\/\/www.plasti-dip.es\/vinilo-liquido\/producto\/plastidip-goma-super-antideslizante-spray-transparente\/","og_site_name":"Plastidip Espa\u00f1a","article_publisher":"https:\/\/www.facebook.com\/trp.plastidip\/","article_modified_time":"2026-04-06T20:34:42+00:00","og_image":[{"width":800,"height":600,"url":"https:\/\/www.plasti-dip.es\/vinilo-liquido\/wp-content\/uploads\/2026\/02\/075815100139.jpg","type":"image\/jpeg"}],"twitter_card":"summary_large_image","twitter_misc":{"Tiempo de lectura":"1 minuto"},"schema":{"@context":"https:\/\/schema.org","@graph":[{"@type":"WebPage","@id":"https:\/\/www.plasti-dip.es\/vinilo-liquido\/producto\/plastidip-goma-super-antideslizante-spray-transparente\/","url":"https:\/\/www.plasti-dip.es\/vinilo-liquido\/producto\/plastidip-goma-super-antideslizante-spray-transparente\/","name":"Goma antideslizante para todo tipo de superficies transparente","isPartOf":{"@id":"https:\/\/www.plasti-dip.es\/vinilo-liquido\/#website"},"primaryImageOfPage":{"@id":"https:\/\/www.plasti-dip.es\/vinilo-liquido\/producto\/plastidip-goma-super-antideslizante-spray-transparente\/#primaryimage"},"image":{"@id":"https:\/\/www.plasti-dip.es\/vinilo-liquido\/producto\/plastidip-goma-super-antideslizante-spray-transparente\/#primaryimage"},"thumbnailUrl":"https:\/\/www.plasti-dip.es\/vinilo-liquido\/wp-content\/uploads\/2026\/02\/075815100139.jpg","datePublished":"2018-07-07T12:25:25+00:00","dateModified":"2026-04-06T20:34:42+00:00","description":"Producto antideslizante Super Grip, fabricado por Performix, en Spray (326g).Este producto es completamente transparente y lo utilizaremos para dar grip.","breadcrumb":{"@id":"https:\/\/www.plasti-dip.es\/vinilo-liquido\/producto\/plastidip-goma-super-antideslizante-spray-transparente\/#breadcrumb"},"inLanguage":"es","potentialAction":[{"@type":"ReadAction","target":["https:\/\/www.plasti-dip.es\/vinilo-liquido\/producto\/plastidip-goma-super-antideslizante-spray-transparente\/"]}]},{"@type":"ImageObject","inLanguage":"es","@id":"https:\/\/www.plasti-dip.es\/vinilo-liquido\/producto\/plastidip-goma-super-antideslizante-spray-transparente\/#primaryimage","url":"https:\/\/www.plasti-dip.es\/vinilo-liquido\/wp-content\/uploads\/2026\/02\/075815100139.jpg","contentUrl":"https:\/\/www.plasti-dip.es\/vinilo-liquido\/wp-content\/uploads\/2026\/02\/075815100139.jpg","width":800,"height":600,"caption":"Plastidip Super Antideslizante Spray Transparente SUPERGRIP"},{"@type":"BreadcrumbList","@id":"https:\/\/www.plasti-dip.es\/vinilo-liquido\/producto\/plastidip-goma-super-antideslizante-spray-transparente\/#breadcrumb","itemListElement":[{"@type":"ListItem","position":1,"name":"Home","item":"https:\/\/www.plasti-dip.es\/vinilo-liquido\/"},{"@type":"ListItem","position":2,"name":"Tienda","item":"https:\/\/www.plasti-dip.es\/vinilo-liquido\/"},{"@type":"ListItem","position":3,"name":"Plastidip Super Antideslizante Spray Transparente SUPERGRIP"}]},{"@type":"WebSite","@id":"https:\/\/www.plasti-dip.es\/vinilo-liquido\/#website","url":"https:\/\/www.plasti-dip.es\/vinilo-liquido\/","name":"Plastidip Espa\u00f1a","description":"Vinilo l\u00edquido Plastidip - Impresionantemente vers\u00e1til, Removible, Aislante, Impermeable, Antideslizante","publisher":{"@id":"https:\/\/www.plasti-dip.es\/vinilo-liquido\/#organization"},"potentialAction":[{"@type":"SearchAction","target":{"@type":"EntryPoint","urlTemplate":"https:\/\/www.plasti-dip.es\/vinilo-liquido\/?s={search_term_string}"},"query-input":{"@type":"PropertyValueSpecification","valueRequired":true,"valueName":"search_term_string"}}],"inLanguage":"es"},{"@type":"Organization","@id":"https:\/\/www.plasti-dip.es\/vinilo-liquido\/#organization","name":"Plastidip Espa\u00f1a - Technical Racing Products S.L.","url":"https:\/\/www.plasti-dip.es\/vinilo-liquido\/","logo":{"@type":"ImageObject","inLanguage":"es","@id":"https:\/\/www.plasti-dip.es\/vinilo-liquido\/#\/schema\/logo\/image\/","url":"https:\/\/www.plasti-dip.es\/vinilo-liquido\/wp-content\/uploads\/2016\/10\/cropped-Plasti-Dip-Logo.png","contentUrl":"https:\/\/www.plasti-dip.es\/vinilo-liquido\/wp-content\/uploads\/2016\/10\/cropped-Plasti-Dip-Logo.png","width":484,"height":110,"caption":"Plastidip Espa\u00f1a - Technical Racing Products S.L."},"image":{"@id":"https:\/\/www.plasti-dip.es\/vinilo-liquido\/#\/schema\/logo\/image\/"},"sameAs":["https:\/\/www.facebook.com\/trp.plastidip\/","https:\/\/www.youtube.com\/user\/minizchannel"]}]}},"amp_enabled":true,"_links":{"self":[{"href":"https:\/\/www.plasti-dip.es\/vinilo-liquido\/wp-json\/wp\/v2\/product\/1217","targetHints":{"allow":["GET"]}}],"collection":[{"href":"https:\/\/www.plasti-dip.es\/vinilo-liquido\/wp-json\/wp\/v2\/product"}],"about":[{"href":"https:\/\/www.plasti-dip.es\/vinilo-liquido\/wp-json\/wp\/v2\/types\/product"}],"replies":[{"embeddable":true,"href":"https:\/\/www.plasti-dip.es\/vinilo-liquido\/wp-json\/wp\/v2\/comments?post=1217"}],"version-history":[{"count":4,"href":"https:\/\/www.plasti-dip.es\/vinilo-liquido\/wp-json\/wp\/v2\/product\/1217\/revisions"}],"predecessor-version":[{"id":17372,"href":"https:\/\/www.plasti-dip.es\/vinilo-liquido\/wp-json\/wp\/v2\/product\/1217\/revisions\/17372"}],"wp:featuredmedia":[{"embeddable":true,"href":"https:\/\/www.plasti-dip.es\/vinilo-liquido\/wp-json\/wp\/v2\/media\/17796"}],"wp:attachment":[{"href":"https:\/\/www.plasti-dip.es\/vinilo-liquido\/wp-json\/wp\/v2\/media?parent=1217"}],"wp:term":[{"taxonomy":"product_brand","embeddable":true,"href":"https:\/\/www.plasti-dip.es\/vinilo-liquido\/wp-json\/wp\/v2\/product_brand?post=1217"},{"taxonomy":"product_cat","embeddable":true,"href":"https:\/\/www.plasti-dip.es\/vinilo-liquido\/wp-json\/wp\/v2\/product_cat?post=1217"},{"taxonomy":"product_tag","embeddable":true,"href":"https:\/\/www.plasti-dip.es\/vinilo-liquido\/wp-json\/wp\/v2\/product_tag?post=1217"}],"curies":[{"name":"wp","href":"https:\/\/api.w.org\/{rel}","templated":true}]}}