{"id":1237,"date":"2018-07-07T14:25:51","date_gmt":"2018-07-07T12:25:51","guid":{"rendered":"https:\/\/www.plasti-dip.es\/vinilo-liquido\/product\/plastidip-goma-liquida-flex-azul-mate-3kg-3-78l-formato-usa\/"},"modified":"2026-02-22T15:05:34","modified_gmt":"2026-02-22T13:05:34","slug":"plastidip-goma-liquida-flex-azul-mate-3kg-3-78l-formato-usa","status":"publish","type":"product","link":"https:\/\/www.plasti-dip.es\/vinilo-liquido\/producto\/plastidip-goma-liquida-flex-azul-mate-3kg-3-78l-formato-usa\/","title":{"rendered":"Plastidip Goma L\u00edquida Flex\/Azul Mate (3Kg\/3.78L) formato USA"},"content":{"rendered":"<p style=\"text-align: justify\">Bote de pintura l\u00edquida PLASTI DIP, en color Azul Flex mate. Contiene 3.78 litros (3kg.) de pintura (formato USA).<\/p>\n<p>Esta pintura se utiliza para recubrir objetos y protegerlos de las inclemencias del tiempo (agua), del los rayos UV, etc. Una vez seco permanece flexible y completamente inoloro. Es a prueba de agua.<\/p>\n<p>Las pinturas PLASTI DIP, una vez secas, se pueden quitar tirando de ellas, como si se tratara de una fina pel\u00edcula adhesiva. No necesitamos lijar la pieza ni utilizar ning\u00fan tipo de disolvente para el despintado.<\/p>\n<p>La goma l\u00edquida PLASTI DIP forma una capa protectora, de caucho, muy \u00fatil para sellar, amortiguar y enmarcar. Se utiliza tambi\u00e9n como producto antideslizante. Especialmente recomendado para su uso en interiores y exteriores ya que soporta temperaturas extremas, desde -34\u00baC hasta 93\u00baC. Tambi\u00e9n es resistente a \u00e1cidos, alcalinos, sales, aceites, as\u00ed como a muchisimos agentes qu\u00edmicos.<\/p>\n<p>No contiene silicona y una vez seca, se puede quitar facilmente.<\/p>\n<p>Especialmente adherente a metales, madera, pl\u00e1sticos, vidrio, telas , lana, piedra, fibras de vidrio o de carbono, etc. Para aumentar su adherencia podemos usar el producto de imprimaci\u00f3n especialmente dise&ntilde;ado para la goma l\u00edquida Plasti Dip.<\/p>\n<p>Modo de empleo:<\/p>\n<p>La superf\u00edcie a proteger debe estar seca, limpia, y libre de substancias que dificulten su adherencia. Antes de abrir el bote y aplicar el producto, agitar suavemente y abrir. Debemos dejarlo reposar unos minutos para evitar burbujas de aire.<br \/>\nPodemos aplicar la pintura PLASTI DIP utilizando un pincel o brocha, tambi\u00e9n podemos pulverizarla, y tambi\u00e9n podemos trabajar por inmersi\u00f3n sumergiendo la pieza dentro del bote de pintura.<\/p>\n<p style=\"text-align: justify\">Para pulverizarla, necesitamos diluir la pintura utiliz\u00e1ndo para ello el disolvemte PLASTI DIP.<br \/>\nPara conseguir un buen acabado cuando pintamos por pulverizaci\u00f3n, tenemos que pintar a base de dar finas capas (de 4 a 6 capas de media), dejando un tiempo m\u00ednimo de secado entre capa y capa, de unos 6-10 minutos.<br \/>\nEn este caso de pulverizar, recomendamos la utilizaci\u00f3n de pistolas el\u00e9ctricas (o tambi\u00e9n denominadas de turbina).<\/p>\n<p style=\"text-align: justify\">Informaci\u00f3n t\u00e9cnica de la pintura PLASTI DIP:<\/p>\n<p>&#8211; Estable a temperaturas entre -34\u00baC y 93\u00baC.<br \/>\n&#8211; Temperatura \u00f3ptima de aplicaci\u00f3n, alrededor de 20\u00baC.<br \/>\n&#8211; Tiempo m\u00ednimo de secado al contacto. 5 min. aprox.<br \/>\n&#8211; Tiempo de secado completo: 1 hora, dependiendo del grosor y del n\u00famero de capas aplicadas.<br \/>\n&#8211; El fabricante recomienda capas de 0.2mm de grosor, que requerir\u00e1n 150gr de producto por m2.<br \/>\n&nbsp;<\/p>\n","protected":false},"excerpt":{"rendered":"<p>Plastidip Goma L\u00edquida Flex\/Azul Mate (3Kg\/3.78L) formato USA  <\/p>\n","protected":false},"featured_media":17669,"comment_status":"open","ping_status":"closed","template":"","meta":{"site-sidebar-layout":"default","site-content-layout":"default","ast-site-content-layout":"default","site-content-style":"default","site-sidebar-style":"default","ast-global-header-display":"","ast-banner-title-visibility":"","ast-main-header-display":"","ast-hfb-above-header-display":"","ast-hfb-below-header-display":"","ast-hfb-mobile-header-display":"","site-post-title":"","ast-breadcrumbs-content":"","ast-featured-img":"","footer-sml-layout":"","ast-disable-related-posts":"","theme-transparent-header-meta":"default","adv-header-id-meta":"","stick-header-meta":"","header-above-stick-meta":"","header-main-stick-meta":"","header-below-stick-meta":"","astra-migrate-meta-layouts":"default","ast-page-background-enabled":"default","ast-page-background-meta":{"desktop":{"background-color":"","background-image":"","background-repeat":"repeat","background-position":"center center","background-size":"auto","background-attachment":"scroll","background-type":"","background-media":"","overlay-type":"","overlay-color":"","overlay-opacity":"","overlay-gradient":""},"tablet":{"background-color":"","background-image":"","background-repeat":"repeat","background-position":"center center","background-size":"auto","background-attachment":"scroll","background-type":"","background-media":"","overlay-type":"","overlay-color":"","overlay-opacity":"","overlay-gradient":""},"mobile":{"background-color":"","background-image":"","background-repeat":"repeat","background-position":"center center","background-size":"auto","background-attachment":"scroll","background-type":"","background-media":"","overlay-type":"","overlay-color":"","overlay-opacity":"","overlay-gradient":""}},"ast-content-background-meta":{"desktop":{"background-color":"var(--ast-global-color-5)","background-image":"","background-repeat":"repeat","background-position":"center center","background-size":"auto","background-attachment":"scroll","background-type":"","background-media":"","overlay-type":"","overlay-color":"","overlay-opacity":"","overlay-gradient":""},"tablet":{"background-color":"var(--ast-global-color-5)","background-image":"","background-repeat":"repeat","background-position":"center center","background-size":"auto","background-attachment":"scroll","background-type":"","background-media":"","overlay-type":"","overlay-color":"","overlay-opacity":"","overlay-gradient":""},"mobile":{"background-color":"var(--ast-global-color-5)","background-image":"","background-repeat":"repeat","background-position":"center center","background-size":"auto","background-attachment":"scroll","background-type":"","background-media":"","overlay-type":"","overlay-color":"","overlay-opacity":"","overlay-gradient":""}}},"product_brand":[],"product_cat":[2148],"product_tag":[],"class_list":{"0":"post-1237","1":"product","2":"type-product","3":"status-publish","4":"has-post-thumbnail","6":"product_cat-plastidip-goma-liquida-3-kg","7":"desktop-align-left","8":"tablet-align-left","9":"mobile-align-left","11":"first","12":"outofstock","13":"taxable","14":"shipping-taxable","15":"purchasable","16":"product-type-simple"},"yoast_head":"<!-- This site is optimized with the Yoast SEO plugin v27.2 - https:\/\/yoast.com\/product\/yoast-seo-wordpress\/ -->\n<title>Formato industrial para vinilo l\u00edquido plastidip azul flex<\/title>\n<meta name=\"description\" content=\"Bote de pintura l\u00edquida PLASTI DIP, en color Azul Flex mate. Contiene 3.78 litros (3kg.) de pintura (formato USA). \u00a1Conoce m\u00e1s!\" \/>\n<meta name=\"robots\" content=\"index, follow, max-snippet:-1, max-image-preview:large, max-video-preview:-1\" \/>\n<link rel=\"canonical\" href=\"https:\/\/www.plasti-dip.es\/vinilo-liquido\/producto\/plastidip-goma-liquida-flex-azul-mate-3kg-3-78l-formato-usa\/\" \/>\n<meta property=\"og:locale\" content=\"es_ES\" \/>\n<meta property=\"og:type\" content=\"article\" \/>\n<meta property=\"og:title\" content=\"Formato industrial para vinilo l\u00edquido plastidip azul flex\" \/>\n<meta property=\"og:description\" content=\"Bote de pintura l\u00edquida PLASTI DIP, en color Azul Flex mate. Contiene 3.78 litros (3kg.) de pintura (formato USA). \u00a1Conoce m\u00e1s!\" \/>\n<meta property=\"og:url\" content=\"https:\/\/www.plasti-dip.es\/vinilo-liquido\/producto\/plastidip-goma-liquida-flex-azul-mate-3kg-3-78l-formato-usa\/\" \/>\n<meta property=\"og:site_name\" content=\"Plastidip Espa\u00f1a\" \/>\n<meta property=\"article:publisher\" content=\"https:\/\/www.facebook.com\/trp.plastidip\/\" \/>\n<meta property=\"article:modified_time\" content=\"2026-02-22T13:05:34+00:00\" \/>\n<meta property=\"og:image\" content=\"https:\/\/www.plasti-dip.es\/vinilo-liquido\/wp-content\/uploads\/2026\/02\/10170.jpg\" \/>\n\t<meta property=\"og:image:width\" content=\"640\" \/>\n\t<meta property=\"og:image:height\" content=\"480\" \/>\n\t<meta property=\"og:image:type\" content=\"image\/jpeg\" \/>\n<meta name=\"twitter:card\" content=\"summary_large_image\" \/>\n<meta name=\"twitter:label1\" content=\"Tiempo de lectura\" \/>\n\t<meta name=\"twitter:data1\" content=\"2 minutos\" \/>\n<!-- \/ Yoast SEO plugin. -->","yoast_head_json":{"title":"Formato industrial para vinilo l\u00edquido plastidip azul flex","description":"Bote de pintura l\u00edquida PLASTI DIP, en color Azul Flex mate. Contiene 3.78 litros (3kg.) de pintura (formato USA). \u00a1Conoce m\u00e1s!","robots":{"index":"index","follow":"follow","max-snippet":"max-snippet:-1","max-image-preview":"max-image-preview:large","max-video-preview":"max-video-preview:-1"},"canonical":"https:\/\/www.plasti-dip.es\/vinilo-liquido\/producto\/plastidip-goma-liquida-flex-azul-mate-3kg-3-78l-formato-usa\/","og_locale":"es_ES","og_type":"article","og_title":"Formato industrial para vinilo l\u00edquido plastidip azul flex","og_description":"Bote de pintura l\u00edquida PLASTI DIP, en color Azul Flex mate. Contiene 3.78 litros (3kg.) de pintura (formato USA). \u00a1Conoce m\u00e1s!","og_url":"https:\/\/www.plasti-dip.es\/vinilo-liquido\/producto\/plastidip-goma-liquida-flex-azul-mate-3kg-3-78l-formato-usa\/","og_site_name":"Plastidip Espa\u00f1a","article_publisher":"https:\/\/www.facebook.com\/trp.plastidip\/","article_modified_time":"2026-02-22T13:05:34+00:00","og_image":[{"width":640,"height":480,"url":"https:\/\/www.plasti-dip.es\/vinilo-liquido\/wp-content\/uploads\/2026\/02\/10170.jpg","type":"image\/jpeg"}],"twitter_card":"summary_large_image","twitter_misc":{"Tiempo de lectura":"2 minutos"},"schema":{"@context":"https:\/\/schema.org","@graph":[{"@type":"WebPage","@id":"https:\/\/www.plasti-dip.es\/vinilo-liquido\/producto\/plastidip-goma-liquida-flex-azul-mate-3kg-3-78l-formato-usa\/","url":"https:\/\/www.plasti-dip.es\/vinilo-liquido\/producto\/plastidip-goma-liquida-flex-azul-mate-3kg-3-78l-formato-usa\/","name":"Formato industrial para vinilo l\u00edquido plastidip azul flex","isPartOf":{"@id":"https:\/\/www.plasti-dip.es\/vinilo-liquido\/#website"},"primaryImageOfPage":{"@id":"https:\/\/www.plasti-dip.es\/vinilo-liquido\/producto\/plastidip-goma-liquida-flex-azul-mate-3kg-3-78l-formato-usa\/#primaryimage"},"image":{"@id":"https:\/\/www.plasti-dip.es\/vinilo-liquido\/producto\/plastidip-goma-liquida-flex-azul-mate-3kg-3-78l-formato-usa\/#primaryimage"},"thumbnailUrl":"https:\/\/www.plasti-dip.es\/vinilo-liquido\/wp-content\/uploads\/2026\/02\/10170.jpg","datePublished":"2018-07-07T12:25:51+00:00","dateModified":"2026-02-22T13:05:34+00:00","description":"Bote de pintura l\u00edquida PLASTI DIP, en color Azul Flex mate. Contiene 3.78 litros (3kg.) de pintura (formato USA). \u00a1Conoce m\u00e1s!","breadcrumb":{"@id":"https:\/\/www.plasti-dip.es\/vinilo-liquido\/producto\/plastidip-goma-liquida-flex-azul-mate-3kg-3-78l-formato-usa\/#breadcrumb"},"inLanguage":"es","potentialAction":[{"@type":"ReadAction","target":["https:\/\/www.plasti-dip.es\/vinilo-liquido\/producto\/plastidip-goma-liquida-flex-azul-mate-3kg-3-78l-formato-usa\/"]}]},{"@type":"ImageObject","inLanguage":"es","@id":"https:\/\/www.plasti-dip.es\/vinilo-liquido\/producto\/plastidip-goma-liquida-flex-azul-mate-3kg-3-78l-formato-usa\/#primaryimage","url":"https:\/\/www.plasti-dip.es\/vinilo-liquido\/wp-content\/uploads\/2026\/02\/10170.jpg","contentUrl":"https:\/\/www.plasti-dip.es\/vinilo-liquido\/wp-content\/uploads\/2026\/02\/10170.jpg","width":640,"height":480,"caption":"Plastidip Goma L\u00edquida Flex\/Azul Mate (3Kg\/3.78L) formato USA"},{"@type":"BreadcrumbList","@id":"https:\/\/www.plasti-dip.es\/vinilo-liquido\/producto\/plastidip-goma-liquida-flex-azul-mate-3kg-3-78l-formato-usa\/#breadcrumb","itemListElement":[{"@type":"ListItem","position":1,"name":"Home","item":"https:\/\/www.plasti-dip.es\/vinilo-liquido\/"},{"@type":"ListItem","position":2,"name":"Tienda","item":"https:\/\/www.plasti-dip.es\/vinilo-liquido\/"},{"@type":"ListItem","position":3,"name":"Plastidip Goma L\u00edquida Flex\/Azul Mate (3Kg\/3.78L) formato USA"}]},{"@type":"WebSite","@id":"https:\/\/www.plasti-dip.es\/vinilo-liquido\/#website","url":"https:\/\/www.plasti-dip.es\/vinilo-liquido\/","name":"Plastidip Espa\u00f1a","description":"Vinilo l\u00edquido Plastidip - Impresionantemente vers\u00e1til, Removible, Aislante, Impermeable, Antideslizante","publisher":{"@id":"https:\/\/www.plasti-dip.es\/vinilo-liquido\/#organization"},"potentialAction":[{"@type":"SearchAction","target":{"@type":"EntryPoint","urlTemplate":"https:\/\/www.plasti-dip.es\/vinilo-liquido\/?s={search_term_string}"},"query-input":{"@type":"PropertyValueSpecification","valueRequired":true,"valueName":"search_term_string"}}],"inLanguage":"es"},{"@type":"Organization","@id":"https:\/\/www.plasti-dip.es\/vinilo-liquido\/#organization","name":"Plastidip Espa\u00f1a - Technical Racing Products S.L.","url":"https:\/\/www.plasti-dip.es\/vinilo-liquido\/","logo":{"@type":"ImageObject","inLanguage":"es","@id":"https:\/\/www.plasti-dip.es\/vinilo-liquido\/#\/schema\/logo\/image\/","url":"https:\/\/www.plasti-dip.es\/vinilo-liquido\/wp-content\/uploads\/2016\/10\/cropped-Plasti-Dip-Logo.png","contentUrl":"https:\/\/www.plasti-dip.es\/vinilo-liquido\/wp-content\/uploads\/2016\/10\/cropped-Plasti-Dip-Logo.png","width":484,"height":110,"caption":"Plastidip Espa\u00f1a - Technical Racing Products S.L."},"image":{"@id":"https:\/\/www.plasti-dip.es\/vinilo-liquido\/#\/schema\/logo\/image\/"},"sameAs":["https:\/\/www.facebook.com\/trp.plastidip\/","https:\/\/www.youtube.com\/user\/minizchannel"]}]}},"amp_enabled":true,"_links":{"self":[{"href":"https:\/\/www.plasti-dip.es\/vinilo-liquido\/wp-json\/wp\/v2\/product\/1237","targetHints":{"allow":["GET"]}}],"collection":[{"href":"https:\/\/www.plasti-dip.es\/vinilo-liquido\/wp-json\/wp\/v2\/product"}],"about":[{"href":"https:\/\/www.plasti-dip.es\/vinilo-liquido\/wp-json\/wp\/v2\/types\/product"}],"replies":[{"embeddable":true,"href":"https:\/\/www.plasti-dip.es\/vinilo-liquido\/wp-json\/wp\/v2\/comments?post=1237"}],"version-history":[{"count":3,"href":"https:\/\/www.plasti-dip.es\/vinilo-liquido\/wp-json\/wp\/v2\/product\/1237\/revisions"}],"predecessor-version":[{"id":17655,"href":"https:\/\/www.plasti-dip.es\/vinilo-liquido\/wp-json\/wp\/v2\/product\/1237\/revisions\/17655"}],"wp:featuredmedia":[{"embeddable":true,"href":"https:\/\/www.plasti-dip.es\/vinilo-liquido\/wp-json\/wp\/v2\/media\/17669"}],"wp:attachment":[{"href":"https:\/\/www.plasti-dip.es\/vinilo-liquido\/wp-json\/wp\/v2\/media?parent=1237"}],"wp:term":[{"taxonomy":"product_brand","embeddable":true,"href":"https:\/\/www.plasti-dip.es\/vinilo-liquido\/wp-json\/wp\/v2\/product_brand?post=1237"},{"taxonomy":"product_cat","embeddable":true,"href":"https:\/\/www.plasti-dip.es\/vinilo-liquido\/wp-json\/wp\/v2\/product_cat?post=1237"},{"taxonomy":"product_tag","embeddable":true,"href":"https:\/\/www.plasti-dip.es\/vinilo-liquido\/wp-json\/wp\/v2\/product_tag?post=1237"}],"curies":[{"name":"wp","href":"https:\/\/api.w.org\/{rel}","templated":true}]}}