{"id":1253,"date":"2018-07-07T14:26:18","date_gmt":"2018-07-07T12:26:18","guid":{"rendered":"https:\/\/www.plasti-dip.es\/vinilo-liquido\/product\/plastidip-vinilo-liquido-spray-efecto-brillo\/"},"modified":"2026-03-26T23:34:42","modified_gmt":"2026-03-26T21:34:42","slug":"plastidip-vinilo-liquido-spray-efecto-brillo","status":"publish","type":"product","link":"https:\/\/www.plasti-dip.es\/vinilo-liquido\/producto\/plastidip-vinilo-liquido-spray-efecto-brillo\/","title":{"rendered":"Plastidip Efecto Brillo Vinilo l\u00edquido Spray"},"content":{"rendered":"<p>Bote de pintura en Spray (400ml) de PLASTI DIP en color Efecto brillo (Fade Buster), en formato USA.<\/p>\n<p>Los botes de Pintura Plasti Dip denominados &quot;Efecto&quot;, tienen las mismas caracter&iacute;sticas que los colores b&aacute;sicos Plasti Dip, y est&aacute;n pensados para conseguir diferentes tonalidades al pulverizarlos sobre la gama de colores b&aacute;sicos de Plasti Dip.<\/p>\n<p>El efecto Brillo lo utilizaremos para dar un acabado brillante a cualquier superf&iacute;cie que hayamos pintado previamente con pinttura Plasti Dip (los colores Plasti Dip siempre tienen acabado mate).<\/p>\n<p>Esta pintura se utiliza para recubrir objetos y protegerlos de las inclemencias del tiempo (agua), del los rayos UV, etc. Una vez seco permanece flexible y completamente inoloro.<\/p>\n<p>Es a prueba de agua.<\/p>\n<p>Las pinturas PLASTI DIP, una vez secas, se pueden quitar tirando de ellas, como si se tratara de una fina pel&iacute;cula adhesiva. No necesitamos lijar la pieza ni utilizar ning&uacute;n tipo de disolvente para el despintado.<\/p>\n<p>La goma l&iacute;quida PLASTI DIP forma una capa protectora, de caucho, muy &uacute;til para sellar, amortiguar y enmarcar. Se utiliza tambi&eacute;n como producto antideslizante. Especialmente recomendado para su uso en interiores y exteriores ya que soporta temperaturas extremas, desde -34&ordm;C hasta 93&ordm;C. Tambi&eacute;n es resistente a &aacute;cidos, alcalinos, sales, aceites, as&iacute; como a muchisimos agentes qu&iacute;micos.<\/p>\n<p>No contiene silicona y una vez seca, se puede quitar facilmente.<\/p>\n<p>Especialmente adherente a metales, madera, pl&aacute;sticos, vidrio, telas , lana, piedra, fibras de vidrio o de carbono, etc. Para aumentar su adherencia podemos usar el producto de imprimaci&oacute;n especialmente dise&ntilde;ado para la goma l&iacute;quida Plasti Dip.<br \/>\nModo de empleo:<\/p>\n<p>La superf&iacute;cie a proteger debe estar seca, limpia, y libre de substancias que dificulten su adherencia. Antes de abrir el bote y aplicar el producto, agitar suavemente y abrir. Debemos dejarlo reposar unos minutos para evitar burbujas de aire.<\/p>\n<p>Podemos aplicar la pintura PLASTI DIP utilizando un pincel o brocha, tambi&eacute;n podemos pulverizarla, y tambi&eacute;n podemos trabajar por inmersi&oacute;n sumergiendo la pieza dentro del bote de pintura.<\/p>\n<p>Para pulverizarla, podemos utilizar el bote de Spray de pintura Plasti Dip, o bien el bote de pintur al&iacute;quida utiliz&aacute;ndo el disolvemte PLASTI DIP para dilu&iuml;r la pintura.<\/p>\n<p>Para conseguir un buen acabado cuando pintamos por pulverizaci&oacute;n, tenemos que pintar a base de dar finas capas (de 4 a 6 capas de media), dejando un tiempo m&iacute;nimo de secado entre capa y capa, de unos 6-10 minutos.<\/p>\n<p>En este caso de pulverizar, recomendamos la utilizaci&oacute;n de pistolas el&eacute;ctricas (o tambi&eacute;n denominadas de turbina).<\/p>\n<p>Informaci&oacute;n t&eacute;cnica de la pintura PLASTI DIP:<\/p>\n<p>&#8211; Estable a temperaturas entre -34&ordm;C y 93&ordm;C.<br \/>\n&#8211; Temperatura &oacute;ptima de aplicaci&oacute;n, alrededor de 20&ordm;C.<br \/>\n&#8211; Tiempo m&iacute;nimo de secado al contacto. 5 min. aprox.<br \/>\n&#8211; Tiempo de secado completo: 1 hora, dependiendo del grosor y del n&uacute;mero de capas aplicadas.<br \/>\n&#8211; El fabricante recomienda capas de 0.2mm de grosor, que requerir&aacute;n 150gr de producto por m2.<\/p>\n<p>\n<a href=\"https:\/\/www.plasti-dip.es\/vinilo-liquido\/descarga-hoja-de-seguridad-vinilo-liquido-plasti-dip-spray-efecto-brillo\/\">Descarga la hoja de seguridad<\/a><\/p>\n","protected":false},"excerpt":{"rendered":"<p>Plastidip Efecto Brillo Vinilo l\u00edquido Spray <\/p>\n","protected":false},"featured_media":17892,"comment_status":"open","ping_status":"closed","template":"","meta":{"site-sidebar-layout":"default","site-content-layout":"default","ast-site-content-layout":"default","site-content-style":"default","site-sidebar-style":"default","ast-global-header-display":"","ast-banner-title-visibility":"","ast-main-header-display":"","ast-hfb-above-header-display":"","ast-hfb-below-header-display":"","ast-hfb-mobile-header-display":"","site-post-title":"","ast-breadcrumbs-content":"","ast-featured-img":"","footer-sml-layout":"","ast-disable-related-posts":"","theme-transparent-header-meta":"default","adv-header-id-meta":"","stick-header-meta":"","header-above-stick-meta":"","header-main-stick-meta":"","header-below-stick-meta":"","astra-migrate-meta-layouts":"default","ast-page-background-enabled":"default","ast-page-background-meta":{"desktop":{"background-color":"","background-image":"","background-repeat":"repeat","background-position":"center center","background-size":"auto","background-attachment":"scroll","background-type":"","background-media":"","overlay-type":"","overlay-color":"","overlay-opacity":"","overlay-gradient":""},"tablet":{"background-color":"","background-image":"","background-repeat":"repeat","background-position":"center center","background-size":"auto","background-attachment":"scroll","background-type":"","background-media":"","overlay-type":"","overlay-color":"","overlay-opacity":"","overlay-gradient":""},"mobile":{"background-color":"","background-image":"","background-repeat":"repeat","background-position":"center center","background-size":"auto","background-attachment":"scroll","background-type":"","background-media":"","overlay-type":"","overlay-color":"","overlay-opacity":"","overlay-gradient":""}},"ast-content-background-meta":{"desktop":{"background-color":"var(--ast-global-color-5)","background-image":"","background-repeat":"repeat","background-position":"center center","background-size":"auto","background-attachment":"scroll","background-type":"","background-media":"","overlay-type":"","overlay-color":"","overlay-opacity":"","overlay-gradient":""},"tablet":{"background-color":"var(--ast-global-color-5)","background-image":"","background-repeat":"repeat","background-position":"center center","background-size":"auto","background-attachment":"scroll","background-type":"","background-media":"","overlay-type":"","overlay-color":"","overlay-opacity":"","overlay-gradient":""},"mobile":{"background-color":"var(--ast-global-color-5)","background-image":"","background-repeat":"repeat","background-position":"center center","background-size":"auto","background-attachment":"scroll","background-type":"","background-media":"","overlay-type":"","overlay-color":"","overlay-opacity":"","overlay-gradient":""}}},"product_brand":[],"product_cat":[2156],"product_tag":[],"class_list":{"0":"post-1253","1":"product","2":"type-product","3":"status-publish","4":"has-post-thumbnail","6":"product_cat-plastidip-spray-efectos-acabados","7":"desktop-align-left","8":"tablet-align-left","9":"mobile-align-left","11":"first","12":"instock","13":"taxable","14":"shipping-taxable","15":"purchasable","16":"product-type-simple"},"yoast_head":"<!-- This site is optimized with the Yoast SEO plugin v27.2 - https:\/\/yoast.com\/product\/yoast-seo-wordpress\/ -->\n<title>Vinilo l\u00edquido plastidip en spray acabado efecto brillo<\/title>\n<meta name=\"description\" content=\"Bote de pintura en Spray (400ml) de PLASTI DIP en color Efecto brillo (Fade Buster), en formato USA. Se denominan &quot;Efectos&quot;\" \/>\n<meta name=\"robots\" content=\"index, follow, max-snippet:-1, max-image-preview:large, max-video-preview:-1\" \/>\n<link rel=\"canonical\" href=\"https:\/\/www.plasti-dip.es\/vinilo-liquido\/producto\/plastidip-vinilo-liquido-spray-efecto-brillo\/\" \/>\n<meta property=\"og:locale\" content=\"es_ES\" \/>\n<meta property=\"og:type\" content=\"article\" \/>\n<meta property=\"og:title\" content=\"Vinilo l\u00edquido plastidip en spray acabado efecto brillo\" \/>\n<meta property=\"og:description\" content=\"Bote de pintura en Spray (400ml) de PLASTI DIP en color Efecto brillo (Fade Buster), en formato USA. Se denominan &quot;Efectos&quot;\" \/>\n<meta property=\"og:url\" content=\"https:\/\/www.plasti-dip.es\/vinilo-liquido\/producto\/plastidip-vinilo-liquido-spray-efecto-brillo\/\" \/>\n<meta property=\"og:site_name\" content=\"Plastidip Espa\u00f1a\" \/>\n<meta property=\"article:publisher\" content=\"https:\/\/www.facebook.com\/trp.plastidip\/\" \/>\n<meta property=\"article:modified_time\" content=\"2026-03-26T21:34:42+00:00\" \/>\n<meta property=\"og:image\" content=\"https:\/\/www.plasti-dip.es\/vinilo-liquido\/wp-content\/uploads\/2026\/02\/075815112125-1.jpg\" \/>\n\t<meta property=\"og:image:width\" content=\"640\" \/>\n\t<meta property=\"og:image:height\" content=\"480\" \/>\n\t<meta property=\"og:image:type\" content=\"image\/jpeg\" \/>\n<meta name=\"twitter:card\" content=\"summary_large_image\" \/>\n<meta name=\"twitter:label1\" content=\"Tiempo de lectura\" \/>\n\t<meta name=\"twitter:data1\" content=\"3 minutos\" \/>\n<!-- \/ Yoast SEO plugin. -->","yoast_head_json":{"title":"Vinilo l\u00edquido plastidip en spray acabado efecto brillo","description":"Bote de pintura en Spray (400ml) de PLASTI DIP en color Efecto brillo (Fade Buster), en formato USA. Se denominan \"Efectos\"","robots":{"index":"index","follow":"follow","max-snippet":"max-snippet:-1","max-image-preview":"max-image-preview:large","max-video-preview":"max-video-preview:-1"},"canonical":"https:\/\/www.plasti-dip.es\/vinilo-liquido\/producto\/plastidip-vinilo-liquido-spray-efecto-brillo\/","og_locale":"es_ES","og_type":"article","og_title":"Vinilo l\u00edquido plastidip en spray acabado efecto brillo","og_description":"Bote de pintura en Spray (400ml) de PLASTI DIP en color Efecto brillo (Fade Buster), en formato USA. Se denominan \"Efectos\"","og_url":"https:\/\/www.plasti-dip.es\/vinilo-liquido\/producto\/plastidip-vinilo-liquido-spray-efecto-brillo\/","og_site_name":"Plastidip Espa\u00f1a","article_publisher":"https:\/\/www.facebook.com\/trp.plastidip\/","article_modified_time":"2026-03-26T21:34:42+00:00","og_image":[{"width":640,"height":480,"url":"https:\/\/www.plasti-dip.es\/vinilo-liquido\/wp-content\/uploads\/2026\/02\/075815112125-1.jpg","type":"image\/jpeg"}],"twitter_card":"summary_large_image","twitter_misc":{"Tiempo de lectura":"3 minutos"},"schema":{"@context":"https:\/\/schema.org","@graph":[{"@type":"WebPage","@id":"https:\/\/www.plasti-dip.es\/vinilo-liquido\/producto\/plastidip-vinilo-liquido-spray-efecto-brillo\/","url":"https:\/\/www.plasti-dip.es\/vinilo-liquido\/producto\/plastidip-vinilo-liquido-spray-efecto-brillo\/","name":"Vinilo l\u00edquido plastidip en spray acabado efecto brillo","isPartOf":{"@id":"https:\/\/www.plasti-dip.es\/vinilo-liquido\/#website"},"primaryImageOfPage":{"@id":"https:\/\/www.plasti-dip.es\/vinilo-liquido\/producto\/plastidip-vinilo-liquido-spray-efecto-brillo\/#primaryimage"},"image":{"@id":"https:\/\/www.plasti-dip.es\/vinilo-liquido\/producto\/plastidip-vinilo-liquido-spray-efecto-brillo\/#primaryimage"},"thumbnailUrl":"https:\/\/www.plasti-dip.es\/vinilo-liquido\/wp-content\/uploads\/2026\/03\/075815112125.jpg","datePublished":"2018-07-07T12:26:18+00:00","dateModified":"2026-03-26T21:34:42+00:00","description":"Bote de pintura en Spray (400ml) de PLASTI DIP en color Efecto brillo (Fade Buster), en formato USA. Se denominan \"Efectos\"","breadcrumb":{"@id":"https:\/\/www.plasti-dip.es\/vinilo-liquido\/producto\/plastidip-vinilo-liquido-spray-efecto-brillo\/#breadcrumb"},"inLanguage":"es","potentialAction":[{"@type":"ReadAction","target":["https:\/\/www.plasti-dip.es\/vinilo-liquido\/producto\/plastidip-vinilo-liquido-spray-efecto-brillo\/"]}]},{"@type":"ImageObject","inLanguage":"es","@id":"https:\/\/www.plasti-dip.es\/vinilo-liquido\/producto\/plastidip-vinilo-liquido-spray-efecto-brillo\/#primaryimage","url":"https:\/\/www.plasti-dip.es\/vinilo-liquido\/wp-content\/uploads\/2026\/03\/075815112125.jpg","contentUrl":"https:\/\/www.plasti-dip.es\/vinilo-liquido\/wp-content\/uploads\/2026\/03\/075815112125.jpg","width":640,"height":480,"caption":"Plastidip Efecto Brillo Vinilo l\u00edquido Spray"},{"@type":"BreadcrumbList","@id":"https:\/\/www.plasti-dip.es\/vinilo-liquido\/producto\/plastidip-vinilo-liquido-spray-efecto-brillo\/#breadcrumb","itemListElement":[{"@type":"ListItem","position":1,"name":"Home","item":"https:\/\/www.plasti-dip.es\/vinilo-liquido\/"},{"@type":"ListItem","position":2,"name":"Tienda","item":"https:\/\/www.plasti-dip.es\/vinilo-liquido\/"},{"@type":"ListItem","position":3,"name":"Plastidip Efecto Brillo Vinilo l\u00edquido Spray"}]},{"@type":"WebSite","@id":"https:\/\/www.plasti-dip.es\/vinilo-liquido\/#website","url":"https:\/\/www.plasti-dip.es\/vinilo-liquido\/","name":"Plastidip Espa\u00f1a","description":"Vinilo l\u00edquido Plastidip - Impresionantemente vers\u00e1til, Removible, Aislante, Impermeable, Antideslizante","publisher":{"@id":"https:\/\/www.plasti-dip.es\/vinilo-liquido\/#organization"},"potentialAction":[{"@type":"SearchAction","target":{"@type":"EntryPoint","urlTemplate":"https:\/\/www.plasti-dip.es\/vinilo-liquido\/?s={search_term_string}"},"query-input":{"@type":"PropertyValueSpecification","valueRequired":true,"valueName":"search_term_string"}}],"inLanguage":"es"},{"@type":"Organization","@id":"https:\/\/www.plasti-dip.es\/vinilo-liquido\/#organization","name":"Plastidip Espa\u00f1a - Technical Racing Products S.L.","url":"https:\/\/www.plasti-dip.es\/vinilo-liquido\/","logo":{"@type":"ImageObject","inLanguage":"es","@id":"https:\/\/www.plasti-dip.es\/vinilo-liquido\/#\/schema\/logo\/image\/","url":"https:\/\/www.plasti-dip.es\/vinilo-liquido\/wp-content\/uploads\/2016\/10\/cropped-Plasti-Dip-Logo.png","contentUrl":"https:\/\/www.plasti-dip.es\/vinilo-liquido\/wp-content\/uploads\/2016\/10\/cropped-Plasti-Dip-Logo.png","width":484,"height":110,"caption":"Plastidip Espa\u00f1a - Technical Racing Products S.L."},"image":{"@id":"https:\/\/www.plasti-dip.es\/vinilo-liquido\/#\/schema\/logo\/image\/"},"sameAs":["https:\/\/www.facebook.com\/trp.plastidip\/","https:\/\/www.youtube.com\/user\/minizchannel"]}]}},"amp_enabled":true,"_links":{"self":[{"href":"https:\/\/www.plasti-dip.es\/vinilo-liquido\/wp-json\/wp\/v2\/product\/1253","targetHints":{"allow":["GET"]}}],"collection":[{"href":"https:\/\/www.plasti-dip.es\/vinilo-liquido\/wp-json\/wp\/v2\/product"}],"about":[{"href":"https:\/\/www.plasti-dip.es\/vinilo-liquido\/wp-json\/wp\/v2\/types\/product"}],"replies":[{"embeddable":true,"href":"https:\/\/www.plasti-dip.es\/vinilo-liquido\/wp-json\/wp\/v2\/comments?post=1253"}],"version-history":[{"count":3,"href":"https:\/\/www.plasti-dip.es\/vinilo-liquido\/wp-json\/wp\/v2\/product\/1253\/revisions"}],"predecessor-version":[{"id":15868,"href":"https:\/\/www.plasti-dip.es\/vinilo-liquido\/wp-json\/wp\/v2\/product\/1253\/revisions\/15868"}],"wp:featuredmedia":[{"embeddable":true,"href":"https:\/\/www.plasti-dip.es\/vinilo-liquido\/wp-json\/wp\/v2\/media\/17892"}],"wp:attachment":[{"href":"https:\/\/www.plasti-dip.es\/vinilo-liquido\/wp-json\/wp\/v2\/media?parent=1253"}],"wp:term":[{"taxonomy":"product_brand","embeddable":true,"href":"https:\/\/www.plasti-dip.es\/vinilo-liquido\/wp-json\/wp\/v2\/product_brand?post=1253"},{"taxonomy":"product_cat","embeddable":true,"href":"https:\/\/www.plasti-dip.es\/vinilo-liquido\/wp-json\/wp\/v2\/product_cat?post=1253"},{"taxonomy":"product_tag","embeddable":true,"href":"https:\/\/www.plasti-dip.es\/vinilo-liquido\/wp-json\/wp\/v2\/product_tag?post=1253"}],"curies":[{"name":"wp","href":"https:\/\/api.w.org\/{rel}","templated":true}]}}