{"id":13634,"date":"2021-05-05T11:56:19","date_gmt":"2021-05-05T09:56:19","guid":{"rendered":"https:\/\/www.plasti-dip.es\/vinilo-liquido\/producto\/plastidip-goma-protectora-en-spray-negro-mate-2\/"},"modified":"2026-04-14T00:50:16","modified_gmt":"2026-04-13T22:50:16","slug":"plastidip-goma-protectora-en-spray-negro-mate-2","status":"publish","type":"product","link":"https:\/\/www.plasti-dip.es\/vinilo-liquido\/producto\/plastidip-goma-protectora-en-spray-negro-mate-2\/","title":{"rendered":"Plasti Dip  NEGRO Glossy Spray vinilo liquido"},"content":{"rendered":"<h2>Plastidip Vinilo l&iacute;quido &#8211; Goma L&iacute;quida protectora y resistente al agua, en color Negro <strong>brillante<\/strong> en spray.<\/h2>\n<p>Se utiliza para <strong>recubrir objetos<\/strong> y protegerlos de las inclemencias del tiempo (agua), del los rayos UV, etc. Una vez seco <strong>permanece flexible<\/strong> y completamente inoloro. Es a prueba de agua. La goma l&iacute;quida Plasti Dip es una capa protectora de <strong>caucho<\/strong> muy &uacute;til para <strong>sellar<\/strong>, amortiguar y enmarcar. Se utiliza tambi&eacute;n como producto <strong>antideslizante<\/strong>. Especialmente recomendado para su uso en interiores y exteriores ya que soporta temperaturas extremas, desde -34&ordm;C hasta 93&ordm;C. Tambi&eacute;n es resistente a &aacute;cidos, alcalinos, sales, aceites, as&iacute; como a muchisimos agentes qu&iacute;micos.<br \/>\nTambien <strong>aisla de la electricidad<\/strong>, creando un efecto como la que crearia la cinta aislante<br \/>\n<strong>No contiene silicona<\/strong> y una vez seco, se puede quitar facilmente.<br \/>\nEspecialmente adherente a metales, madera, pl&aacute;sticos, vidrio, telas , lana, piedras, fibras de vidrio o de carbono, etc. Para aumentar su adherencia podemos usar el producto de imprimaci&oacute;n especialmente dise&ntilde;ado para la goma l&iacute;quida Plasti Dip.<\/p>\n<h2>Modo de empleo de plastidip:<\/h2>\n<p>La superf&iacute;cie a proteger debe estar seca, limpia, y libre de substancias que dificulten su adherencia. Antes de abrir el bote y pulverizar el producto, agitar suavemente. Debemos dejarlo reposar unos minutos para evitar burbujas de aire. Deberemos aplicar varias capas de pintura, dejando un tiempo m&iacute;nimo recomendado de secado, de unos 10 min. entre cada capa.<\/p>\n<h2>Informaci&oacute;n t&eacute;cnica del plastidip:<\/h2>\n<p>Estable a temperaturas entre -34C y 93C.<br \/>\nTemperatura &oacute;ptima de aplicaci&oacute;n, alrededor de 20C.<br \/>\nTiempo m&iacute;nimo de secado al contacto. 5 min. aprox.<br \/>\nTiempo de secado completo: 1 hora, dependiendo del grosor y del n&uacute;mero de capas aplicadas.<br \/>\nEl fabricante recomienda capas de 0.2mm de grosor, que requerir m&aacute;s o menos 150gr de producto por m2.<\/p>\n<p><a href=\"https:\/\/www.plasti-dip.es\/vinilo-liquido\/preguntas-frecuentes-vinilo-liquido\">Si teneis dudas sobre la aplicacion del vinilo l&iacute;quido esta es una buena guia<\/a><\/p>\n<h2>Otros Colores b&aacute;sicos de plastidip<\/h2>\n<ul>\n<li>Vinilo en Spray Azul<\/li>\n<li>Vinilo en Spray Blanco<\/li>\n<li>Vinilo en Spray Amarillo<\/li>\n<li>Vinilo en Spray Azul Flex<\/li>\n<li>Vinilo en Spray Burple<\/li>\n<li>Vinilo en Spray Gris<\/li>\n<li>Vinilo en Spray Incoloro<\/li>\n<li>Vinilo en Spray Mandarina<\/li>\n<li>Vinilo en Spray Negro Azulado<\/li>\n<li>Vinilo en Spray Negro Cereza<\/li>\n<li>Vinilo en Spray Rojo<\/li>\n<li>Vinilo en Spray Negro (Mate)<\/li>\n<li>Vinilo en Spray Negro Brillante<\/li>\n<\/ul>\n","protected":false},"excerpt":{"rendered":"<p>Plasti Dip  NEGRO Glossy Spray vinilo liquido         <\/p>\n","protected":false},"featured_media":17858,"comment_status":"open","ping_status":"closed","template":"","meta":{"site-sidebar-layout":"default","site-content-layout":"default","ast-site-content-layout":"default","site-content-style":"default","site-sidebar-style":"default","ast-global-header-display":"","ast-banner-title-visibility":"","ast-main-header-display":"","ast-hfb-above-header-display":"","ast-hfb-below-header-display":"","ast-hfb-mobile-header-display":"","site-post-title":"","ast-breadcrumbs-content":"","ast-featured-img":"","footer-sml-layout":"","ast-disable-related-posts":"","theme-transparent-header-meta":"default","adv-header-id-meta":"","stick-header-meta":"","header-above-stick-meta":"","header-main-stick-meta":"","header-below-stick-meta":"","astra-migrate-meta-layouts":"default","ast-page-background-enabled":"default","ast-page-background-meta":{"desktop":{"background-color":"","background-image":"","background-repeat":"repeat","background-position":"center center","background-size":"auto","background-attachment":"scroll","background-type":"","background-media":"","overlay-type":"","overlay-color":"","overlay-opacity":"","overlay-gradient":""},"tablet":{"background-color":"","background-image":"","background-repeat":"repeat","background-position":"center center","background-size":"auto","background-attachment":"scroll","background-type":"","background-media":"","overlay-type":"","overlay-color":"","overlay-opacity":"","overlay-gradient":""},"mobile":{"background-color":"","background-image":"","background-repeat":"repeat","background-position":"center center","background-size":"auto","background-attachment":"scroll","background-type":"","background-media":"","overlay-type":"","overlay-color":"","overlay-opacity":"","overlay-gradient":""}},"ast-content-background-meta":{"desktop":{"background-color":"var(--ast-global-color-5)","background-image":"","background-repeat":"repeat","background-position":"center center","background-size":"auto","background-attachment":"scroll","background-type":"","background-media":"","overlay-type":"","overlay-color":"","overlay-opacity":"","overlay-gradient":""},"tablet":{"background-color":"var(--ast-global-color-5)","background-image":"","background-repeat":"repeat","background-position":"center center","background-size":"auto","background-attachment":"scroll","background-type":"","background-media":"","overlay-type":"","overlay-color":"","overlay-opacity":"","overlay-gradient":""},"mobile":{"background-color":"var(--ast-global-color-5)","background-image":"","background-repeat":"repeat","background-position":"center center","background-size":"auto","background-attachment":"scroll","background-type":"","background-media":"","overlay-type":"","overlay-color":"","overlay-opacity":"","overlay-gradient":""}}},"product_brand":[],"product_cat":[2147],"product_tag":[],"class_list":{"0":"post-13634","1":"product","2":"type-product","3":"status-publish","4":"has-post-thumbnail","6":"product_cat-plastidip-spray-colores-basicos","7":"desktop-align-left","8":"tablet-align-left","9":"mobile-align-left","11":"first","12":"instock","13":"taxable","14":"shipping-taxable","15":"purchasable","16":"product-type-simple"},"yoast_head":"<!-- This site is optimized with the Yoast SEO plugin v27.2 - https:\/\/yoast.com\/product\/yoast-seo-wordpress\/ -->\n<title>Plastidip Goma Protectora Plasti-Dip en Spray Negro Brillo<\/title>\n<meta name=\"description\" content=\"Goma L\u00edquida protectora y resistente al agua, en color negro brillo en spray. Se utiliza para recubrir objetos y protegerlos\" \/>\n<meta name=\"robots\" content=\"index, follow, max-snippet:-1, max-image-preview:large, max-video-preview:-1\" \/>\n<link rel=\"canonical\" href=\"https:\/\/www.plasti-dip.es\/vinilo-liquido\/producto\/plastidip-goma-protectora-en-spray-negro-mate-2\/\" \/>\n<meta property=\"og:locale\" content=\"es_ES\" \/>\n<meta property=\"og:type\" content=\"article\" \/>\n<meta property=\"og:title\" content=\"Plastidip Goma Protectora Plasti-Dip en Spray Negro Brillo\" \/>\n<meta property=\"og:description\" content=\"Goma L\u00edquida protectora y resistente al agua, en color negro brillo en spray. Se utiliza para recubrir objetos y protegerlos\" \/>\n<meta property=\"og:url\" content=\"https:\/\/www.plasti-dip.es\/vinilo-liquido\/producto\/plastidip-goma-protectora-en-spray-negro-mate-2\/\" \/>\n<meta property=\"og:site_name\" content=\"Plastidip Espa\u00f1a\" \/>\n<meta property=\"article:publisher\" content=\"https:\/\/www.facebook.com\/trp.plastidip\/\" \/>\n<meta property=\"article:modified_time\" content=\"2026-04-13T22:50:16+00:00\" \/>\n<meta property=\"og:image\" content=\"https:\/\/www.plasti-dip.es\/vinilo-liquido\/wp-content\/uploads\/2026\/02\/075815112972.jpg\" \/>\n\t<meta property=\"og:image:width\" content=\"800\" \/>\n\t<meta property=\"og:image:height\" content=\"600\" \/>\n\t<meta property=\"og:image:type\" content=\"image\/jpeg\" \/>\n<meta name=\"twitter:card\" content=\"summary_large_image\" \/>\n<meta name=\"twitter:label1\" content=\"Tiempo de lectura\" \/>\n\t<meta name=\"twitter:data1\" content=\"2 minutos\" \/>\n<!-- \/ Yoast SEO plugin. -->","yoast_head_json":{"title":"Plastidip Goma Protectora Plasti-Dip en Spray Negro Brillo","description":"Goma L\u00edquida protectora y resistente al agua, en color negro brillo en spray. Se utiliza para recubrir objetos y protegerlos","robots":{"index":"index","follow":"follow","max-snippet":"max-snippet:-1","max-image-preview":"max-image-preview:large","max-video-preview":"max-video-preview:-1"},"canonical":"https:\/\/www.plasti-dip.es\/vinilo-liquido\/producto\/plastidip-goma-protectora-en-spray-negro-mate-2\/","og_locale":"es_ES","og_type":"article","og_title":"Plastidip Goma Protectora Plasti-Dip en Spray Negro Brillo","og_description":"Goma L\u00edquida protectora y resistente al agua, en color negro brillo en spray. Se utiliza para recubrir objetos y protegerlos","og_url":"https:\/\/www.plasti-dip.es\/vinilo-liquido\/producto\/plastidip-goma-protectora-en-spray-negro-mate-2\/","og_site_name":"Plastidip Espa\u00f1a","article_publisher":"https:\/\/www.facebook.com\/trp.plastidip\/","article_modified_time":"2026-04-13T22:50:16+00:00","og_image":[{"width":800,"height":600,"url":"https:\/\/www.plasti-dip.es\/vinilo-liquido\/wp-content\/uploads\/2026\/02\/075815112972.jpg","type":"image\/jpeg"}],"twitter_card":"summary_large_image","twitter_misc":{"Tiempo de lectura":"2 minutos"},"schema":{"@context":"https:\/\/schema.org","@graph":[{"@type":"WebPage","@id":"https:\/\/www.plasti-dip.es\/vinilo-liquido\/producto\/plastidip-goma-protectora-en-spray-negro-mate-2\/","url":"https:\/\/www.plasti-dip.es\/vinilo-liquido\/producto\/plastidip-goma-protectora-en-spray-negro-mate-2\/","name":"Plastidip Goma Protectora Plasti-Dip en Spray Negro Brillo","isPartOf":{"@id":"https:\/\/www.plasti-dip.es\/vinilo-liquido\/#website"},"primaryImageOfPage":{"@id":"https:\/\/www.plasti-dip.es\/vinilo-liquido\/producto\/plastidip-goma-protectora-en-spray-negro-mate-2\/#primaryimage"},"image":{"@id":"https:\/\/www.plasti-dip.es\/vinilo-liquido\/producto\/plastidip-goma-protectora-en-spray-negro-mate-2\/#primaryimage"},"thumbnailUrl":"https:\/\/www.plasti-dip.es\/vinilo-liquido\/wp-content\/uploads\/2026\/02\/075815112972.jpg","datePublished":"2021-05-05T09:56:19+00:00","dateModified":"2026-04-13T22:50:16+00:00","description":"Goma L\u00edquida protectora y resistente al agua, en color negro brillo en spray. Se utiliza para recubrir objetos y protegerlos","breadcrumb":{"@id":"https:\/\/www.plasti-dip.es\/vinilo-liquido\/producto\/plastidip-goma-protectora-en-spray-negro-mate-2\/#breadcrumb"},"inLanguage":"es","potentialAction":[{"@type":"ReadAction","target":["https:\/\/www.plasti-dip.es\/vinilo-liquido\/producto\/plastidip-goma-protectora-en-spray-negro-mate-2\/"]}]},{"@type":"ImageObject","inLanguage":"es","@id":"https:\/\/www.plasti-dip.es\/vinilo-liquido\/producto\/plastidip-goma-protectora-en-spray-negro-mate-2\/#primaryimage","url":"https:\/\/www.plasti-dip.es\/vinilo-liquido\/wp-content\/uploads\/2026\/02\/075815112972.jpg","contentUrl":"https:\/\/www.plasti-dip.es\/vinilo-liquido\/wp-content\/uploads\/2026\/02\/075815112972.jpg","width":800,"height":600,"caption":"Plasti Dip NEGRO Glossy Spray vinilo liquido"},{"@type":"BreadcrumbList","@id":"https:\/\/www.plasti-dip.es\/vinilo-liquido\/producto\/plastidip-goma-protectora-en-spray-negro-mate-2\/#breadcrumb","itemListElement":[{"@type":"ListItem","position":1,"name":"Home","item":"https:\/\/www.plasti-dip.es\/vinilo-liquido\/"},{"@type":"ListItem","position":2,"name":"Tienda","item":"https:\/\/www.plasti-dip.es\/vinilo-liquido\/"},{"@type":"ListItem","position":3,"name":"Plasti Dip NEGRO Glossy Spray vinilo liquido"}]},{"@type":"WebSite","@id":"https:\/\/www.plasti-dip.es\/vinilo-liquido\/#website","url":"https:\/\/www.plasti-dip.es\/vinilo-liquido\/","name":"Plastidip Espa\u00f1a","description":"Vinilo l\u00edquido Plastidip - Impresionantemente vers\u00e1til, Removible, Aislante, Impermeable, Antideslizante","publisher":{"@id":"https:\/\/www.plasti-dip.es\/vinilo-liquido\/#organization"},"potentialAction":[{"@type":"SearchAction","target":{"@type":"EntryPoint","urlTemplate":"https:\/\/www.plasti-dip.es\/vinilo-liquido\/?s={search_term_string}"},"query-input":{"@type":"PropertyValueSpecification","valueRequired":true,"valueName":"search_term_string"}}],"inLanguage":"es"},{"@type":"Organization","@id":"https:\/\/www.plasti-dip.es\/vinilo-liquido\/#organization","name":"Plastidip Espa\u00f1a - Technical Racing Products S.L.","url":"https:\/\/www.plasti-dip.es\/vinilo-liquido\/","logo":{"@type":"ImageObject","inLanguage":"es","@id":"https:\/\/www.plasti-dip.es\/vinilo-liquido\/#\/schema\/logo\/image\/","url":"https:\/\/www.plasti-dip.es\/vinilo-liquido\/wp-content\/uploads\/2016\/10\/cropped-Plasti-Dip-Logo.png","contentUrl":"https:\/\/www.plasti-dip.es\/vinilo-liquido\/wp-content\/uploads\/2016\/10\/cropped-Plasti-Dip-Logo.png","width":484,"height":110,"caption":"Plastidip Espa\u00f1a - Technical Racing Products S.L."},"image":{"@id":"https:\/\/www.plasti-dip.es\/vinilo-liquido\/#\/schema\/logo\/image\/"},"sameAs":["https:\/\/www.facebook.com\/trp.plastidip\/","https:\/\/www.youtube.com\/user\/minizchannel"]}]}},"amp_enabled":true,"_links":{"self":[{"href":"https:\/\/www.plasti-dip.es\/vinilo-liquido\/wp-json\/wp\/v2\/product\/13634","targetHints":{"allow":["GET"]}}],"collection":[{"href":"https:\/\/www.plasti-dip.es\/vinilo-liquido\/wp-json\/wp\/v2\/product"}],"about":[{"href":"https:\/\/www.plasti-dip.es\/vinilo-liquido\/wp-json\/wp\/v2\/types\/product"}],"replies":[{"embeddable":true,"href":"https:\/\/www.plasti-dip.es\/vinilo-liquido\/wp-json\/wp\/v2\/comments?post=13634"}],"version-history":[{"count":8,"href":"https:\/\/www.plasti-dip.es\/vinilo-liquido\/wp-json\/wp\/v2\/product\/13634\/revisions"}],"predecessor-version":[{"id":15513,"href":"https:\/\/www.plasti-dip.es\/vinilo-liquido\/wp-json\/wp\/v2\/product\/13634\/revisions\/15513"}],"wp:featuredmedia":[{"embeddable":true,"href":"https:\/\/www.plasti-dip.es\/vinilo-liquido\/wp-json\/wp\/v2\/media\/17858"}],"wp:attachment":[{"href":"https:\/\/www.plasti-dip.es\/vinilo-liquido\/wp-json\/wp\/v2\/media?parent=13634"}],"wp:term":[{"taxonomy":"product_brand","embeddable":true,"href":"https:\/\/www.plasti-dip.es\/vinilo-liquido\/wp-json\/wp\/v2\/product_brand?post=13634"},{"taxonomy":"product_cat","embeddable":true,"href":"https:\/\/www.plasti-dip.es\/vinilo-liquido\/wp-json\/wp\/v2\/product_cat?post=13634"},{"taxonomy":"product_tag","embeddable":true,"href":"https:\/\/www.plasti-dip.es\/vinilo-liquido\/wp-json\/wp\/v2\/product_tag?post=13634"}],"curies":[{"name":"wp","href":"https:\/\/api.w.org\/{rel}","templated":true}]}}