{"id":1383,"date":"2018-07-07T14:29:34","date_gmt":"2018-07-07T12:29:34","guid":{"rendered":"https:\/\/www.plasti-dip.es\/vinilo-liquido\/product\/plastidip-imprimacion-transparente-en-spray-400ml\/"},"modified":"2026-03-26T23:35:18","modified_gmt":"2026-03-26T21:35:18","slug":"plastidip-imprimacion-transparente-en-spray-400ml","status":"publish","type":"product","link":"https:\/\/www.plasti-dip.es\/vinilo-liquido\/producto\/plastidip-imprimacion-transparente-en-spray-400ml\/","title":{"rendered":"Plastidip Imprimaci\u00f3n Transparente en spray (400ml) PRIMER"},"content":{"rendered":"<p>Spray de Plasti Dip<strong> Imprimaci&oacute;n Transparente<\/strong> (311g).<br \/>\nEste producto se utiliza &uacute;nicamente para aumentar la adherencia de la pintura Plasti Dip, y por lo tanto, una vez aplicada esta imprimaci&oacute;n, no permitir&aacute; que la pintura se pueda remover como si se tratara de un vinilo.<\/p>\n<p>Modo de empleo:<br \/>\nDebemos aplicar una sola capa de este producto sobre la superf&iacute;cie que queramos recubrir con Plasti Dip. Pulverizaremos a una distancia entre 15 y 20 cm. de la pieza, y siempre en zigzag, abriendo y cerrando la boquilla a cada pasada.<br \/>\nEste producto es transparente, por lo que es importante cerciorarnos de que hemos recubierto totalmente la superf&iacute;cie de la pieza que posteriormente cubriremos con pintura b&aacute;sica Plasti Dip.<\/p>\n<p><div class=\"ast-oembed-container \" style=\"height: 100%;\"><iframe title=\"\u00bfQu\u00e9 es la imprimaci\u00f3n de Plasti-Dip? - MiniZ Channel - 286\" width=\"500\" height=\"281\" src=\"https:\/\/www.youtube.com\/embed\/OxPSH8KiB0Q?feature=oembed\" frameborder=\"0\" allow=\"accelerometer; autoplay; clipboard-write; encrypted-media; gyroscope; picture-in-picture; web-share\" referrerpolicy=\"strict-origin-when-cross-origin\" allowfullscreen><\/iframe><\/div>\n<\/p>\n<p>\n<a href=\"https:\/\/www.plasti-dip.es\/vinilo-liquido\/descarga-hoja-de-seguridad-vinilo-liquido-plasti-dip-spray-imprimacion-transparente\/\">Descarga la hoja de seguridad<\/a><\/p>\n","protected":false},"excerpt":{"rendered":"<p>Plastidip Imprimaci\u00f3n Transparente en spray (400ml) PRIMER           <\/p>\n","protected":false},"featured_media":17780,"comment_status":"open","ping_status":"closed","template":"","meta":{"site-sidebar-layout":"default","site-content-layout":"default","ast-site-content-layout":"default","site-content-style":"default","site-sidebar-style":"default","ast-global-header-display":"","ast-banner-title-visibility":"","ast-main-header-display":"","ast-hfb-above-header-display":"","ast-hfb-below-header-display":"","ast-hfb-mobile-header-display":"","site-post-title":"","ast-breadcrumbs-content":"","ast-featured-img":"","footer-sml-layout":"","ast-disable-related-posts":"","theme-transparent-header-meta":"default","adv-header-id-meta":"","stick-header-meta":"","header-above-stick-meta":"","header-main-stick-meta":"","header-below-stick-meta":"","astra-migrate-meta-layouts":"default","ast-page-background-enabled":"default","ast-page-background-meta":{"desktop":{"background-color":"","background-image":"","background-repeat":"repeat","background-position":"center center","background-size":"auto","background-attachment":"scroll","background-type":"","background-media":"","overlay-type":"","overlay-color":"","overlay-opacity":"","overlay-gradient":""},"tablet":{"background-color":"","background-image":"","background-repeat":"repeat","background-position":"center center","background-size":"auto","background-attachment":"scroll","background-type":"","background-media":"","overlay-type":"","overlay-color":"","overlay-opacity":"","overlay-gradient":""},"mobile":{"background-color":"","background-image":"","background-repeat":"repeat","background-position":"center center","background-size":"auto","background-attachment":"scroll","background-type":"","background-media":"","overlay-type":"","overlay-color":"","overlay-opacity":"","overlay-gradient":""}},"ast-content-background-meta":{"desktop":{"background-color":"var(--ast-global-color-5)","background-image":"","background-repeat":"repeat","background-position":"center center","background-size":"auto","background-attachment":"scroll","background-type":"","background-media":"","overlay-type":"","overlay-color":"","overlay-opacity":"","overlay-gradient":""},"tablet":{"background-color":"var(--ast-global-color-5)","background-image":"","background-repeat":"repeat","background-position":"center center","background-size":"auto","background-attachment":"scroll","background-type":"","background-media":"","overlay-type":"","overlay-color":"","overlay-opacity":"","overlay-gradient":""},"mobile":{"background-color":"var(--ast-global-color-5)","background-image":"","background-repeat":"repeat","background-position":"center center","background-size":"auto","background-attachment":"scroll","background-type":"","background-media":"","overlay-type":"","overlay-color":"","overlay-opacity":"","overlay-gradient":""}}},"product_brand":[],"product_cat":[2156],"product_tag":[],"class_list":{"0":"post-1383","1":"product","2":"type-product","3":"status-publish","4":"has-post-thumbnail","6":"product_cat-plastidip-spray-efectos-acabados","7":"desktop-align-left","8":"tablet-align-left","9":"mobile-align-left","11":"first","12":"instock","13":"taxable","14":"shipping-taxable","15":"purchasable","16":"product-type-simple"},"yoast_head":"<!-- This site is optimized with the Yoast SEO plugin v27.4 - https:\/\/yoast.com\/product\/yoast-seo-wordpress\/ -->\n<title>Imprimaci\u00f3n plastidip para fijar el vinilo l\u00edquido permanentemente<\/title>\n<meta name=\"description\" content=\"Spray de Plasti Dip Imprimaci\u00f3n Transparente (311g). Este producto se utiliza \u00fanicamente para aumentar la adherencia de la pintura Plasti Dip.\" \/>\n<meta name=\"robots\" content=\"index, follow, max-snippet:-1, max-image-preview:large, max-video-preview:-1\" \/>\n<link rel=\"canonical\" href=\"https:\/\/www.plasti-dip.es\/vinilo-liquido\/producto\/plastidip-imprimacion-transparente-en-spray-400ml\/\" \/>\n<meta property=\"og:locale\" content=\"es_ES\" \/>\n<meta property=\"og:type\" content=\"article\" \/>\n<meta property=\"og:title\" content=\"Imprimaci\u00f3n plastidip para fijar el vinilo l\u00edquido permanentemente\" \/>\n<meta property=\"og:description\" content=\"Spray de Plasti Dip Imprimaci\u00f3n Transparente (311g). Este producto se utiliza \u00fanicamente para aumentar la adherencia de la pintura Plasti Dip.\" \/>\n<meta property=\"og:url\" content=\"https:\/\/www.plasti-dip.es\/vinilo-liquido\/producto\/plastidip-imprimacion-transparente-en-spray-400ml\/\" \/>\n<meta property=\"og:site_name\" content=\"Plastidip Espa\u00f1a\" \/>\n<meta property=\"article:publisher\" content=\"https:\/\/www.facebook.com\/trp.plastidip\/\" \/>\n<meta property=\"article:modified_time\" content=\"2026-03-26T21:35:18+00:00\" \/>\n<meta property=\"og:image\" content=\"https:\/\/www.plasti-dip.es\/vinilo-liquido\/wp-content\/uploads\/2026\/02\/075815412096.jpg\" \/>\n\t<meta property=\"og:image:width\" content=\"800\" \/>\n\t<meta property=\"og:image:height\" content=\"600\" \/>\n\t<meta property=\"og:image:type\" content=\"image\/jpeg\" \/>\n<meta name=\"twitter:card\" content=\"summary_large_image\" \/>\n<meta name=\"twitter:label1\" content=\"Tiempo de lectura\" \/>\n\t<meta name=\"twitter:data1\" content=\"1 minuto\" \/>\n<!-- \/ Yoast SEO plugin. -->","yoast_head_json":{"title":"Imprimaci\u00f3n plastidip para fijar el vinilo l\u00edquido permanentemente","description":"Spray de Plasti Dip Imprimaci\u00f3n Transparente (311g). Este producto se utiliza \u00fanicamente para aumentar la adherencia de la pintura Plasti Dip.","robots":{"index":"index","follow":"follow","max-snippet":"max-snippet:-1","max-image-preview":"max-image-preview:large","max-video-preview":"max-video-preview:-1"},"canonical":"https:\/\/www.plasti-dip.es\/vinilo-liquido\/producto\/plastidip-imprimacion-transparente-en-spray-400ml\/","og_locale":"es_ES","og_type":"article","og_title":"Imprimaci\u00f3n plastidip para fijar el vinilo l\u00edquido permanentemente","og_description":"Spray de Plasti Dip Imprimaci\u00f3n Transparente (311g). Este producto se utiliza \u00fanicamente para aumentar la adherencia de la pintura Plasti Dip.","og_url":"https:\/\/www.plasti-dip.es\/vinilo-liquido\/producto\/plastidip-imprimacion-transparente-en-spray-400ml\/","og_site_name":"Plastidip Espa\u00f1a","article_publisher":"https:\/\/www.facebook.com\/trp.plastidip\/","article_modified_time":"2026-03-26T21:35:18+00:00","og_image":[{"width":800,"height":600,"url":"https:\/\/www.plasti-dip.es\/vinilo-liquido\/wp-content\/uploads\/2026\/02\/075815412096.jpg","type":"image\/jpeg"}],"twitter_card":"summary_large_image","twitter_misc":{"Tiempo de lectura":"1 minuto"},"schema":{"@context":"https:\/\/schema.org","@graph":[{"@type":"WebPage","@id":"https:\/\/www.plasti-dip.es\/vinilo-liquido\/producto\/plastidip-imprimacion-transparente-en-spray-400ml\/","url":"https:\/\/www.plasti-dip.es\/vinilo-liquido\/producto\/plastidip-imprimacion-transparente-en-spray-400ml\/","name":"Imprimaci\u00f3n plastidip para fijar el vinilo l\u00edquido permanentemente","isPartOf":{"@id":"https:\/\/www.plasti-dip.es\/vinilo-liquido\/#website"},"primaryImageOfPage":{"@id":"https:\/\/www.plasti-dip.es\/vinilo-liquido\/producto\/plastidip-imprimacion-transparente-en-spray-400ml\/#primaryimage"},"image":{"@id":"https:\/\/www.plasti-dip.es\/vinilo-liquido\/producto\/plastidip-imprimacion-transparente-en-spray-400ml\/#primaryimage"},"thumbnailUrl":"https:\/\/www.plasti-dip.es\/vinilo-liquido\/wp-content\/uploads\/2026\/02\/075815412096.jpg","datePublished":"2018-07-07T12:29:34+00:00","dateModified":"2026-03-26T21:35:18+00:00","description":"Spray de Plasti Dip Imprimaci\u00f3n Transparente (311g). Este producto se utiliza \u00fanicamente para aumentar la adherencia de la pintura Plasti Dip.","breadcrumb":{"@id":"https:\/\/www.plasti-dip.es\/vinilo-liquido\/producto\/plastidip-imprimacion-transparente-en-spray-400ml\/#breadcrumb"},"inLanguage":"es","potentialAction":[{"@type":"ReadAction","target":["https:\/\/www.plasti-dip.es\/vinilo-liquido\/producto\/plastidip-imprimacion-transparente-en-spray-400ml\/"]}]},{"@type":"ImageObject","inLanguage":"es","@id":"https:\/\/www.plasti-dip.es\/vinilo-liquido\/producto\/plastidip-imprimacion-transparente-en-spray-400ml\/#primaryimage","url":"https:\/\/www.plasti-dip.es\/vinilo-liquido\/wp-content\/uploads\/2026\/02\/075815412096.jpg","contentUrl":"https:\/\/www.plasti-dip.es\/vinilo-liquido\/wp-content\/uploads\/2026\/02\/075815412096.jpg","width":800,"height":600,"caption":"Plastidip Imprimaci\u00f3n Transparente en spray (400ml) PRIMER"},{"@type":"BreadcrumbList","@id":"https:\/\/www.plasti-dip.es\/vinilo-liquido\/producto\/plastidip-imprimacion-transparente-en-spray-400ml\/#breadcrumb","itemListElement":[{"@type":"ListItem","position":1,"name":"Home","item":"https:\/\/www.plasti-dip.es\/vinilo-liquido\/"},{"@type":"ListItem","position":2,"name":"Tienda","item":"https:\/\/www.plasti-dip.es\/vinilo-liquido\/"},{"@type":"ListItem","position":3,"name":"Plastidip Imprimaci\u00f3n Transparente en spray (400ml) PRIMER"}]},{"@type":"WebSite","@id":"https:\/\/www.plasti-dip.es\/vinilo-liquido\/#website","url":"https:\/\/www.plasti-dip.es\/vinilo-liquido\/","name":"Plastidip Espa\u00f1a","description":"Vinilo l\u00edquido Plastidip - Impresionantemente vers\u00e1til, Removible, Aislante, Impermeable, Antideslizante","publisher":{"@id":"https:\/\/www.plasti-dip.es\/vinilo-liquido\/#organization"},"potentialAction":[{"@type":"SearchAction","target":{"@type":"EntryPoint","urlTemplate":"https:\/\/www.plasti-dip.es\/vinilo-liquido\/?s={search_term_string}"},"query-input":{"@type":"PropertyValueSpecification","valueRequired":true,"valueName":"search_term_string"}}],"inLanguage":"es"},{"@type":"Organization","@id":"https:\/\/www.plasti-dip.es\/vinilo-liquido\/#organization","name":"Plastidip Espa\u00f1a - Technical Racing Products S.L.","url":"https:\/\/www.plasti-dip.es\/vinilo-liquido\/","logo":{"@type":"ImageObject","inLanguage":"es","@id":"https:\/\/www.plasti-dip.es\/vinilo-liquido\/#\/schema\/logo\/image\/","url":"https:\/\/www.plasti-dip.es\/vinilo-liquido\/wp-content\/uploads\/2016\/10\/cropped-Plasti-Dip-Logo.png","contentUrl":"https:\/\/www.plasti-dip.es\/vinilo-liquido\/wp-content\/uploads\/2016\/10\/cropped-Plasti-Dip-Logo.png","width":484,"height":110,"caption":"Plastidip Espa\u00f1a - Technical Racing Products S.L."},"image":{"@id":"https:\/\/www.plasti-dip.es\/vinilo-liquido\/#\/schema\/logo\/image\/"},"sameAs":["https:\/\/www.facebook.com\/trp.plastidip\/","https:\/\/www.youtube.com\/user\/minizchannel"]}]}},"amp_enabled":true,"_links":{"self":[{"href":"https:\/\/www.plasti-dip.es\/vinilo-liquido\/wp-json\/wp\/v2\/product\/1383","targetHints":{"allow":["GET"]}}],"collection":[{"href":"https:\/\/www.plasti-dip.es\/vinilo-liquido\/wp-json\/wp\/v2\/product"}],"about":[{"href":"https:\/\/www.plasti-dip.es\/vinilo-liquido\/wp-json\/wp\/v2\/types\/product"}],"replies":[{"embeddable":true,"href":"https:\/\/www.plasti-dip.es\/vinilo-liquido\/wp-json\/wp\/v2\/comments?post=1383"}],"version-history":[{"count":5,"href":"https:\/\/www.plasti-dip.es\/vinilo-liquido\/wp-json\/wp\/v2\/product\/1383\/revisions"}],"predecessor-version":[{"id":15934,"href":"https:\/\/www.plasti-dip.es\/vinilo-liquido\/wp-json\/wp\/v2\/product\/1383\/revisions\/15934"}],"wp:featuredmedia":[{"embeddable":true,"href":"https:\/\/www.plasti-dip.es\/vinilo-liquido\/wp-json\/wp\/v2\/media\/17780"}],"wp:attachment":[{"href":"https:\/\/www.plasti-dip.es\/vinilo-liquido\/wp-json\/wp\/v2\/media?parent=1383"}],"wp:term":[{"taxonomy":"product_brand","embeddable":true,"href":"https:\/\/www.plasti-dip.es\/vinilo-liquido\/wp-json\/wp\/v2\/product_brand?post=1383"},{"taxonomy":"product_cat","embeddable":true,"href":"https:\/\/www.plasti-dip.es\/vinilo-liquido\/wp-json\/wp\/v2\/product_cat?post=1383"},{"taxonomy":"product_tag","embeddable":true,"href":"https:\/\/www.plasti-dip.es\/vinilo-liquido\/wp-json\/wp\/v2\/product_tag?post=1383"}],"curies":[{"name":"wp","href":"https:\/\/api.w.org\/{rel}","templated":true}]}}