{"id":1393,"date":"2018-07-07T14:29:49","date_gmt":"2018-07-07T12:29:49","guid":{"rendered":"https:\/\/www.plasti-dip.es\/vinilo-liquido\/product\/plastidip-pack-llantas-efecto-cobre-llanta-17\/"},"modified":"2026-02-22T15:51:19","modified_gmt":"2026-02-22T13:51:19","slug":"plastidip-pack-llantas-efecto-cobre-llanta-17","status":"publish","type":"product","link":"https:\/\/www.plasti-dip.es\/vinilo-liquido\/producto\/plastidip-pack-llantas-efecto-cobre-llanta-17\/","title":{"rendered":"Plastidip Pack Llantas Efecto Cobre Llanta 17"},"content":{"rendered":"<p><H2>\u00bfQu\u00e9 necesito para pintar mis 4 llantas en efecto Cobre Plastidip?  <\/H2><\/p>\n<p>El Cooper Metallic o Cobre Met\u00e1lico es un efecto para aplicar sobre una base de pintura Plastidip. Por lo tanto, antes de aplicar este efecto cobre sobre una superf\u00edcie, en este caso unas llantas, deberemos aplicar primero un color base Plastidip, para posteriormente aplicar las capas que deseemos del Efecto Metalizado Cobre. As\u00ed pues en este pack ya hemos incluido todo lo necesario: dos botes de spray de pintura Plastidip en color negro mate y dos botes de spray de Efecto Metalizado Cobre Plastidip. Es muy importante que las llantas que vamos a cubrir con pintura Plastidip deben estar bien limpias y completamente secas.<\/p>\n<p><H2>\u00bfCu\u00e1ntas capas de goma l\u00edquida Plastidip debo dar? <\/H2><\/p>\n<p>El fabricante de la pintura Plastidip, Performix, recomienda aplicar un m\u00ednimo de 4 a 6 capas de pintura a cada llanta. En este caso, en que aplicaremos primero un color base, y luego las capas que queramos del Efecto Cobre Metalizado, podemos repartir el n\u00famero de capas entre las del color base y las del efecto. As\u00ed pues podemos aplicar 3 0 4 capas de color Negro Mate Plastidip a cada llanta y posteriormente entre 1 y 4 de efecto metalizado cobre sobre la base negra. El tiempo de espera entre cada capa no debe ser inferior a 15 minutos.<\/p>\n<p><H2>\u00bfQu\u00e9 ventajas tendr\u00e9 al pintar mis llantas con la pintura removible Plastidip?<\/H2><\/p>\n<p> La pintura Plastidip, tambi\u00e9n denominada vinilo l\u00edquido tiene una serie de caracter\u00edsticas que la hacen diferente a las pinturas convencionales. Vamos a enumerar algunas de sus caracter\u00edsticas diferenciales :<\/p>\n<p><UL><br \/>\n<LI>&#8211; Una vez hayamos aplicado la pintura Plastidip (m\u00ednimo 4-6 capas entre pintura y efectos) y esta est\u00e9 completamente seca, podremos quitarla tirando de ella como si se tratara de un vinilo, y lo que es m\u00e1s importante, sin necesidad de lijarla o de utilizar productos decapantes. No contiene silicona y no deja ning\u00fan residuo.<\/LI><br \/>\n<LI>&#8211; Adem\u00e1s de cambiar el color de una pieza o superficie, la pintura Plastidip protege y la aisla de la humedad, del agua, de la electricidad, y de agentes tales como \u00e1cidos, alcalinos, aceites, sales, rayos UV, etc.<\/LI><br \/>\n<LI>&#8211; La pintura Plastidip se aplica f\u00e1cilmente y una vez seca nos da una textura parecida a la goma. Por ello, podemos utilizar el Plastidip  como un recubrimiento antideslizante que hace que las superf\u00edcies no deslicen.<\/LI><\/p>\n","protected":false},"excerpt":{"rendered":"<p>Plastidip Pack Llantas Efecto Cobre Llanta 17<\/p>\n","protected":false},"featured_media":17829,"comment_status":"open","ping_status":"closed","template":"","meta":{"site-sidebar-layout":"default","site-content-layout":"default","ast-site-content-layout":"default","site-content-style":"default","site-sidebar-style":"default","ast-global-header-display":"","ast-banner-title-visibility":"","ast-main-header-display":"","ast-hfb-above-header-display":"","ast-hfb-below-header-display":"","ast-hfb-mobile-header-display":"","site-post-title":"","ast-breadcrumbs-content":"","ast-featured-img":"","footer-sml-layout":"","ast-disable-related-posts":"","theme-transparent-header-meta":"default","adv-header-id-meta":"","stick-header-meta":"","header-above-stick-meta":"","header-main-stick-meta":"","header-below-stick-meta":"","astra-migrate-meta-layouts":"default","ast-page-background-enabled":"default","ast-page-background-meta":{"desktop":{"background-color":"","background-image":"","background-repeat":"repeat","background-position":"center center","background-size":"auto","background-attachment":"scroll","background-type":"","background-media":"","overlay-type":"","overlay-color":"","overlay-opacity":"","overlay-gradient":""},"tablet":{"background-color":"","background-image":"","background-repeat":"repeat","background-position":"center center","background-size":"auto","background-attachment":"scroll","background-type":"","background-media":"","overlay-type":"","overlay-color":"","overlay-opacity":"","overlay-gradient":""},"mobile":{"background-color":"","background-image":"","background-repeat":"repeat","background-position":"center center","background-size":"auto","background-attachment":"scroll","background-type":"","background-media":"","overlay-type":"","overlay-color":"","overlay-opacity":"","overlay-gradient":""}},"ast-content-background-meta":{"desktop":{"background-color":"var(--ast-global-color-5)","background-image":"","background-repeat":"repeat","background-position":"center center","background-size":"auto","background-attachment":"scroll","background-type":"","background-media":"","overlay-type":"","overlay-color":"","overlay-opacity":"","overlay-gradient":""},"tablet":{"background-color":"var(--ast-global-color-5)","background-image":"","background-repeat":"repeat","background-position":"center center","background-size":"auto","background-attachment":"scroll","background-type":"","background-media":"","overlay-type":"","overlay-color":"","overlay-opacity":"","overlay-gradient":""},"mobile":{"background-color":"var(--ast-global-color-5)","background-image":"","background-repeat":"repeat","background-position":"center center","background-size":"auto","background-attachment":"scroll","background-type":"","background-media":"","overlay-type":"","overlay-color":"","overlay-opacity":"","overlay-gradient":""}}},"product_brand":[],"product_cat":[2170],"product_tag":[],"class_list":{"0":"post-1393","1":"product","2":"type-product","3":"status-publish","4":"has-post-thumbnail","6":"product_cat-quiero-pintar-llantas","7":"desktop-align-left","8":"tablet-align-left","9":"mobile-align-left","11":"first","12":"outofstock","13":"taxable","14":"shipping-taxable","15":"purchasable","16":"product-type-simple"},"yoast_head":"<!-- This site is optimized with the Yoast SEO plugin v27.2 - https:\/\/yoast.com\/product\/yoast-seo-wordpress\/ -->\n<title>Pack especial llantas de coche efecto cobre metalizado<\/title>\n<meta name=\"description\" content=\"El Cooper Metallic o Cobre Met\u00e1lico es un efecto para aplicar sobre una base de pintura Plastidip. \u00a1Conoce m\u00e1s sobre el producto!\" \/>\n<meta name=\"robots\" content=\"index, follow, max-snippet:-1, max-image-preview:large, max-video-preview:-1\" \/>\n<link rel=\"canonical\" href=\"https:\/\/www.plasti-dip.es\/vinilo-liquido\/producto\/plastidip-pack-llantas-efecto-cobre-llanta-17\/\" \/>\n<meta property=\"og:locale\" content=\"es_ES\" \/>\n<meta property=\"og:type\" content=\"article\" \/>\n<meta property=\"og:title\" content=\"Pack especial llantas de coche efecto cobre metalizado\" \/>\n<meta property=\"og:description\" content=\"El Cooper Metallic o Cobre Met\u00e1lico es un efecto para aplicar sobre una base de pintura Plastidip. \u00a1Conoce m\u00e1s sobre el producto!\" \/>\n<meta property=\"og:url\" content=\"https:\/\/www.plasti-dip.es\/vinilo-liquido\/producto\/plastidip-pack-llantas-efecto-cobre-llanta-17\/\" \/>\n<meta property=\"og:site_name\" content=\"Plastidip Espa\u00f1a\" \/>\n<meta property=\"article:publisher\" content=\"https:\/\/www.facebook.com\/trp.plastidip\/\" \/>\n<meta property=\"article:modified_time\" content=\"2026-02-22T13:51:19+00:00\" \/>\n<meta property=\"og:image\" content=\"https:\/\/www.plasti-dip.es\/vinilo-liquido\/wp-content\/uploads\/2019\/05\/11203-11236-1.jpg\" \/>\n\t<meta property=\"og:image:width\" content=\"800\" \/>\n\t<meta property=\"og:image:height\" content=\"600\" \/>\n\t<meta property=\"og:image:type\" content=\"image\/jpeg\" \/>\n<meta name=\"twitter:card\" content=\"summary_large_image\" \/>\n<meta name=\"twitter:label1\" content=\"Tiempo de lectura\" \/>\n\t<meta name=\"twitter:data1\" content=\"2 minutos\" \/>\n<!-- \/ Yoast SEO plugin. -->","yoast_head_json":{"title":"Pack especial llantas de coche efecto cobre metalizado","description":"El Cooper Metallic o Cobre Met\u00e1lico es un efecto para aplicar sobre una base de pintura Plastidip. \u00a1Conoce m\u00e1s sobre el producto!","robots":{"index":"index","follow":"follow","max-snippet":"max-snippet:-1","max-image-preview":"max-image-preview:large","max-video-preview":"max-video-preview:-1"},"canonical":"https:\/\/www.plasti-dip.es\/vinilo-liquido\/producto\/plastidip-pack-llantas-efecto-cobre-llanta-17\/","og_locale":"es_ES","og_type":"article","og_title":"Pack especial llantas de coche efecto cobre metalizado","og_description":"El Cooper Metallic o Cobre Met\u00e1lico es un efecto para aplicar sobre una base de pintura Plastidip. \u00a1Conoce m\u00e1s sobre el producto!","og_url":"https:\/\/www.plasti-dip.es\/vinilo-liquido\/producto\/plastidip-pack-llantas-efecto-cobre-llanta-17\/","og_site_name":"Plastidip Espa\u00f1a","article_publisher":"https:\/\/www.facebook.com\/trp.plastidip\/","article_modified_time":"2026-02-22T13:51:19+00:00","og_image":[{"width":800,"height":600,"url":"https:\/\/www.plasti-dip.es\/vinilo-liquido\/wp-content\/uploads\/2019\/05\/11203-11236-1.jpg","type":"image\/jpeg"}],"twitter_card":"summary_large_image","twitter_misc":{"Tiempo de lectura":"2 minutos"},"schema":{"@context":"https:\/\/schema.org","@graph":[{"@type":"WebPage","@id":"https:\/\/www.plasti-dip.es\/vinilo-liquido\/producto\/plastidip-pack-llantas-efecto-cobre-llanta-17\/","url":"https:\/\/www.plasti-dip.es\/vinilo-liquido\/producto\/plastidip-pack-llantas-efecto-cobre-llanta-17\/","name":"Pack especial llantas de coche efecto cobre metalizado","isPartOf":{"@id":"https:\/\/www.plasti-dip.es\/vinilo-liquido\/#website"},"primaryImageOfPage":{"@id":"https:\/\/www.plasti-dip.es\/vinilo-liquido\/producto\/plastidip-pack-llantas-efecto-cobre-llanta-17\/#primaryimage"},"image":{"@id":"https:\/\/www.plasti-dip.es\/vinilo-liquido\/producto\/plastidip-pack-llantas-efecto-cobre-llanta-17\/#primaryimage"},"thumbnailUrl":"https:\/\/www.plasti-dip.es\/vinilo-liquido\/wp-content\/uploads\/2026\/02\/11203-11236.jpg","datePublished":"2018-07-07T12:29:49+00:00","dateModified":"2026-02-22T13:51:19+00:00","description":"El Cooper Metallic o Cobre Met\u00e1lico es un efecto para aplicar sobre una base de pintura Plastidip. \u00a1Conoce m\u00e1s sobre el producto!","breadcrumb":{"@id":"https:\/\/www.plasti-dip.es\/vinilo-liquido\/producto\/plastidip-pack-llantas-efecto-cobre-llanta-17\/#breadcrumb"},"inLanguage":"es","potentialAction":[{"@type":"ReadAction","target":["https:\/\/www.plasti-dip.es\/vinilo-liquido\/producto\/plastidip-pack-llantas-efecto-cobre-llanta-17\/"]}]},{"@type":"ImageObject","inLanguage":"es","@id":"https:\/\/www.plasti-dip.es\/vinilo-liquido\/producto\/plastidip-pack-llantas-efecto-cobre-llanta-17\/#primaryimage","url":"https:\/\/www.plasti-dip.es\/vinilo-liquido\/wp-content\/uploads\/2026\/02\/11203-11236.jpg","contentUrl":"https:\/\/www.plasti-dip.es\/vinilo-liquido\/wp-content\/uploads\/2026\/02\/11203-11236.jpg","width":800,"height":600,"caption":"Plastidip Pack Llantas Efecto Cobre Llanta 17"},{"@type":"BreadcrumbList","@id":"https:\/\/www.plasti-dip.es\/vinilo-liquido\/producto\/plastidip-pack-llantas-efecto-cobre-llanta-17\/#breadcrumb","itemListElement":[{"@type":"ListItem","position":1,"name":"Home","item":"https:\/\/www.plasti-dip.es\/vinilo-liquido\/"},{"@type":"ListItem","position":2,"name":"Tienda","item":"https:\/\/www.plasti-dip.es\/vinilo-liquido\/"},{"@type":"ListItem","position":3,"name":"Plastidip Pack Llantas Efecto Cobre Llanta 17"}]},{"@type":"WebSite","@id":"https:\/\/www.plasti-dip.es\/vinilo-liquido\/#website","url":"https:\/\/www.plasti-dip.es\/vinilo-liquido\/","name":"Plastidip Espa\u00f1a","description":"Vinilo l\u00edquido Plastidip - Impresionantemente vers\u00e1til, Removible, Aislante, Impermeable, Antideslizante","publisher":{"@id":"https:\/\/www.plasti-dip.es\/vinilo-liquido\/#organization"},"potentialAction":[{"@type":"SearchAction","target":{"@type":"EntryPoint","urlTemplate":"https:\/\/www.plasti-dip.es\/vinilo-liquido\/?s={search_term_string}"},"query-input":{"@type":"PropertyValueSpecification","valueRequired":true,"valueName":"search_term_string"}}],"inLanguage":"es"},{"@type":"Organization","@id":"https:\/\/www.plasti-dip.es\/vinilo-liquido\/#organization","name":"Plastidip Espa\u00f1a - Technical Racing Products S.L.","url":"https:\/\/www.plasti-dip.es\/vinilo-liquido\/","logo":{"@type":"ImageObject","inLanguage":"es","@id":"https:\/\/www.plasti-dip.es\/vinilo-liquido\/#\/schema\/logo\/image\/","url":"https:\/\/www.plasti-dip.es\/vinilo-liquido\/wp-content\/uploads\/2016\/10\/cropped-Plasti-Dip-Logo.png","contentUrl":"https:\/\/www.plasti-dip.es\/vinilo-liquido\/wp-content\/uploads\/2016\/10\/cropped-Plasti-Dip-Logo.png","width":484,"height":110,"caption":"Plastidip Espa\u00f1a - Technical Racing Products S.L."},"image":{"@id":"https:\/\/www.plasti-dip.es\/vinilo-liquido\/#\/schema\/logo\/image\/"},"sameAs":["https:\/\/www.facebook.com\/trp.plastidip\/","https:\/\/www.youtube.com\/user\/minizchannel"]}]}},"amp_enabled":true,"_links":{"self":[{"href":"https:\/\/www.plasti-dip.es\/vinilo-liquido\/wp-json\/wp\/v2\/product\/1393","targetHints":{"allow":["GET"]}}],"collection":[{"href":"https:\/\/www.plasti-dip.es\/vinilo-liquido\/wp-json\/wp\/v2\/product"}],"about":[{"href":"https:\/\/www.plasti-dip.es\/vinilo-liquido\/wp-json\/wp\/v2\/types\/product"}],"replies":[{"embeddable":true,"href":"https:\/\/www.plasti-dip.es\/vinilo-liquido\/wp-json\/wp\/v2\/comments?post=1393"}],"version-history":[{"count":0,"href":"https:\/\/www.plasti-dip.es\/vinilo-liquido\/wp-json\/wp\/v2\/product\/1393\/revisions"}],"wp:featuredmedia":[{"embeddable":true,"href":"https:\/\/www.plasti-dip.es\/vinilo-liquido\/wp-json\/wp\/v2\/media\/17829"}],"wp:attachment":[{"href":"https:\/\/www.plasti-dip.es\/vinilo-liquido\/wp-json\/wp\/v2\/media?parent=1393"}],"wp:term":[{"taxonomy":"product_brand","embeddable":true,"href":"https:\/\/www.plasti-dip.es\/vinilo-liquido\/wp-json\/wp\/v2\/product_brand?post=1393"},{"taxonomy":"product_cat","embeddable":true,"href":"https:\/\/www.plasti-dip.es\/vinilo-liquido\/wp-json\/wp\/v2\/product_cat?post=1393"},{"taxonomy":"product_tag","embeddable":true,"href":"https:\/\/www.plasti-dip.es\/vinilo-liquido\/wp-json\/wp\/v2\/product_tag?post=1393"}],"curies":[{"name":"wp","href":"https:\/\/api.w.org\/{rel}","templated":true}]}}