{"id":1411,"date":"2018-07-07T14:30:19","date_gmt":"2018-07-07T12:30:19","guid":{"rendered":"https:\/\/www.plasti-dip.es\/vinilo-liquido\/product\/plastidip-goma-liquida-rojo-mate-3kg-3-78l-formato-usa\/"},"modified":"2026-02-22T15:19:28","modified_gmt":"2026-02-22T13:19:28","slug":"plastidip-goma-liquida-rojo-mate-3kg-3-78l-formato-usa","status":"publish","type":"product","link":"https:\/\/www.plasti-dip.es\/vinilo-liquido\/producto\/plastidip-goma-liquida-rojo-mate-3kg-3-78l-formato-usa\/","title":{"rendered":"Plastidip Goma L\u00edquida Rojo Mate (3Kg\/3.78L) formato USA"},"content":{"rendered":"<p>Bote de pintura l&iacute;quida PLASTI DIP, en color rojo mate. Contiene 3.78 litros de pintura (formato USA).<\/p>\n<p>Esta pintura se utiliza para recubrir objetos y protegerlos de las inclemencias del tiempo (agua), del los rayos UV, etc. Una vez seco permanece flexible y completamente inoloro. Es a prueba de agua.<\/p>\n<p>Las pinturas PLASTI DIP, una vez secas, se pueden quitar tirando de ellas, como si se tratara de una fina pel&iacute;cula adhesiva. No necesitamos lijar la pieza ni utilizar ning&uacute;n tipo de disolvente para el despintado.<\/p>\n<p>La goma l&iacute;quida PLASTI DIP forma una capa protectora, de caucho, muy &uacute;til para sellar, amortiguar y enmarcar. Se utiliza tambi&eacute;n como producto antideslizante. Especialmente recomendado para su uso en interiores y exteriores ya que soporta temperaturas extremas, desde -34&ordm;C hasta 93&ordm;C. Tambi&eacute;n es resistente a &aacute;cidos, alcalinos, sales, aceites, as&iacute; como a muchisimos agentes qu&iacute;micos.<\/p>\n<p>No contiene silicona y una vez seca, se puede quitar facilmente.<\/p>\n<p>Especialmente adherente a metales, madera, pl&aacute;sticos, vidrio, telas , lana, piedra, fibras de vidrio o de carbono, etc. Para aumentar su adherencia podemos usar el producto de imprimaci&oacute;n especialmente dise&ntilde;ado para la goma l&iacute;quida Plasti Dip.<\/p>\n<p>Modo de empleo:<\/p>\n<p>La superf&iacute;cie a proteger debe estar seca, limpia, y libre de substancias que dificulten su adherencia. Antes de abrir el bote y aplicar el producto, agitar suavemente y abrir. Debemos dejarlo reposar unos minutos para evitar burbujas de aire.<\/p>\n<p>Podemos aplicar la pintura PLASTI DIP utilizando un pincel o brocha, tambi&eacute;n podemos pulverizarla, y tambi&eacute;n podemos trabajar por inmersi&oacute;n sumergiendo la pieza dentro del bote de pintura.<\/p>\n<p>\nPara pulverizarla, necesitamos diluir la pintura utiliz&aacute;ndo para ello el disolvemte PLASTI DIP.<\/p>\n<p>Para conseguir un buen acabado cuando pintamos por pulverizaci&oacute;n, tenemos que pintar a base de dar finas capas (de 4 a 6 capas de media), dejando un tiempo m&iacute;nimo de secado entre capa y capa, de unos 6-10 minutos.<\/p>\n<p>En este caso de pulverizar, recomendamos la utilizaci&oacute;n de pistolas el&eacute;ctricas (o tambi&eacute;n denominadas de turbina).<\/p>\n<p>\nInformaci&oacute;n t&eacute;cnica de la pintura PLASTI DIP:<\/p>\n<p>&#8211; Estable a temperaturas entre -34&ordm;C y 93&ordm;C.<\/p>\n<p>&#8211; Temperatura &oacute;ptima de aplicaci&oacute;n, alrededor de 20&ordm;C.<\/p>\n<p>&#8211; Tiempo m&iacute;nimo de secado al contacto. 5 min. aprox.<\/p>\n<p>&#8211; Tiempo de secado completo: 1 hora, dependiendo del grosor y del n&uacute;mero de capas aplicadas.<\/p>\n<p>&#8211; El fabricante recomienda capas de 0.2mm de grosor, que requerir&aacute;n 150gr de producto por m2.<\/p>\n","protected":false},"excerpt":{"rendered":"<p>Plastidip Goma L\u00edquida Rojo Mate (3Kg\/3.78L) formato USA       <\/p>\n","protected":false},"featured_media":17709,"comment_status":"open","ping_status":"closed","template":"","meta":{"site-sidebar-layout":"default","site-content-layout":"default","ast-site-content-layout":"default","site-content-style":"default","site-sidebar-style":"default","ast-global-header-display":"","ast-banner-title-visibility":"","ast-main-header-display":"","ast-hfb-above-header-display":"","ast-hfb-below-header-display":"","ast-hfb-mobile-header-display":"","site-post-title":"","ast-breadcrumbs-content":"","ast-featured-img":"","footer-sml-layout":"","ast-disable-related-posts":"","theme-transparent-header-meta":"default","adv-header-id-meta":"","stick-header-meta":"","header-above-stick-meta":"","header-main-stick-meta":"","header-below-stick-meta":"","astra-migrate-meta-layouts":"default","ast-page-background-enabled":"default","ast-page-background-meta":{"desktop":{"background-color":"","background-image":"","background-repeat":"repeat","background-position":"center center","background-size":"auto","background-attachment":"scroll","background-type":"","background-media":"","overlay-type":"","overlay-color":"","overlay-opacity":"","overlay-gradient":""},"tablet":{"background-color":"","background-image":"","background-repeat":"repeat","background-position":"center center","background-size":"auto","background-attachment":"scroll","background-type":"","background-media":"","overlay-type":"","overlay-color":"","overlay-opacity":"","overlay-gradient":""},"mobile":{"background-color":"","background-image":"","background-repeat":"repeat","background-position":"center center","background-size":"auto","background-attachment":"scroll","background-type":"","background-media":"","overlay-type":"","overlay-color":"","overlay-opacity":"","overlay-gradient":""}},"ast-content-background-meta":{"desktop":{"background-color":"var(--ast-global-color-5)","background-image":"","background-repeat":"repeat","background-position":"center center","background-size":"auto","background-attachment":"scroll","background-type":"","background-media":"","overlay-type":"","overlay-color":"","overlay-opacity":"","overlay-gradient":""},"tablet":{"background-color":"var(--ast-global-color-5)","background-image":"","background-repeat":"repeat","background-position":"center center","background-size":"auto","background-attachment":"scroll","background-type":"","background-media":"","overlay-type":"","overlay-color":"","overlay-opacity":"","overlay-gradient":""},"mobile":{"background-color":"var(--ast-global-color-5)","background-image":"","background-repeat":"repeat","background-position":"center center","background-size":"auto","background-attachment":"scroll","background-type":"","background-media":"","overlay-type":"","overlay-color":"","overlay-opacity":"","overlay-gradient":""}}},"product_brand":[],"product_cat":[2148],"product_tag":[],"class_list":{"0":"post-1411","1":"product","2":"type-product","3":"status-publish","4":"has-post-thumbnail","6":"product_cat-plastidip-goma-liquida-3-kg","7":"desktop-align-left","8":"tablet-align-left","9":"mobile-align-left","11":"first","12":"outofstock","13":"taxable","14":"shipping-taxable","15":"purchasable","16":"product-type-simple"},"yoast_head":"<!-- This site is optimized with the Yoast SEO plugin v27.2 - https:\/\/yoast.com\/product\/yoast-seo-wordpress\/ -->\n<title>Formato industrial para vinilo l\u00edquido plastidip rojo<\/title>\n<meta name=\"description\" content=\"Bote de pintura l\u00edquida PLASTI DIP, en color rojo mate. Contiene 3.78 litros de pintura (formato USA). Se utiliza para recubrir objetos y protegerlos\" \/>\n<meta name=\"robots\" content=\"index, follow, max-snippet:-1, max-image-preview:large, max-video-preview:-1\" \/>\n<link rel=\"canonical\" href=\"https:\/\/www.plasti-dip.es\/vinilo-liquido\/producto\/plastidip-goma-liquida-rojo-mate-3kg-3-78l-formato-usa\/\" \/>\n<meta property=\"og:locale\" content=\"es_ES\" \/>\n<meta property=\"og:type\" content=\"article\" \/>\n<meta property=\"og:title\" content=\"Formato industrial para vinilo l\u00edquido plastidip rojo\" \/>\n<meta property=\"og:description\" content=\"Bote de pintura l\u00edquida PLASTI DIP, en color rojo mate. Contiene 3.78 litros de pintura (formato USA). Se utiliza para recubrir objetos y protegerlos\" \/>\n<meta property=\"og:url\" content=\"https:\/\/www.plasti-dip.es\/vinilo-liquido\/producto\/plastidip-goma-liquida-rojo-mate-3kg-3-78l-formato-usa\/\" \/>\n<meta property=\"og:site_name\" content=\"Plastidip Espa\u00f1a\" \/>\n<meta property=\"article:publisher\" content=\"https:\/\/www.facebook.com\/trp.plastidip\/\" \/>\n<meta property=\"article:modified_time\" content=\"2026-02-22T13:19:28+00:00\" \/>\n<meta property=\"og:image\" content=\"https:\/\/www.plasti-dip.es\/vinilo-liquido\/wp-content\/uploads\/2018\/07\/30808521.webp\" \/>\n\t<meta property=\"og:image:width\" content=\"640\" \/>\n\t<meta property=\"og:image:height\" content=\"582\" \/>\n\t<meta property=\"og:image:type\" content=\"image\/webp\" \/>\n<meta name=\"twitter:card\" content=\"summary_large_image\" \/>\n<meta name=\"twitter:label1\" content=\"Tiempo de lectura\" \/>\n\t<meta name=\"twitter:data1\" content=\"2 minutos\" \/>\n<!-- \/ Yoast SEO plugin. -->","yoast_head_json":{"title":"Formato industrial para vinilo l\u00edquido plastidip rojo","description":"Bote de pintura l\u00edquida PLASTI DIP, en color rojo mate. Contiene 3.78 litros de pintura (formato USA). Se utiliza para recubrir objetos y protegerlos","robots":{"index":"index","follow":"follow","max-snippet":"max-snippet:-1","max-image-preview":"max-image-preview:large","max-video-preview":"max-video-preview:-1"},"canonical":"https:\/\/www.plasti-dip.es\/vinilo-liquido\/producto\/plastidip-goma-liquida-rojo-mate-3kg-3-78l-formato-usa\/","og_locale":"es_ES","og_type":"article","og_title":"Formato industrial para vinilo l\u00edquido plastidip rojo","og_description":"Bote de pintura l\u00edquida PLASTI DIP, en color rojo mate. Contiene 3.78 litros de pintura (formato USA). Se utiliza para recubrir objetos y protegerlos","og_url":"https:\/\/www.plasti-dip.es\/vinilo-liquido\/producto\/plastidip-goma-liquida-rojo-mate-3kg-3-78l-formato-usa\/","og_site_name":"Plastidip Espa\u00f1a","article_publisher":"https:\/\/www.facebook.com\/trp.plastidip\/","article_modified_time":"2026-02-22T13:19:28+00:00","og_image":[{"width":640,"height":582,"url":"https:\/\/www.plasti-dip.es\/vinilo-liquido\/wp-content\/uploads\/2018\/07\/30808521.webp","type":"image\/webp"}],"twitter_card":"summary_large_image","twitter_misc":{"Tiempo de lectura":"2 minutos"},"schema":{"@context":"https:\/\/schema.org","@graph":[{"@type":"WebPage","@id":"https:\/\/www.plasti-dip.es\/vinilo-liquido\/producto\/plastidip-goma-liquida-rojo-mate-3kg-3-78l-formato-usa\/","url":"https:\/\/www.plasti-dip.es\/vinilo-liquido\/producto\/plastidip-goma-liquida-rojo-mate-3kg-3-78l-formato-usa\/","name":"Formato industrial para vinilo l\u00edquido plastidip rojo","isPartOf":{"@id":"https:\/\/www.plasti-dip.es\/vinilo-liquido\/#website"},"primaryImageOfPage":{"@id":"https:\/\/www.plasti-dip.es\/vinilo-liquido\/producto\/plastidip-goma-liquida-rojo-mate-3kg-3-78l-formato-usa\/#primaryimage"},"image":{"@id":"https:\/\/www.plasti-dip.es\/vinilo-liquido\/producto\/plastidip-goma-liquida-rojo-mate-3kg-3-78l-formato-usa\/#primaryimage"},"thumbnailUrl":"https:\/\/www.plasti-dip.es\/vinilo-liquido\/wp-content\/uploads\/2026\/02\/30808521.jpg","datePublished":"2018-07-07T12:30:19+00:00","dateModified":"2026-02-22T13:19:28+00:00","description":"Bote de pintura l\u00edquida PLASTI DIP, en color rojo mate. Contiene 3.78 litros de pintura (formato USA). Se utiliza para recubrir objetos y protegerlos","breadcrumb":{"@id":"https:\/\/www.plasti-dip.es\/vinilo-liquido\/producto\/plastidip-goma-liquida-rojo-mate-3kg-3-78l-formato-usa\/#breadcrumb"},"inLanguage":"es","potentialAction":[{"@type":"ReadAction","target":["https:\/\/www.plasti-dip.es\/vinilo-liquido\/producto\/plastidip-goma-liquida-rojo-mate-3kg-3-78l-formato-usa\/"]}]},{"@type":"ImageObject","inLanguage":"es","@id":"https:\/\/www.plasti-dip.es\/vinilo-liquido\/producto\/plastidip-goma-liquida-rojo-mate-3kg-3-78l-formato-usa\/#primaryimage","url":"https:\/\/www.plasti-dip.es\/vinilo-liquido\/wp-content\/uploads\/2026\/02\/30808521.jpg","contentUrl":"https:\/\/www.plasti-dip.es\/vinilo-liquido\/wp-content\/uploads\/2026\/02\/30808521.jpg","width":640,"height":480,"caption":"Plastidip Goma L\u00edquida Rojo Mate (3Kg\/3.78L) formato USA"},{"@type":"BreadcrumbList","@id":"https:\/\/www.plasti-dip.es\/vinilo-liquido\/producto\/plastidip-goma-liquida-rojo-mate-3kg-3-78l-formato-usa\/#breadcrumb","itemListElement":[{"@type":"ListItem","position":1,"name":"Home","item":"https:\/\/www.plasti-dip.es\/vinilo-liquido\/"},{"@type":"ListItem","position":2,"name":"Tienda","item":"https:\/\/www.plasti-dip.es\/vinilo-liquido\/"},{"@type":"ListItem","position":3,"name":"Plastidip Goma L\u00edquida Rojo Mate (3Kg\/3.78L) formato USA"}]},{"@type":"WebSite","@id":"https:\/\/www.plasti-dip.es\/vinilo-liquido\/#website","url":"https:\/\/www.plasti-dip.es\/vinilo-liquido\/","name":"Plastidip Espa\u00f1a","description":"Vinilo l\u00edquido Plastidip - Impresionantemente vers\u00e1til, Removible, Aislante, Impermeable, Antideslizante","publisher":{"@id":"https:\/\/www.plasti-dip.es\/vinilo-liquido\/#organization"},"potentialAction":[{"@type":"SearchAction","target":{"@type":"EntryPoint","urlTemplate":"https:\/\/www.plasti-dip.es\/vinilo-liquido\/?s={search_term_string}"},"query-input":{"@type":"PropertyValueSpecification","valueRequired":true,"valueName":"search_term_string"}}],"inLanguage":"es"},{"@type":"Organization","@id":"https:\/\/www.plasti-dip.es\/vinilo-liquido\/#organization","name":"Plastidip Espa\u00f1a - Technical Racing Products S.L.","url":"https:\/\/www.plasti-dip.es\/vinilo-liquido\/","logo":{"@type":"ImageObject","inLanguage":"es","@id":"https:\/\/www.plasti-dip.es\/vinilo-liquido\/#\/schema\/logo\/image\/","url":"https:\/\/www.plasti-dip.es\/vinilo-liquido\/wp-content\/uploads\/2016\/10\/cropped-Plasti-Dip-Logo.png","contentUrl":"https:\/\/www.plasti-dip.es\/vinilo-liquido\/wp-content\/uploads\/2016\/10\/cropped-Plasti-Dip-Logo.png","width":484,"height":110,"caption":"Plastidip Espa\u00f1a - Technical Racing Products S.L."},"image":{"@id":"https:\/\/www.plasti-dip.es\/vinilo-liquido\/#\/schema\/logo\/image\/"},"sameAs":["https:\/\/www.facebook.com\/trp.plastidip\/","https:\/\/www.youtube.com\/user\/minizchannel"]}]}},"amp_enabled":true,"_links":{"self":[{"href":"https:\/\/www.plasti-dip.es\/vinilo-liquido\/wp-json\/wp\/v2\/product\/1411","targetHints":{"allow":["GET"]}}],"collection":[{"href":"https:\/\/www.plasti-dip.es\/vinilo-liquido\/wp-json\/wp\/v2\/product"}],"about":[{"href":"https:\/\/www.plasti-dip.es\/vinilo-liquido\/wp-json\/wp\/v2\/types\/product"}],"replies":[{"embeddable":true,"href":"https:\/\/www.plasti-dip.es\/vinilo-liquido\/wp-json\/wp\/v2\/comments?post=1411"}],"version-history":[{"count":4,"href":"https:\/\/www.plasti-dip.es\/vinilo-liquido\/wp-json\/wp\/v2\/product\/1411\/revisions"}],"predecessor-version":[{"id":16265,"href":"https:\/\/www.plasti-dip.es\/vinilo-liquido\/wp-json\/wp\/v2\/product\/1411\/revisions\/16265"}],"wp:featuredmedia":[{"embeddable":true,"href":"https:\/\/www.plasti-dip.es\/vinilo-liquido\/wp-json\/wp\/v2\/media\/17709"}],"wp:attachment":[{"href":"https:\/\/www.plasti-dip.es\/vinilo-liquido\/wp-json\/wp\/v2\/media?parent=1411"}],"wp:term":[{"taxonomy":"product_brand","embeddable":true,"href":"https:\/\/www.plasti-dip.es\/vinilo-liquido\/wp-json\/wp\/v2\/product_brand?post=1411"},{"taxonomy":"product_cat","embeddable":true,"href":"https:\/\/www.plasti-dip.es\/vinilo-liquido\/wp-json\/wp\/v2\/product_cat?post=1411"},{"taxonomy":"product_tag","embeddable":true,"href":"https:\/\/www.plasti-dip.es\/vinilo-liquido\/wp-json\/wp\/v2\/product_tag?post=1411"}],"curies":[{"name":"wp","href":"https:\/\/api.w.org\/{rel}","templated":true}]}}