{"id":1421,"date":"2018-07-07T14:30:35","date_gmt":"2018-07-07T12:30:35","guid":{"rendered":"https:\/\/www.plasti-dip.es\/vinilo-liquido\/product\/disolvente-diluyente-para-pintura-plasti-dip-1-litro\/"},"modified":"2026-04-21T22:50:30","modified_gmt":"2026-04-21T20:50:30","slug":"disolvente-diluyente-para-pintura-plasti-dip-1-litro","status":"publish","type":"product","link":"https:\/\/www.plasti-dip.es\/vinilo-liquido\/producto\/disolvente-diluyente-para-pintura-plasti-dip-1-litro\/","title":{"rendered":"Disolvente Diluyente para Pintura Plasti Dip (1 Litro)"},"content":{"rendered":"<p>Disolvente Diluyente especial para Pintura Plasti-Dip, en envase de 1 litro. Este disolvente es especial para los productos Plasti-Dip. Si queremos diluyir la pintura l&iacute;quida Plasti-Dip, para poder pulverizarla a pistola, deberemos utilizar este disolvente especial.<\/p>\n<h2>&iquest;Qu&eacute; proporci&oacute;n de disolvente y de pintura debemos mezclar para pulverizar la pintura Plasti-Dip?<\/h2>\n<p>Por lo general, dado que la pintura l&iacute;quida Plasti-Dip se suministra concentrada, debemos utilizar en la disoluci&oacute;n la misma cantidad de pintura que de disolvente\/diluyente para pinturas Plasti-Dip. Esto es, una proporci&oacute;n de 1:1.<\/p>\n<p>Una vez conozcamos perfectamente las caracter&iacute;sticas de esta pintura y su modo de aplicaci&oacute;n, tiempos de secado, y acabado final, siempre en funci&oacute;n del equipo de aerograf&iacute;a o de turbina que dispongamos, podremos realizar pruebas en las que modifiquemos ligeramente esta proporci&oacute;n de disoluci&oacute;n recomendada.<\/p>\n<h2><strong>PRECAUCI??N<\/strong><\/h2>\n<p>Este disolvente es especial para diluir pintura Plasti-Dip. No se recomienda utilizar ning&uacute;n otro tipo de disolvente o diluyente que no est&eacute; creado espec&iacute;ficamente para esta pintura, para diluir la pintura l&iacute;quida Plasti-Dip.<\/p>\n<p>Utilizar disolventes convencionales en la disoluci&oacute;n de la pintura Plasti-Dip afectar&aacute; negativamente tanto a la adherencia como a la facilidad para remover el Plasti-Dip una vez este haya secado.<\/p>\n","protected":false},"excerpt":{"rendered":"<p>Disolvente Diluyente para Pintura Plasti Dip (1 Litro)          <\/p>\n","protected":false},"featured_media":17706,"comment_status":"open","ping_status":"closed","template":"","meta":{"site-sidebar-layout":"default","site-content-layout":"default","ast-site-content-layout":"default","site-content-style":"default","site-sidebar-style":"default","ast-global-header-display":"","ast-banner-title-visibility":"","ast-main-header-display":"","ast-hfb-above-header-display":"","ast-hfb-below-header-display":"","ast-hfb-mobile-header-display":"","site-post-title":"","ast-breadcrumbs-content":"","ast-featured-img":"","footer-sml-layout":"","ast-disable-related-posts":"","theme-transparent-header-meta":"default","adv-header-id-meta":"","stick-header-meta":"","header-above-stick-meta":"","header-main-stick-meta":"","header-below-stick-meta":"","astra-migrate-meta-layouts":"default","ast-page-background-enabled":"default","ast-page-background-meta":{"desktop":{"background-color":"","background-image":"","background-repeat":"repeat","background-position":"center center","background-size":"auto","background-attachment":"scroll","background-type":"","background-media":"","overlay-type":"","overlay-color":"","overlay-opacity":"","overlay-gradient":""},"tablet":{"background-color":"","background-image":"","background-repeat":"repeat","background-position":"center center","background-size":"auto","background-attachment":"scroll","background-type":"","background-media":"","overlay-type":"","overlay-color":"","overlay-opacity":"","overlay-gradient":""},"mobile":{"background-color":"","background-image":"","background-repeat":"repeat","background-position":"center center","background-size":"auto","background-attachment":"scroll","background-type":"","background-media":"","overlay-type":"","overlay-color":"","overlay-opacity":"","overlay-gradient":""}},"ast-content-background-meta":{"desktop":{"background-color":"var(--ast-global-color-5)","background-image":"","background-repeat":"repeat","background-position":"center center","background-size":"auto","background-attachment":"scroll","background-type":"","background-media":"","overlay-type":"","overlay-color":"","overlay-opacity":"","overlay-gradient":""},"tablet":{"background-color":"var(--ast-global-color-5)","background-image":"","background-repeat":"repeat","background-position":"center center","background-size":"auto","background-attachment":"scroll","background-type":"","background-media":"","overlay-type":"","overlay-color":"","overlay-opacity":"","overlay-gradient":""},"mobile":{"background-color":"var(--ast-global-color-5)","background-image":"","background-repeat":"repeat","background-position":"center center","background-size":"auto","background-attachment":"scroll","background-type":"","background-media":"","overlay-type":"","overlay-color":"","overlay-opacity":"","overlay-gradient":""}}},"product_brand":[],"product_cat":[2149],"product_tag":[],"class_list":{"0":"post-1421","1":"product","2":"type-product","3":"status-publish","4":"has-post-thumbnail","6":"product_cat-plastidip-disolventes-thinner","7":"desktop-align-left","8":"tablet-align-left","9":"mobile-align-left","11":"first","12":"instock","13":"taxable","14":"shipping-taxable","15":"purchasable","16":"product-type-simple"},"yoast_head":"<!-- This site is optimized with the Yoast SEO plugin v27.4 - https:\/\/yoast.com\/product\/yoast-seo-wordpress\/ -->\n<title>Disolvente especial para vinilo l\u00edquido plastidip, 1 Litro<\/title>\n<meta name=\"description\" content=\"Disolvente Diluyente especial para Pintura Plasti-Dip, en envase de 1 litro. Este disolvente es especial para los productos Plasti-Dip.\" \/>\n<meta name=\"robots\" content=\"index, follow, max-snippet:-1, max-image-preview:large, max-video-preview:-1\" \/>\n<link rel=\"canonical\" href=\"https:\/\/www.plasti-dip.es\/vinilo-liquido\/producto\/disolvente-diluyente-para-pintura-plasti-dip-1-litro\/\" \/>\n<meta property=\"og:locale\" content=\"es_ES\" \/>\n<meta property=\"og:type\" content=\"article\" \/>\n<meta property=\"og:title\" content=\"Disolvente especial para vinilo l\u00edquido plastidip, 1 Litro\" \/>\n<meta property=\"og:description\" content=\"Disolvente Diluyente especial para Pintura Plasti-Dip, en envase de 1 litro. Este disolvente es especial para los productos Plasti-Dip.\" \/>\n<meta property=\"og:url\" content=\"https:\/\/www.plasti-dip.es\/vinilo-liquido\/producto\/disolvente-diluyente-para-pintura-plasti-dip-1-litro\/\" \/>\n<meta property=\"og:site_name\" content=\"Plastidip Espa\u00f1a\" \/>\n<meta property=\"article:publisher\" content=\"https:\/\/www.facebook.com\/trp.plastidip\/\" \/>\n<meta property=\"article:modified_time\" content=\"2026-04-21T20:50:30+00:00\" \/>\n<meta property=\"og:image\" content=\"https:\/\/www.plasti-dip.es\/vinilo-liquido\/wp-content\/uploads\/2026\/02\/61001100.jpg\" \/>\n\t<meta property=\"og:image:width\" content=\"640\" \/>\n\t<meta property=\"og:image:height\" content=\"480\" \/>\n\t<meta property=\"og:image:type\" content=\"image\/jpeg\" \/>\n<meta name=\"twitter:card\" content=\"summary_large_image\" \/>\n<meta name=\"twitter:label1\" content=\"Tiempo de lectura\" \/>\n\t<meta name=\"twitter:data1\" content=\"1 minuto\" \/>\n<!-- \/ Yoast SEO plugin. -->","yoast_head_json":{"title":"Disolvente especial para vinilo l\u00edquido plastidip, 1 Litro","description":"Disolvente Diluyente especial para Pintura Plasti-Dip, en envase de 1 litro. Este disolvente es especial para los productos Plasti-Dip.","robots":{"index":"index","follow":"follow","max-snippet":"max-snippet:-1","max-image-preview":"max-image-preview:large","max-video-preview":"max-video-preview:-1"},"canonical":"https:\/\/www.plasti-dip.es\/vinilo-liquido\/producto\/disolvente-diluyente-para-pintura-plasti-dip-1-litro\/","og_locale":"es_ES","og_type":"article","og_title":"Disolvente especial para vinilo l\u00edquido plastidip, 1 Litro","og_description":"Disolvente Diluyente especial para Pintura Plasti-Dip, en envase de 1 litro. Este disolvente es especial para los productos Plasti-Dip.","og_url":"https:\/\/www.plasti-dip.es\/vinilo-liquido\/producto\/disolvente-diluyente-para-pintura-plasti-dip-1-litro\/","og_site_name":"Plastidip Espa\u00f1a","article_publisher":"https:\/\/www.facebook.com\/trp.plastidip\/","article_modified_time":"2026-04-21T20:50:30+00:00","og_image":[{"width":640,"height":480,"url":"https:\/\/www.plasti-dip.es\/vinilo-liquido\/wp-content\/uploads\/2026\/02\/61001100.jpg","type":"image\/jpeg"}],"twitter_card":"summary_large_image","twitter_misc":{"Tiempo de lectura":"1 minuto"},"schema":{"@context":"https:\/\/schema.org","@graph":[{"@type":"WebPage","@id":"https:\/\/www.plasti-dip.es\/vinilo-liquido\/producto\/disolvente-diluyente-para-pintura-plasti-dip-1-litro\/","url":"https:\/\/www.plasti-dip.es\/vinilo-liquido\/producto\/disolvente-diluyente-para-pintura-plasti-dip-1-litro\/","name":"Disolvente especial para vinilo l\u00edquido plastidip, 1 Litro","isPartOf":{"@id":"https:\/\/www.plasti-dip.es\/vinilo-liquido\/#website"},"primaryImageOfPage":{"@id":"https:\/\/www.plasti-dip.es\/vinilo-liquido\/producto\/disolvente-diluyente-para-pintura-plasti-dip-1-litro\/#primaryimage"},"image":{"@id":"https:\/\/www.plasti-dip.es\/vinilo-liquido\/producto\/disolvente-diluyente-para-pintura-plasti-dip-1-litro\/#primaryimage"},"thumbnailUrl":"https:\/\/www.plasti-dip.es\/vinilo-liquido\/wp-content\/uploads\/2026\/02\/61001100.jpg","datePublished":"2018-07-07T12:30:35+00:00","dateModified":"2026-04-21T20:50:30+00:00","description":"Disolvente Diluyente especial para Pintura Plasti-Dip, en envase de 1 litro. Este disolvente es especial para los productos Plasti-Dip.","breadcrumb":{"@id":"https:\/\/www.plasti-dip.es\/vinilo-liquido\/producto\/disolvente-diluyente-para-pintura-plasti-dip-1-litro\/#breadcrumb"},"inLanguage":"es","potentialAction":[{"@type":"ReadAction","target":["https:\/\/www.plasti-dip.es\/vinilo-liquido\/producto\/disolvente-diluyente-para-pintura-plasti-dip-1-litro\/"]}]},{"@type":"ImageObject","inLanguage":"es","@id":"https:\/\/www.plasti-dip.es\/vinilo-liquido\/producto\/disolvente-diluyente-para-pintura-plasti-dip-1-litro\/#primaryimage","url":"https:\/\/www.plasti-dip.es\/vinilo-liquido\/wp-content\/uploads\/2026\/02\/61001100.jpg","contentUrl":"https:\/\/www.plasti-dip.es\/vinilo-liquido\/wp-content\/uploads\/2026\/02\/61001100.jpg","width":640,"height":480,"caption":"Disolvente Diluyente para Pintura Plasti Dip (1 Litro)"},{"@type":"BreadcrumbList","@id":"https:\/\/www.plasti-dip.es\/vinilo-liquido\/producto\/disolvente-diluyente-para-pintura-plasti-dip-1-litro\/#breadcrumb","itemListElement":[{"@type":"ListItem","position":1,"name":"Home","item":"https:\/\/www.plasti-dip.es\/vinilo-liquido\/"},{"@type":"ListItem","position":2,"name":"Tienda","item":"https:\/\/www.plasti-dip.es\/vinilo-liquido\/"},{"@type":"ListItem","position":3,"name":"Disolvente Diluyente para Pintura Plasti Dip (1 Litro)"}]},{"@type":"WebSite","@id":"https:\/\/www.plasti-dip.es\/vinilo-liquido\/#website","url":"https:\/\/www.plasti-dip.es\/vinilo-liquido\/","name":"Plastidip Espa\u00f1a","description":"Vinilo l\u00edquido Plastidip - Impresionantemente vers\u00e1til, Removible, Aislante, Impermeable, Antideslizante","publisher":{"@id":"https:\/\/www.plasti-dip.es\/vinilo-liquido\/#organization"},"potentialAction":[{"@type":"SearchAction","target":{"@type":"EntryPoint","urlTemplate":"https:\/\/www.plasti-dip.es\/vinilo-liquido\/?s={search_term_string}"},"query-input":{"@type":"PropertyValueSpecification","valueRequired":true,"valueName":"search_term_string"}}],"inLanguage":"es"},{"@type":"Organization","@id":"https:\/\/www.plasti-dip.es\/vinilo-liquido\/#organization","name":"Plastidip Espa\u00f1a - Technical Racing Products S.L.","url":"https:\/\/www.plasti-dip.es\/vinilo-liquido\/","logo":{"@type":"ImageObject","inLanguage":"es","@id":"https:\/\/www.plasti-dip.es\/vinilo-liquido\/#\/schema\/logo\/image\/","url":"https:\/\/www.plasti-dip.es\/vinilo-liquido\/wp-content\/uploads\/2016\/10\/cropped-Plasti-Dip-Logo.png","contentUrl":"https:\/\/www.plasti-dip.es\/vinilo-liquido\/wp-content\/uploads\/2016\/10\/cropped-Plasti-Dip-Logo.png","width":484,"height":110,"caption":"Plastidip Espa\u00f1a - Technical Racing Products S.L."},"image":{"@id":"https:\/\/www.plasti-dip.es\/vinilo-liquido\/#\/schema\/logo\/image\/"},"sameAs":["https:\/\/www.facebook.com\/trp.plastidip\/","https:\/\/www.youtube.com\/user\/minizchannel"]}]}},"amp_enabled":true,"_links":{"self":[{"href":"https:\/\/www.plasti-dip.es\/vinilo-liquido\/wp-json\/wp\/v2\/product\/1421","targetHints":{"allow":["GET"]}}],"collection":[{"href":"https:\/\/www.plasti-dip.es\/vinilo-liquido\/wp-json\/wp\/v2\/product"}],"about":[{"href":"https:\/\/www.plasti-dip.es\/vinilo-liquido\/wp-json\/wp\/v2\/types\/product"}],"replies":[{"embeddable":true,"href":"https:\/\/www.plasti-dip.es\/vinilo-liquido\/wp-json\/wp\/v2\/comments?post=1421"}],"version-history":[{"count":3,"href":"https:\/\/www.plasti-dip.es\/vinilo-liquido\/wp-json\/wp\/v2\/product\/1421\/revisions"}],"predecessor-version":[{"id":15870,"href":"https:\/\/www.plasti-dip.es\/vinilo-liquido\/wp-json\/wp\/v2\/product\/1421\/revisions\/15870"}],"wp:featuredmedia":[{"embeddable":true,"href":"https:\/\/www.plasti-dip.es\/vinilo-liquido\/wp-json\/wp\/v2\/media\/17706"}],"wp:attachment":[{"href":"https:\/\/www.plasti-dip.es\/vinilo-liquido\/wp-json\/wp\/v2\/media?parent=1421"}],"wp:term":[{"taxonomy":"product_brand","embeddable":true,"href":"https:\/\/www.plasti-dip.es\/vinilo-liquido\/wp-json\/wp\/v2\/product_brand?post=1421"},{"taxonomy":"product_cat","embeddable":true,"href":"https:\/\/www.plasti-dip.es\/vinilo-liquido\/wp-json\/wp\/v2\/product_cat?post=1421"},{"taxonomy":"product_tag","embeddable":true,"href":"https:\/\/www.plasti-dip.es\/vinilo-liquido\/wp-json\/wp\/v2\/product_tag?post=1421"}],"curies":[{"name":"wp","href":"https:\/\/api.w.org\/{rel}","templated":true}]}}