{"id":1437,"date":"2018-07-07T14:31:03","date_gmt":"2018-07-07T12:31:03","guid":{"rendered":"https:\/\/www.plasti-dip.es\/vinilo-liquido\/product\/plastidip-efecto-acabado-brillo-perlado-3kg-3-78l-ready-spray\/"},"modified":"2026-03-30T22:34:47","modified_gmt":"2026-03-30T20:34:47","slug":"plastidip-efecto-acabado-brillo-perlado-3kg-3-78l-ready-spray","status":"publish","type":"product","link":"https:\/\/www.plasti-dip.es\/vinilo-liquido\/producto\/plastidip-efecto-acabado-brillo-perlado-3kg-3-78l-ready-spray\/","title":{"rendered":"Plastidip Efecto Acabado Brillo Perlado (3Kg\/3.78L) Ready Spray"},"content":{"rendered":"<p style=\"text-align: justify\">Bote de 3Kg \/ 3.78L, de pintura Plasti Dip, en color Efecto Perlado Brillo, listo para pulverizar (Sprayable).<\/p>\n<p>Los &quot;<strong>Efectos<\/strong>&quot; Plasti Dip nos permiten obtener diferentes acabados y tonos a las pinturas Plasti Dip, por lo que <strong>requieren obligatoriamente que la base sea pintura b\u00e1sica Plasti Dip<\/strong>. No se puede utilizar la gama de &quot;efectos&quot; Plasti Dip sobre una superf\u00edcie que no haya sido recubierta anteriormente con colores b\u00e1sicos Plasti Dip.<\/p>\n<p>En este caso, el &quot;efecto Perlado Brillo&quot; nos dar\u00e1, como su nombre indica, un tono perlado con acabado brillante.<\/p>\n<p>Este producto viene listo para ser pulverizado (Sprayable), dado que ya contiene el disolvente necesario.<\/p>\n<p>Su aplicaci\u00f3n es tan f\u00e1cil como abrir el bote, mezclar bien el producto, verterlo en el dep\u00f3sito de la pistola que vayamos a utilizar, y pulverizarlo sobre la superf\u00edcie previamente pintada con alg\u00fan color b\u00e1sico Plasti Dip.<\/p>\n<p>La goma l\u00edquida protectora Plasti Dip se utiliza para recubrir objetos y protegerlos de las inclemencias del tiempo (agua), del los rayos UV, etc.<\/p>\n<p>Una vez seca es permanece flexible y completamente inolora. Es a prueba de agua.<\/p>\n<p style=\"text-align: justify\">La goma l\u00edquida Plasti Dip forma una capa protectora de caucho muy \u00fatil para sellar, amortiguar y enmarcar. Se utiliza tambi\u00e9n como producto antideslizante. Especialmente recomendado para su uso en interiores y exteriores ya que soporta temperaturas extremas, desde -34\u00baC hasta 93\u00baC. Tambi\u00e9n es resistente a \u00e1cidos, alcalinos, sales, aceites, as\u00ed como a muchisimos agentes qu\u00edmicos.<\/p>\n<p style=\"text-align: justify\">No contiene silicona y una vez seco, se puede quitar facilmente, tir\u00e1ndo de el como si de un vinilo se tratase.<\/p>\n<p style=\"text-align: justify\">Especialmente adherente a metales, madera, pl\u00e1sticos, vidrio, telas , lana, piedras, fibras de vidrio o de carbono, etc. Para aumentar su adherencia podemos usar el producto de imprimaci\u00f3n especialmente dise&ntilde;ado para la goma l\u00edquida Plasti Dip.<\/p>\n<p style=\"text-align: justify\">\n<strong>Modo de empleo:<\/strong><\/p>\n<p style=\"text-align: justify\">&#8211; La superf\u00edcie a proteger debe estar seca, limpia, y libre de substancias que dificulten su adherencia. Antes de abrir el bote y pulverizar el producto, agitar suavemente. Debemos dejarlo reposar unos minutos para evitar burbujas de aire.<\/p>\n<p style=\"text-align: justify\">&#8211; Deberemos aplicar varias capas de pintura b\u00e1sica Plasti Dip, dejando un tiempo m\u00ednimo recomendado de secado de unos 15 min. entre cada capa (aplicaci\u00f3n a unos 20\u00ba de temperatura ambiente), para posteriormente pulverizar las capas que queramos de este Efecto Metal Oro Brillante Plasti Dip y modificar as\u00ed el color inicial. A mayor n\u00famero de capas que demos, obtendremos una mayor saturaci\u00f3n del efecto.<\/p>\n<p><strong>Informaci\u00f3n t\u00e9cnica:<\/strong><\/p>\n<p style=\"text-align: justify\">&#8211; Estable a temperaturas entre -34\u00baC y 93\u00baC.<br \/>\n&#8211; Temperatura \u00f3ptima de aplicaci\u00f3n, alrededor de 20\u00baC.<br \/>\n&#8211; Tiempo m\u00ednimo de secado al contacto. 10 min. aprox.<br \/>\n&#8211; Tiempo de secado completo: 1 hora, dependiendo del grosor y del n\u00famero de capas aplicadas.<br \/>\n&#8211; El fabricante recomienda capas de 0.2mm de grosor, que requerir\u00e1 mas o menos 150gr de producto por m2.<br \/>\n&nbsp;<\/p>\n","protected":false},"excerpt":{"rendered":"<p>Plastidip Efecto Acabado Brillo Perlado (3Kg\/3.78L) Ready Spray<\/p>\n","protected":false},"featured_media":17766,"comment_status":"open","ping_status":"closed","template":"","meta":{"site-sidebar-layout":"default","site-content-layout":"default","ast-site-content-layout":"default","site-content-style":"default","site-sidebar-style":"default","ast-global-header-display":"","ast-banner-title-visibility":"","ast-main-header-display":"","ast-hfb-above-header-display":"","ast-hfb-below-header-display":"","ast-hfb-mobile-header-display":"","site-post-title":"","ast-breadcrumbs-content":"","ast-featured-img":"","footer-sml-layout":"","ast-disable-related-posts":"","theme-transparent-header-meta":"default","adv-header-id-meta":"","stick-header-meta":"","header-above-stick-meta":"","header-main-stick-meta":"","header-below-stick-meta":"","astra-migrate-meta-layouts":"default","ast-page-background-enabled":"default","ast-page-background-meta":{"desktop":{"background-color":"","background-image":"","background-repeat":"repeat","background-position":"center center","background-size":"auto","background-attachment":"scroll","background-type":"","background-media":"","overlay-type":"","overlay-color":"","overlay-opacity":"","overlay-gradient":""},"tablet":{"background-color":"","background-image":"","background-repeat":"repeat","background-position":"center center","background-size":"auto","background-attachment":"scroll","background-type":"","background-media":"","overlay-type":"","overlay-color":"","overlay-opacity":"","overlay-gradient":""},"mobile":{"background-color":"","background-image":"","background-repeat":"repeat","background-position":"center center","background-size":"auto","background-attachment":"scroll","background-type":"","background-media":"","overlay-type":"","overlay-color":"","overlay-opacity":"","overlay-gradient":""}},"ast-content-background-meta":{"desktop":{"background-color":"var(--ast-global-color-5)","background-image":"","background-repeat":"repeat","background-position":"center center","background-size":"auto","background-attachment":"scroll","background-type":"","background-media":"","overlay-type":"","overlay-color":"","overlay-opacity":"","overlay-gradient":""},"tablet":{"background-color":"var(--ast-global-color-5)","background-image":"","background-repeat":"repeat","background-position":"center center","background-size":"auto","background-attachment":"scroll","background-type":"","background-media":"","overlay-type":"","overlay-color":"","overlay-opacity":"","overlay-gradient":""},"mobile":{"background-color":"var(--ast-global-color-5)","background-image":"","background-repeat":"repeat","background-position":"center center","background-size":"auto","background-attachment":"scroll","background-type":"","background-media":"","overlay-type":"","overlay-color":"","overlay-opacity":"","overlay-gradient":""}}},"product_brand":[],"product_cat":[2148],"product_tag":[],"class_list":{"0":"post-1437","1":"product","2":"type-product","3":"status-publish","4":"has-post-thumbnail","6":"product_cat-plastidip-goma-liquida-3-kg","7":"desktop-align-left","8":"tablet-align-left","9":"mobile-align-left","11":"first","12":"outofstock","13":"taxable","14":"shipping-taxable","15":"purchasable","16":"product-type-simple"},"yoast_head":"<!-- This site is optimized with the Yoast SEO plugin v27.2 - https:\/\/yoast.com\/product\/yoast-seo-wordpress\/ -->\n<title>Vinilo l\u00edquido en formato industrial acabado efecto perlado<\/title>\n<meta name=\"description\" content=\"Bote de 3Kg \/ 3.78L, de pintura Plasti Dip, en color Efecto Perlado Brillo, listo para pulverizar (Sprayable). \u00a1Conoce m\u00e1s!\" \/>\n<meta name=\"robots\" content=\"index, follow, max-snippet:-1, max-image-preview:large, max-video-preview:-1\" \/>\n<link rel=\"canonical\" href=\"https:\/\/www.plasti-dip.es\/vinilo-liquido\/producto\/plastidip-efecto-acabado-brillo-perlado-3kg-3-78l-ready-spray\/\" \/>\n<meta property=\"og:locale\" content=\"es_ES\" \/>\n<meta property=\"og:type\" content=\"article\" \/>\n<meta property=\"og:title\" content=\"Vinilo l\u00edquido en formato industrial acabado efecto perlado\" \/>\n<meta property=\"og:description\" content=\"Bote de 3Kg \/ 3.78L, de pintura Plasti Dip, en color Efecto Perlado Brillo, listo para pulverizar (Sprayable). \u00a1Conoce m\u00e1s!\" \/>\n<meta property=\"og:url\" content=\"https:\/\/www.plasti-dip.es\/vinilo-liquido\/producto\/plastidip-efecto-acabado-brillo-perlado-3kg-3-78l-ready-spray\/\" \/>\n<meta property=\"og:site_name\" content=\"Plastidip Espa\u00f1a\" \/>\n<meta property=\"article:publisher\" content=\"https:\/\/www.facebook.com\/trp.plastidip\/\" \/>\n<meta property=\"article:modified_time\" content=\"2026-03-30T20:34:47+00:00\" \/>\n<meta property=\"og:image\" content=\"https:\/\/www.plasti-dip.es\/vinilo-liquido\/wp-content\/uploads\/2026\/02\/FC956101C056.jpg\" \/>\n\t<meta property=\"og:image:width\" content=\"640\" \/>\n\t<meta property=\"og:image:height\" content=\"480\" \/>\n\t<meta property=\"og:image:type\" content=\"image\/jpeg\" \/>\n<meta name=\"twitter:card\" content=\"summary_large_image\" \/>\n<meta name=\"twitter:label1\" content=\"Tiempo de lectura\" \/>\n\t<meta name=\"twitter:data1\" content=\"3 minutos\" \/>\n<!-- \/ Yoast SEO plugin. -->","yoast_head_json":{"title":"Vinilo l\u00edquido en formato industrial acabado efecto perlado","description":"Bote de 3Kg \/ 3.78L, de pintura Plasti Dip, en color Efecto Perlado Brillo, listo para pulverizar (Sprayable). \u00a1Conoce m\u00e1s!","robots":{"index":"index","follow":"follow","max-snippet":"max-snippet:-1","max-image-preview":"max-image-preview:large","max-video-preview":"max-video-preview:-1"},"canonical":"https:\/\/www.plasti-dip.es\/vinilo-liquido\/producto\/plastidip-efecto-acabado-brillo-perlado-3kg-3-78l-ready-spray\/","og_locale":"es_ES","og_type":"article","og_title":"Vinilo l\u00edquido en formato industrial acabado efecto perlado","og_description":"Bote de 3Kg \/ 3.78L, de pintura Plasti Dip, en color Efecto Perlado Brillo, listo para pulverizar (Sprayable). \u00a1Conoce m\u00e1s!","og_url":"https:\/\/www.plasti-dip.es\/vinilo-liquido\/producto\/plastidip-efecto-acabado-brillo-perlado-3kg-3-78l-ready-spray\/","og_site_name":"Plastidip Espa\u00f1a","article_publisher":"https:\/\/www.facebook.com\/trp.plastidip\/","article_modified_time":"2026-03-30T20:34:47+00:00","og_image":[{"width":640,"height":480,"url":"https:\/\/www.plasti-dip.es\/vinilo-liquido\/wp-content\/uploads\/2026\/02\/FC956101C056.jpg","type":"image\/jpeg"}],"twitter_card":"summary_large_image","twitter_misc":{"Tiempo de lectura":"3 minutos"},"schema":{"@context":"https:\/\/schema.org","@graph":[{"@type":"WebPage","@id":"https:\/\/www.plasti-dip.es\/vinilo-liquido\/producto\/plastidip-efecto-acabado-brillo-perlado-3kg-3-78l-ready-spray\/","url":"https:\/\/www.plasti-dip.es\/vinilo-liquido\/producto\/plastidip-efecto-acabado-brillo-perlado-3kg-3-78l-ready-spray\/","name":"Vinilo l\u00edquido en formato industrial acabado efecto perlado","isPartOf":{"@id":"https:\/\/www.plasti-dip.es\/vinilo-liquido\/#website"},"primaryImageOfPage":{"@id":"https:\/\/www.plasti-dip.es\/vinilo-liquido\/producto\/plastidip-efecto-acabado-brillo-perlado-3kg-3-78l-ready-spray\/#primaryimage"},"image":{"@id":"https:\/\/www.plasti-dip.es\/vinilo-liquido\/producto\/plastidip-efecto-acabado-brillo-perlado-3kg-3-78l-ready-spray\/#primaryimage"},"thumbnailUrl":"https:\/\/www.plasti-dip.es\/vinilo-liquido\/wp-content\/uploads\/2026\/02\/FC956101C056.jpg","datePublished":"2018-07-07T12:31:03+00:00","dateModified":"2026-03-30T20:34:47+00:00","description":"Bote de 3Kg \/ 3.78L, de pintura Plasti Dip, en color Efecto Perlado Brillo, listo para pulverizar (Sprayable). \u00a1Conoce m\u00e1s!","breadcrumb":{"@id":"https:\/\/www.plasti-dip.es\/vinilo-liquido\/producto\/plastidip-efecto-acabado-brillo-perlado-3kg-3-78l-ready-spray\/#breadcrumb"},"inLanguage":"es","potentialAction":[{"@type":"ReadAction","target":["https:\/\/www.plasti-dip.es\/vinilo-liquido\/producto\/plastidip-efecto-acabado-brillo-perlado-3kg-3-78l-ready-spray\/"]}]},{"@type":"ImageObject","inLanguage":"es","@id":"https:\/\/www.plasti-dip.es\/vinilo-liquido\/producto\/plastidip-efecto-acabado-brillo-perlado-3kg-3-78l-ready-spray\/#primaryimage","url":"https:\/\/www.plasti-dip.es\/vinilo-liquido\/wp-content\/uploads\/2026\/02\/FC956101C056.jpg","contentUrl":"https:\/\/www.plasti-dip.es\/vinilo-liquido\/wp-content\/uploads\/2026\/02\/FC956101C056.jpg","width":640,"height":480,"caption":"Plastidip Efecto Acabado Brillo Perlado (3Kg\/3.78L) Ready Spray"},{"@type":"BreadcrumbList","@id":"https:\/\/www.plasti-dip.es\/vinilo-liquido\/producto\/plastidip-efecto-acabado-brillo-perlado-3kg-3-78l-ready-spray\/#breadcrumb","itemListElement":[{"@type":"ListItem","position":1,"name":"Home","item":"https:\/\/www.plasti-dip.es\/vinilo-liquido\/"},{"@type":"ListItem","position":2,"name":"Tienda","item":"https:\/\/www.plasti-dip.es\/vinilo-liquido\/"},{"@type":"ListItem","position":3,"name":"Plastidip Efecto Acabado Brillo Perlado (3Kg\/3.78L) Ready Spray"}]},{"@type":"WebSite","@id":"https:\/\/www.plasti-dip.es\/vinilo-liquido\/#website","url":"https:\/\/www.plasti-dip.es\/vinilo-liquido\/","name":"Plastidip Espa\u00f1a","description":"Vinilo l\u00edquido Plastidip - Impresionantemente vers\u00e1til, Removible, Aislante, Impermeable, Antideslizante","publisher":{"@id":"https:\/\/www.plasti-dip.es\/vinilo-liquido\/#organization"},"potentialAction":[{"@type":"SearchAction","target":{"@type":"EntryPoint","urlTemplate":"https:\/\/www.plasti-dip.es\/vinilo-liquido\/?s={search_term_string}"},"query-input":{"@type":"PropertyValueSpecification","valueRequired":true,"valueName":"search_term_string"}}],"inLanguage":"es"},{"@type":"Organization","@id":"https:\/\/www.plasti-dip.es\/vinilo-liquido\/#organization","name":"Plastidip Espa\u00f1a - Technical Racing Products S.L.","url":"https:\/\/www.plasti-dip.es\/vinilo-liquido\/","logo":{"@type":"ImageObject","inLanguage":"es","@id":"https:\/\/www.plasti-dip.es\/vinilo-liquido\/#\/schema\/logo\/image\/","url":"https:\/\/www.plasti-dip.es\/vinilo-liquido\/wp-content\/uploads\/2016\/10\/cropped-Plasti-Dip-Logo.png","contentUrl":"https:\/\/www.plasti-dip.es\/vinilo-liquido\/wp-content\/uploads\/2016\/10\/cropped-Plasti-Dip-Logo.png","width":484,"height":110,"caption":"Plastidip Espa\u00f1a - Technical Racing Products S.L."},"image":{"@id":"https:\/\/www.plasti-dip.es\/vinilo-liquido\/#\/schema\/logo\/image\/"},"sameAs":["https:\/\/www.facebook.com\/trp.plastidip\/","https:\/\/www.youtube.com\/user\/minizchannel"]}]}},"amp_enabled":true,"_links":{"self":[{"href":"https:\/\/www.plasti-dip.es\/vinilo-liquido\/wp-json\/wp\/v2\/product\/1437","targetHints":{"allow":["GET"]}}],"collection":[{"href":"https:\/\/www.plasti-dip.es\/vinilo-liquido\/wp-json\/wp\/v2\/product"}],"about":[{"href":"https:\/\/www.plasti-dip.es\/vinilo-liquido\/wp-json\/wp\/v2\/types\/product"}],"replies":[{"embeddable":true,"href":"https:\/\/www.plasti-dip.es\/vinilo-liquido\/wp-json\/wp\/v2\/comments?post=1437"}],"version-history":[{"count":4,"href":"https:\/\/www.plasti-dip.es\/vinilo-liquido\/wp-json\/wp\/v2\/product\/1437\/revisions"}],"predecessor-version":[{"id":17767,"href":"https:\/\/www.plasti-dip.es\/vinilo-liquido\/wp-json\/wp\/v2\/product\/1437\/revisions\/17767"}],"wp:featuredmedia":[{"embeddable":true,"href":"https:\/\/www.plasti-dip.es\/vinilo-liquido\/wp-json\/wp\/v2\/media\/17766"}],"wp:attachment":[{"href":"https:\/\/www.plasti-dip.es\/vinilo-liquido\/wp-json\/wp\/v2\/media?parent=1437"}],"wp:term":[{"taxonomy":"product_brand","embeddable":true,"href":"https:\/\/www.plasti-dip.es\/vinilo-liquido\/wp-json\/wp\/v2\/product_brand?post=1437"},{"taxonomy":"product_cat","embeddable":true,"href":"https:\/\/www.plasti-dip.es\/vinilo-liquido\/wp-json\/wp\/v2\/product_cat?post=1437"},{"taxonomy":"product_tag","embeddable":true,"href":"https:\/\/www.plasti-dip.es\/vinilo-liquido\/wp-json\/wp\/v2\/product_tag?post=1437"}],"curies":[{"name":"wp","href":"https:\/\/api.w.org\/{rel}","templated":true}]}}