{"id":1441,"date":"2018-07-07T14:31:09","date_gmt":"2018-07-07T12:31:09","guid":{"rendered":"https:\/\/www.plasti-dip.es\/vinilo-liquido\/product\/kit-plastidip-azul-mate-coche-pequeno-citroen-c1-8-litro\/"},"modified":"2026-02-22T15:50:49","modified_gmt":"2026-02-22T13:50:49","slug":"kit-plastidip-azul-mate-coche-pequeno-citroen-c1-8-litro","status":"publish","type":"product","link":"https:\/\/www.plasti-dip.es\/vinilo-liquido\/producto\/kit-plastidip-azul-mate-coche-pequeno-citroen-c1-8-litro\/","title":{"rendered":"Kit Plastidip Azul Mate Coche peque\u00f1o (Citroen C1) 8 litro"},"content":{"rendered":"<p>Kit para pintar coches de peque&ntilde;as dimensiones tipo Smart, Citroen C1, Toyota Aygo, Peugeot 108, Fiat 500, Seat Mii o Renault Twingo. El kit se compone de un bote de 1 gal&oacute;n (3kg\/3.7L) de pintura concentrada en color<strong> azul mate<\/strong> y de 4 litros de disolvente Plasti Dip.<\/p>\n<p>Mezclando el disolvente con la pintura azul mate Plasti Dip (proporci&oacute;n de 1:1), dispondremos de 8 litros aprox. de pintura removible, suficientes para poder cubrir, pulverizando un m&iacute;nimo de 4-6 capas, un veh&iacute;culo de peque&ntilde;as dimensiones.<\/p>\n<p>Una vez aplicada y seca, la pintura Plasti Dip nos permitir&aacute; retirarla tirando de ella como si se tratara de vinilo, sin dejar ning&uacute;n residuo sobre la superficie a la que le hayamos aplicado el vinilo l&iacute;quido Plasti Dip.<\/p>\n","protected":false},"excerpt":{"rendered":"<p>Kit Plastidip Azul Mate Coche peque\u00f1o (Citroen C1) 8 litro<\/p>\n","protected":false},"featured_media":17820,"comment_status":"open","ping_status":"closed","template":"","meta":{"site-sidebar-layout":"default","site-content-layout":"default","ast-site-content-layout":"default","site-content-style":"default","site-sidebar-style":"default","ast-global-header-display":"","ast-banner-title-visibility":"","ast-main-header-display":"","ast-hfb-above-header-display":"","ast-hfb-below-header-display":"","ast-hfb-mobile-header-display":"","site-post-title":"","ast-breadcrumbs-content":"","ast-featured-img":"","footer-sml-layout":"","ast-disable-related-posts":"","theme-transparent-header-meta":"default","adv-header-id-meta":"","stick-header-meta":"","header-above-stick-meta":"","header-main-stick-meta":"","header-below-stick-meta":"","astra-migrate-meta-layouts":"default","ast-page-background-enabled":"default","ast-page-background-meta":{"desktop":{"background-color":"","background-image":"","background-repeat":"repeat","background-position":"center center","background-size":"auto","background-attachment":"scroll","background-type":"","background-media":"","overlay-type":"","overlay-color":"","overlay-opacity":"","overlay-gradient":""},"tablet":{"background-color":"","background-image":"","background-repeat":"repeat","background-position":"center center","background-size":"auto","background-attachment":"scroll","background-type":"","background-media":"","overlay-type":"","overlay-color":"","overlay-opacity":"","overlay-gradient":""},"mobile":{"background-color":"","background-image":"","background-repeat":"repeat","background-position":"center center","background-size":"auto","background-attachment":"scroll","background-type":"","background-media":"","overlay-type":"","overlay-color":"","overlay-opacity":"","overlay-gradient":""}},"ast-content-background-meta":{"desktop":{"background-color":"var(--ast-global-color-5)","background-image":"","background-repeat":"repeat","background-position":"center center","background-size":"auto","background-attachment":"scroll","background-type":"","background-media":"","overlay-type":"","overlay-color":"","overlay-opacity":"","overlay-gradient":""},"tablet":{"background-color":"var(--ast-global-color-5)","background-image":"","background-repeat":"repeat","background-position":"center center","background-size":"auto","background-attachment":"scroll","background-type":"","background-media":"","overlay-type":"","overlay-color":"","overlay-opacity":"","overlay-gradient":""},"mobile":{"background-color":"var(--ast-global-color-5)","background-image":"","background-repeat":"repeat","background-position":"center center","background-size":"auto","background-attachment":"scroll","background-type":"","background-media":"","overlay-type":"","overlay-color":"","overlay-opacity":"","overlay-gradient":""}}},"product_brand":[],"product_cat":[2171],"product_tag":[],"class_list":{"0":"post-1441","1":"product","2":"type-product","3":"status-publish","4":"has-post-thumbnail","6":"product_cat-quiero-pintar-coches","7":"desktop-align-left","8":"tablet-align-left","9":"mobile-align-left","11":"first","12":"outofstock","13":"taxable","14":"shipping-taxable","15":"purchasable","16":"product-type-simple"},"yoast_head":"<!-- This site is optimized with the Yoast SEO plugin v27.4 - https:\/\/yoast.com\/product\/yoast-seo-wordpress\/ -->\n<title>Kit pintura vinilo l\u00edquido plastidip color Azul coche peque\u00f1o<\/title>\n<meta name=\"description\" content=\"El kit se compone de un bote de 1 gal\u00f3n (3kg\/3.7L) de pintura concentrada en color azul mate y de 4 litros de disolvente Plasti Dip.\" \/>\n<meta name=\"robots\" content=\"index, follow, max-snippet:-1, max-image-preview:large, max-video-preview:-1\" \/>\n<link rel=\"canonical\" href=\"https:\/\/www.plasti-dip.es\/vinilo-liquido\/producto\/kit-plastidip-azul-mate-coche-pequeno-citroen-c1-8-litro\/\" \/>\n<meta property=\"og:locale\" content=\"es_ES\" \/>\n<meta property=\"og:type\" content=\"article\" \/>\n<meta property=\"og:title\" content=\"Kit pintura vinilo l\u00edquido plastidip color Azul coche peque\u00f1o\" \/>\n<meta property=\"og:description\" content=\"El kit se compone de un bote de 1 gal\u00f3n (3kg\/3.7L) de pintura concentrada en color azul mate y de 4 litros de disolvente Plasti Dip.\" \/>\n<meta property=\"og:url\" content=\"https:\/\/www.plasti-dip.es\/vinilo-liquido\/producto\/kit-plastidip-azul-mate-coche-pequeno-citroen-c1-8-litro\/\" \/>\n<meta property=\"og:site_name\" content=\"Plastidip Espa\u00f1a\" \/>\n<meta property=\"article:publisher\" content=\"https:\/\/www.facebook.com\/trp.plastidip\/\" \/>\n<meta property=\"article:modified_time\" content=\"2026-02-22T13:50:49+00:00\" \/>\n<meta property=\"og:image\" content=\"https:\/\/www.plasti-dip.es\/vinilo-liquido\/wp-content\/uploads\/2018\/07\/PD-Small-BL.webp\" \/>\n\t<meta property=\"og:image:width\" content=\"640\" \/>\n\t<meta property=\"og:image:height\" content=\"582\" \/>\n\t<meta property=\"og:image:type\" content=\"image\/webp\" \/>\n<meta name=\"twitter:card\" content=\"summary_large_image\" \/>\n<meta name=\"twitter:label1\" content=\"Tiempo de lectura\" \/>\n\t<meta name=\"twitter:data1\" content=\"1 minuto\" \/>\n<!-- \/ Yoast SEO plugin. -->","yoast_head_json":{"title":"Kit pintura vinilo l\u00edquido plastidip color Azul coche peque\u00f1o","description":"El kit se compone de un bote de 1 gal\u00f3n (3kg\/3.7L) de pintura concentrada en color azul mate y de 4 litros de disolvente Plasti Dip.","robots":{"index":"index","follow":"follow","max-snippet":"max-snippet:-1","max-image-preview":"max-image-preview:large","max-video-preview":"max-video-preview:-1"},"canonical":"https:\/\/www.plasti-dip.es\/vinilo-liquido\/producto\/kit-plastidip-azul-mate-coche-pequeno-citroen-c1-8-litro\/","og_locale":"es_ES","og_type":"article","og_title":"Kit pintura vinilo l\u00edquido plastidip color Azul coche peque\u00f1o","og_description":"El kit se compone de un bote de 1 gal\u00f3n (3kg\/3.7L) de pintura concentrada en color azul mate y de 4 litros de disolvente Plasti Dip.","og_url":"https:\/\/www.plasti-dip.es\/vinilo-liquido\/producto\/kit-plastidip-azul-mate-coche-pequeno-citroen-c1-8-litro\/","og_site_name":"Plastidip Espa\u00f1a","article_publisher":"https:\/\/www.facebook.com\/trp.plastidip\/","article_modified_time":"2026-02-22T13:50:49+00:00","og_image":[{"width":640,"height":582,"url":"https:\/\/www.plasti-dip.es\/vinilo-liquido\/wp-content\/uploads\/2018\/07\/PD-Small-BL.webp","type":"image\/webp"}],"twitter_card":"summary_large_image","twitter_misc":{"Tiempo de lectura":"1 minuto"},"schema":{"@context":"https:\/\/schema.org","@graph":[{"@type":"WebPage","@id":"https:\/\/www.plasti-dip.es\/vinilo-liquido\/producto\/kit-plastidip-azul-mate-coche-pequeno-citroen-c1-8-litro\/","url":"https:\/\/www.plasti-dip.es\/vinilo-liquido\/producto\/kit-plastidip-azul-mate-coche-pequeno-citroen-c1-8-litro\/","name":"Kit pintura vinilo l\u00edquido plastidip color Azul coche peque\u00f1o","isPartOf":{"@id":"https:\/\/www.plasti-dip.es\/vinilo-liquido\/#website"},"primaryImageOfPage":{"@id":"https:\/\/www.plasti-dip.es\/vinilo-liquido\/producto\/kit-plastidip-azul-mate-coche-pequeno-citroen-c1-8-litro\/#primaryimage"},"image":{"@id":"https:\/\/www.plasti-dip.es\/vinilo-liquido\/producto\/kit-plastidip-azul-mate-coche-pequeno-citroen-c1-8-litro\/#primaryimage"},"thumbnailUrl":"https:\/\/www.plasti-dip.es\/vinilo-liquido\/wp-content\/uploads\/2026\/02\/PD-Small-BL.jpg","datePublished":"2018-07-07T12:31:09+00:00","dateModified":"2026-02-22T13:50:49+00:00","description":"El kit se compone de un bote de 1 gal\u00f3n (3kg\/3.7L) de pintura concentrada en color azul mate y de 4 litros de disolvente Plasti Dip.","breadcrumb":{"@id":"https:\/\/www.plasti-dip.es\/vinilo-liquido\/producto\/kit-plastidip-azul-mate-coche-pequeno-citroen-c1-8-litro\/#breadcrumb"},"inLanguage":"es","potentialAction":[{"@type":"ReadAction","target":["https:\/\/www.plasti-dip.es\/vinilo-liquido\/producto\/kit-plastidip-azul-mate-coche-pequeno-citroen-c1-8-litro\/"]}]},{"@type":"ImageObject","inLanguage":"es","@id":"https:\/\/www.plasti-dip.es\/vinilo-liquido\/producto\/kit-plastidip-azul-mate-coche-pequeno-citroen-c1-8-litro\/#primaryimage","url":"https:\/\/www.plasti-dip.es\/vinilo-liquido\/wp-content\/uploads\/2026\/02\/PD-Small-BL.jpg","contentUrl":"https:\/\/www.plasti-dip.es\/vinilo-liquido\/wp-content\/uploads\/2026\/02\/PD-Small-BL.jpg","width":800,"height":600,"caption":"Kit Plastidip Azul Mate Coche peque\u00f1o (Citroen C1) 8 litro"},{"@type":"BreadcrumbList","@id":"https:\/\/www.plasti-dip.es\/vinilo-liquido\/producto\/kit-plastidip-azul-mate-coche-pequeno-citroen-c1-8-litro\/#breadcrumb","itemListElement":[{"@type":"ListItem","position":1,"name":"Home","item":"https:\/\/www.plasti-dip.es\/vinilo-liquido\/"},{"@type":"ListItem","position":2,"name":"Tienda","item":"https:\/\/www.plasti-dip.es\/vinilo-liquido\/"},{"@type":"ListItem","position":3,"name":"Kit Plastidip Azul Mate Coche peque\u00f1o (Citroen C1) 8 litro"}]},{"@type":"WebSite","@id":"https:\/\/www.plasti-dip.es\/vinilo-liquido\/#website","url":"https:\/\/www.plasti-dip.es\/vinilo-liquido\/","name":"Plastidip Espa\u00f1a","description":"Vinilo l\u00edquido Plastidip - Impresionantemente vers\u00e1til, Removible, Aislante, Impermeable, Antideslizante","publisher":{"@id":"https:\/\/www.plasti-dip.es\/vinilo-liquido\/#organization"},"potentialAction":[{"@type":"SearchAction","target":{"@type":"EntryPoint","urlTemplate":"https:\/\/www.plasti-dip.es\/vinilo-liquido\/?s={search_term_string}"},"query-input":{"@type":"PropertyValueSpecification","valueRequired":true,"valueName":"search_term_string"}}],"inLanguage":"es"},{"@type":"Organization","@id":"https:\/\/www.plasti-dip.es\/vinilo-liquido\/#organization","name":"Plastidip Espa\u00f1a - Technical Racing Products S.L.","url":"https:\/\/www.plasti-dip.es\/vinilo-liquido\/","logo":{"@type":"ImageObject","inLanguage":"es","@id":"https:\/\/www.plasti-dip.es\/vinilo-liquido\/#\/schema\/logo\/image\/","url":"https:\/\/www.plasti-dip.es\/vinilo-liquido\/wp-content\/uploads\/2016\/10\/cropped-Plasti-Dip-Logo.png","contentUrl":"https:\/\/www.plasti-dip.es\/vinilo-liquido\/wp-content\/uploads\/2016\/10\/cropped-Plasti-Dip-Logo.png","width":484,"height":110,"caption":"Plastidip Espa\u00f1a - Technical Racing Products S.L."},"image":{"@id":"https:\/\/www.plasti-dip.es\/vinilo-liquido\/#\/schema\/logo\/image\/"},"sameAs":["https:\/\/www.facebook.com\/trp.plastidip\/","https:\/\/www.youtube.com\/user\/minizchannel"]}]}},"amp_enabled":true,"_links":{"self":[{"href":"https:\/\/www.plasti-dip.es\/vinilo-liquido\/wp-json\/wp\/v2\/product\/1441","targetHints":{"allow":["GET"]}}],"collection":[{"href":"https:\/\/www.plasti-dip.es\/vinilo-liquido\/wp-json\/wp\/v2\/product"}],"about":[{"href":"https:\/\/www.plasti-dip.es\/vinilo-liquido\/wp-json\/wp\/v2\/types\/product"}],"replies":[{"embeddable":true,"href":"https:\/\/www.plasti-dip.es\/vinilo-liquido\/wp-json\/wp\/v2\/comments?post=1441"}],"version-history":[{"count":2,"href":"https:\/\/www.plasti-dip.es\/vinilo-liquido\/wp-json\/wp\/v2\/product\/1441\/revisions"}],"predecessor-version":[{"id":17822,"href":"https:\/\/www.plasti-dip.es\/vinilo-liquido\/wp-json\/wp\/v2\/product\/1441\/revisions\/17822"}],"wp:featuredmedia":[{"embeddable":true,"href":"https:\/\/www.plasti-dip.es\/vinilo-liquido\/wp-json\/wp\/v2\/media\/17820"}],"wp:attachment":[{"href":"https:\/\/www.plasti-dip.es\/vinilo-liquido\/wp-json\/wp\/v2\/media?parent=1441"}],"wp:term":[{"taxonomy":"product_brand","embeddable":true,"href":"https:\/\/www.plasti-dip.es\/vinilo-liquido\/wp-json\/wp\/v2\/product_brand?post=1441"},{"taxonomy":"product_cat","embeddable":true,"href":"https:\/\/www.plasti-dip.es\/vinilo-liquido\/wp-json\/wp\/v2\/product_cat?post=1441"},{"taxonomy":"product_tag","embeddable":true,"href":"https:\/\/www.plasti-dip.es\/vinilo-liquido\/wp-json\/wp\/v2\/product_tag?post=1441"}],"curies":[{"name":"wp","href":"https:\/\/api.w.org\/{rel}","templated":true}]}}