{"id":1463,"date":"2018-07-07T14:31:42","date_gmt":"2018-07-07T12:31:42","guid":{"rendered":"https:\/\/www.plasti-dip.es\/vinilo-liquido\/product\/pigmento-profx-spectral-midnight-cobalt-5gr\/"},"modified":"2026-02-22T15:34:11","modified_gmt":"2026-02-22T13:34:11","slug":"pigmento-profx-spectral-midnight-cobalt-5gr","status":"publish","type":"product","link":"https:\/\/www.plasti-dip.es\/vinilo-liquido\/producto\/pigmento-profx-spectral-midnight-cobalt-5gr\/","title":{"rendered":"Pigmento ProFx Spectral Midnight Cobalt (5gr)"},"content":{"rendered":"<p>Pigmento fabricado por <strong>ProFx<\/strong>, en color <strong>Spectral Midnight Cobalt<\/strong>, en envase de 5gr.<\/p>\n<p>Los pigmentos de Profx, nos ofrecen una amplia gama de destellos y chispas brillantes, para realizar cambios de color de forma consistente y muy estable (UV). Los colores y los efectos creados a partir de los pigmentos est\u00e1n basados en los principios de reflexi\u00f3n y refracci\u00f3n de la luz a trav\u00e9s de la estructra de pigmentos, por lo que no se desvanecer\u00e1 en el tiempo.<\/p>\n<p>Este pigmento producir\u00e1 reflejos y sutiles cambios de color que resaltar\u00e1n el acabado final, y que de ning\u00fan modo podr\u00e1s conseguir con los colores standard.<\/p>\n<p>Para lograr el mejor resultado posible, recomendamos que se trabaje capa a capa. En primer lugar deberemos pulverizar el color base, que puede ser cualquier color de la gama Plasti Dip goma protectora, colores b\u00e1sicos.<\/p>\n<p>En segundo lugar aplicaremos una sutil capa de pigmento ProFX. Mezclaremos el pigmento con Plasti Dip transparente. Alterando la cantidad de pigmento mezclado con Plasti Dip Transparente (incoloro), cambiaremos sutilmente el color final resultante.<\/p>\n<p>Nuestra recomendaci\u00f3n es trabajar con bajas concentraciones de pigmento, es decir, desde 5gr hasta 25gr por cada gal\u00f3n (1 gal\u00f3n = 3.7 litros) de Plasti Dip transparente.<\/p>\n<p>Cuando trabajamos con una menor proporci\u00f3n de pigmento (5gr.) obtenemos la m\u00e1s elevada dispersi\u00f3n de la luz en los pigmentos, y por lo tanto alcanzamos la m\u00e1xima mejora o cambio en el acabado. Bajos niveles de pigmento resaltan el efecto y dan m\u00e1ximo brillo. Elevados niveles de pigmento (en la mezcla con Plasti Dip Transparente) nos ofrecen colores m\u00e1s saturados y un acabado satinado.<\/p>\n<p>Si queremos un acabado mucho mas brillante, adem\u00e1s de utilizar poco pigmento en la mezcla, podemos dar una capa final de Plasti dip efecto Brillo.<\/p>\n<p>Es imprescindible trabajar de forma meticulosa, en todo el proceso de pintado y en concreto en la realizaci\u00f3n de mezclas y en el pesaje del pigmento (envasado en bolsas de 5gr que nos facilitan en gran medida el trabajo).<\/p>\n","protected":false},"excerpt":{"rendered":"<p>Pigmento ProFx Spectral Midnight Cobalt (5gr)                   <\/p>\n","protected":false},"featured_media":17759,"comment_status":"open","ping_status":"closed","template":"","meta":{"site-sidebar-layout":"default","site-content-layout":"default","ast-site-content-layout":"default","site-content-style":"default","site-sidebar-style":"default","ast-global-header-display":"","ast-banner-title-visibility":"","ast-main-header-display":"","ast-hfb-above-header-display":"","ast-hfb-below-header-display":"","ast-hfb-mobile-header-display":"","site-post-title":"","ast-breadcrumbs-content":"","ast-featured-img":"","footer-sml-layout":"","ast-disable-related-posts":"","theme-transparent-header-meta":"default","adv-header-id-meta":"","stick-header-meta":"","header-above-stick-meta":"","header-main-stick-meta":"","header-below-stick-meta":"","astra-migrate-meta-layouts":"default","ast-page-background-enabled":"default","ast-page-background-meta":{"desktop":{"background-color":"","background-image":"","background-repeat":"repeat","background-position":"center center","background-size":"auto","background-attachment":"scroll","background-type":"","background-media":"","overlay-type":"","overlay-color":"","overlay-opacity":"","overlay-gradient":""},"tablet":{"background-color":"","background-image":"","background-repeat":"repeat","background-position":"center center","background-size":"auto","background-attachment":"scroll","background-type":"","background-media":"","overlay-type":"","overlay-color":"","overlay-opacity":"","overlay-gradient":""},"mobile":{"background-color":"","background-image":"","background-repeat":"repeat","background-position":"center center","background-size":"auto","background-attachment":"scroll","background-type":"","background-media":"","overlay-type":"","overlay-color":"","overlay-opacity":"","overlay-gradient":""}},"ast-content-background-meta":{"desktop":{"background-color":"var(--ast-global-color-5)","background-image":"","background-repeat":"repeat","background-position":"center center","background-size":"auto","background-attachment":"scroll","background-type":"","background-media":"","overlay-type":"","overlay-color":"","overlay-opacity":"","overlay-gradient":""},"tablet":{"background-color":"var(--ast-global-color-5)","background-image":"","background-repeat":"repeat","background-position":"center center","background-size":"auto","background-attachment":"scroll","background-type":"","background-media":"","overlay-type":"","overlay-color":"","overlay-opacity":"","overlay-gradient":""},"mobile":{"background-color":"var(--ast-global-color-5)","background-image":"","background-repeat":"repeat","background-position":"center center","background-size":"auto","background-attachment":"scroll","background-type":"","background-media":"","overlay-type":"","overlay-color":"","overlay-opacity":"","overlay-gradient":""}}},"product_brand":[],"product_cat":[2182],"product_tag":[],"class_list":{"0":"post-1463","1":"product","2":"type-product","3":"status-publish","4":"has-post-thumbnail","6":"product_cat-pigmentos-metal-flakes","7":"desktop-align-left","8":"tablet-align-left","9":"mobile-align-left","11":"first","12":"instock","13":"taxable","14":"shipping-taxable","15":"purchasable","16":"product-type-simple"},"yoast_head":"<!-- This site is optimized with the Yoast SEO plugin v27.2 - https:\/\/yoast.com\/product\/yoast-seo-wordpress\/ -->\n<title>Pigmento Cobalto para mezclar con plastidip vinilo l\u00edquido<\/title>\n<meta name=\"description\" content=\"Pigmento fabricado por ProFx, en color Spectral Midnight Cobalt, en envase de 5gr. Ofrecen una amplia gama de destellos y chispas brillantes.\" \/>\n<meta name=\"robots\" content=\"index, follow, max-snippet:-1, max-image-preview:large, max-video-preview:-1\" \/>\n<link rel=\"canonical\" href=\"https:\/\/www.plasti-dip.es\/vinilo-liquido\/producto\/pigmento-profx-spectral-midnight-cobalt-5gr\/\" \/>\n<meta property=\"og:locale\" content=\"es_ES\" \/>\n<meta property=\"og:type\" content=\"article\" \/>\n<meta property=\"og:title\" content=\"Pigmento Cobalto para mezclar con plastidip vinilo l\u00edquido\" \/>\n<meta property=\"og:description\" content=\"Pigmento fabricado por ProFx, en color Spectral Midnight Cobalt, en envase de 5gr. Ofrecen una amplia gama de destellos y chispas brillantes.\" \/>\n<meta property=\"og:url\" content=\"https:\/\/www.plasti-dip.es\/vinilo-liquido\/producto\/pigmento-profx-spectral-midnight-cobalt-5gr\/\" \/>\n<meta property=\"og:site_name\" content=\"Plastidip Espa\u00f1a\" \/>\n<meta property=\"article:publisher\" content=\"https:\/\/www.facebook.com\/trp.plastidip\/\" \/>\n<meta property=\"article:modified_time\" content=\"2026-02-22T13:34:11+00:00\" \/>\n<meta property=\"og:image\" content=\"https:\/\/www.plasti-dip.es\/vinilo-liquido\/wp-content\/uploads\/2018\/07\/PFX1207-5G-P.webp\" \/>\n\t<meta property=\"og:image:width\" content=\"640\" \/>\n\t<meta property=\"og:image:height\" content=\"722\" \/>\n\t<meta property=\"og:image:type\" content=\"image\/webp\" \/>\n<meta name=\"twitter:card\" content=\"summary_large_image\" \/>\n<meta name=\"twitter:label1\" content=\"Tiempo de lectura\" \/>\n\t<meta name=\"twitter:data1\" content=\"2 minutos\" \/>\n<!-- \/ Yoast SEO plugin. -->","yoast_head_json":{"title":"Pigmento Cobalto para mezclar con plastidip vinilo l\u00edquido","description":"Pigmento fabricado por ProFx, en color Spectral Midnight Cobalt, en envase de 5gr. Ofrecen una amplia gama de destellos y chispas brillantes.","robots":{"index":"index","follow":"follow","max-snippet":"max-snippet:-1","max-image-preview":"max-image-preview:large","max-video-preview":"max-video-preview:-1"},"canonical":"https:\/\/www.plasti-dip.es\/vinilo-liquido\/producto\/pigmento-profx-spectral-midnight-cobalt-5gr\/","og_locale":"es_ES","og_type":"article","og_title":"Pigmento Cobalto para mezclar con plastidip vinilo l\u00edquido","og_description":"Pigmento fabricado por ProFx, en color Spectral Midnight Cobalt, en envase de 5gr. Ofrecen una amplia gama de destellos y chispas brillantes.","og_url":"https:\/\/www.plasti-dip.es\/vinilo-liquido\/producto\/pigmento-profx-spectral-midnight-cobalt-5gr\/","og_site_name":"Plastidip Espa\u00f1a","article_publisher":"https:\/\/www.facebook.com\/trp.plastidip\/","article_modified_time":"2026-02-22T13:34:11+00:00","og_image":[{"width":640,"height":722,"url":"https:\/\/www.plasti-dip.es\/vinilo-liquido\/wp-content\/uploads\/2018\/07\/PFX1207-5G-P.webp","type":"image\/webp"}],"twitter_card":"summary_large_image","twitter_misc":{"Tiempo de lectura":"2 minutos"},"schema":{"@context":"https:\/\/schema.org","@graph":[{"@type":"WebPage","@id":"https:\/\/www.plasti-dip.es\/vinilo-liquido\/producto\/pigmento-profx-spectral-midnight-cobalt-5gr\/","url":"https:\/\/www.plasti-dip.es\/vinilo-liquido\/producto\/pigmento-profx-spectral-midnight-cobalt-5gr\/","name":"Pigmento Cobalto para mezclar con plastidip vinilo l\u00edquido","isPartOf":{"@id":"https:\/\/www.plasti-dip.es\/vinilo-liquido\/#website"},"primaryImageOfPage":{"@id":"https:\/\/www.plasti-dip.es\/vinilo-liquido\/producto\/pigmento-profx-spectral-midnight-cobalt-5gr\/#primaryimage"},"image":{"@id":"https:\/\/www.plasti-dip.es\/vinilo-liquido\/producto\/pigmento-profx-spectral-midnight-cobalt-5gr\/#primaryimage"},"thumbnailUrl":"https:\/\/www.plasti-dip.es\/vinilo-liquido\/wp-content\/uploads\/2026\/02\/PFX1207-5G-P.jpg","datePublished":"2018-07-07T12:31:42+00:00","dateModified":"2026-02-22T13:34:11+00:00","description":"Pigmento fabricado por ProFx, en color Spectral Midnight Cobalt, en envase de 5gr. Ofrecen una amplia gama de destellos y chispas brillantes.","breadcrumb":{"@id":"https:\/\/www.plasti-dip.es\/vinilo-liquido\/producto\/pigmento-profx-spectral-midnight-cobalt-5gr\/#breadcrumb"},"inLanguage":"es","potentialAction":[{"@type":"ReadAction","target":["https:\/\/www.plasti-dip.es\/vinilo-liquido\/producto\/pigmento-profx-spectral-midnight-cobalt-5gr\/"]}]},{"@type":"ImageObject","inLanguage":"es","@id":"https:\/\/www.plasti-dip.es\/vinilo-liquido\/producto\/pigmento-profx-spectral-midnight-cobalt-5gr\/#primaryimage","url":"https:\/\/www.plasti-dip.es\/vinilo-liquido\/wp-content\/uploads\/2026\/02\/PFX1207-5G-P.jpg","contentUrl":"https:\/\/www.plasti-dip.es\/vinilo-liquido\/wp-content\/uploads\/2026\/02\/PFX1207-5G-P.jpg","width":640,"height":480,"caption":"Pigmento ProFx Spectral Midnight Cobalt (5gr)"},{"@type":"BreadcrumbList","@id":"https:\/\/www.plasti-dip.es\/vinilo-liquido\/producto\/pigmento-profx-spectral-midnight-cobalt-5gr\/#breadcrumb","itemListElement":[{"@type":"ListItem","position":1,"name":"Home","item":"https:\/\/www.plasti-dip.es\/vinilo-liquido\/"},{"@type":"ListItem","position":2,"name":"Tienda","item":"https:\/\/www.plasti-dip.es\/vinilo-liquido\/"},{"@type":"ListItem","position":3,"name":"Pigmento ProFx Spectral Midnight Cobalt (5gr)"}]},{"@type":"WebSite","@id":"https:\/\/www.plasti-dip.es\/vinilo-liquido\/#website","url":"https:\/\/www.plasti-dip.es\/vinilo-liquido\/","name":"Plastidip Espa\u00f1a","description":"Vinilo l\u00edquido Plastidip - Impresionantemente vers\u00e1til, Removible, Aislante, Impermeable, Antideslizante","publisher":{"@id":"https:\/\/www.plasti-dip.es\/vinilo-liquido\/#organization"},"potentialAction":[{"@type":"SearchAction","target":{"@type":"EntryPoint","urlTemplate":"https:\/\/www.plasti-dip.es\/vinilo-liquido\/?s={search_term_string}"},"query-input":{"@type":"PropertyValueSpecification","valueRequired":true,"valueName":"search_term_string"}}],"inLanguage":"es"},{"@type":"Organization","@id":"https:\/\/www.plasti-dip.es\/vinilo-liquido\/#organization","name":"Plastidip Espa\u00f1a - Technical Racing Products S.L.","url":"https:\/\/www.plasti-dip.es\/vinilo-liquido\/","logo":{"@type":"ImageObject","inLanguage":"es","@id":"https:\/\/www.plasti-dip.es\/vinilo-liquido\/#\/schema\/logo\/image\/","url":"https:\/\/www.plasti-dip.es\/vinilo-liquido\/wp-content\/uploads\/2016\/10\/cropped-Plasti-Dip-Logo.png","contentUrl":"https:\/\/www.plasti-dip.es\/vinilo-liquido\/wp-content\/uploads\/2016\/10\/cropped-Plasti-Dip-Logo.png","width":484,"height":110,"caption":"Plastidip Espa\u00f1a - Technical Racing Products S.L."},"image":{"@id":"https:\/\/www.plasti-dip.es\/vinilo-liquido\/#\/schema\/logo\/image\/"},"sameAs":["https:\/\/www.facebook.com\/trp.plastidip\/","https:\/\/www.youtube.com\/user\/minizchannel"]}]}},"amp_enabled":true,"_links":{"self":[{"href":"https:\/\/www.plasti-dip.es\/vinilo-liquido\/wp-json\/wp\/v2\/product\/1463","targetHints":{"allow":["GET"]}}],"collection":[{"href":"https:\/\/www.plasti-dip.es\/vinilo-liquido\/wp-json\/wp\/v2\/product"}],"about":[{"href":"https:\/\/www.plasti-dip.es\/vinilo-liquido\/wp-json\/wp\/v2\/types\/product"}],"replies":[{"embeddable":true,"href":"https:\/\/www.plasti-dip.es\/vinilo-liquido\/wp-json\/wp\/v2\/comments?post=1463"}],"version-history":[{"count":3,"href":"https:\/\/www.plasti-dip.es\/vinilo-liquido\/wp-json\/wp\/v2\/product\/1463\/revisions"}],"predecessor-version":[{"id":17761,"href":"https:\/\/www.plasti-dip.es\/vinilo-liquido\/wp-json\/wp\/v2\/product\/1463\/revisions\/17761"}],"wp:featuredmedia":[{"embeddable":true,"href":"https:\/\/www.plasti-dip.es\/vinilo-liquido\/wp-json\/wp\/v2\/media\/17759"}],"wp:attachment":[{"href":"https:\/\/www.plasti-dip.es\/vinilo-liquido\/wp-json\/wp\/v2\/media?parent=1463"}],"wp:term":[{"taxonomy":"product_brand","embeddable":true,"href":"https:\/\/www.plasti-dip.es\/vinilo-liquido\/wp-json\/wp\/v2\/product_brand?post=1463"},{"taxonomy":"product_cat","embeddable":true,"href":"https:\/\/www.plasti-dip.es\/vinilo-liquido\/wp-json\/wp\/v2\/product_cat?post=1463"},{"taxonomy":"product_tag","embeddable":true,"href":"https:\/\/www.plasti-dip.es\/vinilo-liquido\/wp-json\/wp\/v2\/product_tag?post=1463"}],"curies":[{"name":"wp","href":"https:\/\/api.w.org\/{rel}","templated":true}]}}