{"id":1469,"date":"2018-07-07T14:31:51","date_gmt":"2018-07-07T12:31:51","guid":{"rendered":"https:\/\/www.plasti-dip.es\/vinilo-liquido\/product\/gamuza-microfibra-de-39x39-sin-pelo\/"},"modified":"2026-02-22T15:36:10","modified_gmt":"2026-02-22T13:36:10","slug":"gamuza-microfibra-de-39x39-sin-pelo","status":"publish","type":"product","link":"https:\/\/www.plasti-dip.es\/vinilo-liquido\/producto\/gamuza-microfibra-de-39x39-sin-pelo\/","title":{"rendered":"Gamuza microfibra de 39&#215;39 sin pelo."},"content":{"rendered":"<p>Gamuza de microfibra de 39&#215;39 sin pelo, ideal para utilizar junto a los productos abrillantadores y de limpieza, recomendable sobre cualquier superf&iacute;cie.&nbsp;<\/p>\n","protected":false},"excerpt":{"rendered":"<p>Gamuza microfibra de 39&#215;39 sin pelo.             <\/p>\n","protected":false},"featured_media":17781,"comment_status":"open","ping_status":"closed","template":"","meta":{"site-sidebar-layout":"default","site-content-layout":"default","ast-site-content-layout":"default","site-content-style":"default","site-sidebar-style":"default","ast-global-header-display":"","ast-banner-title-visibility":"","ast-main-header-display":"","ast-hfb-above-header-display":"","ast-hfb-below-header-display":"","ast-hfb-mobile-header-display":"","site-post-title":"","ast-breadcrumbs-content":"","ast-featured-img":"","footer-sml-layout":"","ast-disable-related-posts":"","theme-transparent-header-meta":"default","adv-header-id-meta":"","stick-header-meta":"","header-above-stick-meta":"","header-main-stick-meta":"","header-below-stick-meta":"","astra-migrate-meta-layouts":"default","ast-page-background-enabled":"default","ast-page-background-meta":{"desktop":{"background-color":"","background-image":"","background-repeat":"repeat","background-position":"center center","background-size":"auto","background-attachment":"scroll","background-type":"","background-media":"","overlay-type":"","overlay-color":"","overlay-opacity":"","overlay-gradient":""},"tablet":{"background-color":"","background-image":"","background-repeat":"repeat","background-position":"center center","background-size":"auto","background-attachment":"scroll","background-type":"","background-media":"","overlay-type":"","overlay-color":"","overlay-opacity":"","overlay-gradient":""},"mobile":{"background-color":"","background-image":"","background-repeat":"repeat","background-position":"center center","background-size":"auto","background-attachment":"scroll","background-type":"","background-media":"","overlay-type":"","overlay-color":"","overlay-opacity":"","overlay-gradient":""}},"ast-content-background-meta":{"desktop":{"background-color":"var(--ast-global-color-5)","background-image":"","background-repeat":"repeat","background-position":"center center","background-size":"auto","background-attachment":"scroll","background-type":"","background-media":"","overlay-type":"","overlay-color":"","overlay-opacity":"","overlay-gradient":""},"tablet":{"background-color":"var(--ast-global-color-5)","background-image":"","background-repeat":"repeat","background-position":"center center","background-size":"auto","background-attachment":"scroll","background-type":"","background-media":"","overlay-type":"","overlay-color":"","overlay-opacity":"","overlay-gradient":""},"mobile":{"background-color":"var(--ast-global-color-5)","background-image":"","background-repeat":"repeat","background-position":"center center","background-size":"auto","background-attachment":"scroll","background-type":"","background-media":"","overlay-type":"","overlay-color":"","overlay-opacity":"","overlay-gradient":""}}},"product_brand":[],"product_cat":[2183],"product_tag":[],"class_list":{"0":"post-1469","1":"product","2":"type-product","3":"status-publish","4":"has-post-thumbnail","6":"product_cat-accesorios-pintura","7":"desktop-align-left","8":"tablet-align-left","9":"mobile-align-left","11":"first","12":"instock","13":"taxable","14":"shipping-taxable","15":"purchasable","16":"product-type-simple"},"yoast_head":"<!-- This site is optimized with the Yoast SEO plugin v27.2 - https:\/\/yoast.com\/product\/yoast-seo-wordpress\/ -->\n<title>Bayeta de microfibra sin pelo superficies delicadas y automoci\u00f3n<\/title>\n<meta name=\"description\" content=\"Gamuza de microfibra de 39x39 sin pelo, ideal para utilizar junto a los productos abrillantadores y de limpieza, recomendable sobre cualquier superf\u00edcie.\" \/>\n<meta name=\"robots\" content=\"index, follow, max-snippet:-1, max-image-preview:large, max-video-preview:-1\" \/>\n<link rel=\"canonical\" href=\"https:\/\/www.plasti-dip.es\/vinilo-liquido\/producto\/gamuza-microfibra-de-39x39-sin-pelo\/\" \/>\n<meta property=\"og:locale\" content=\"es_ES\" \/>\n<meta property=\"og:type\" content=\"article\" \/>\n<meta property=\"og:title\" content=\"Bayeta de microfibra sin pelo superficies delicadas y automoci\u00f3n\" \/>\n<meta property=\"og:description\" content=\"Gamuza de microfibra de 39x39 sin pelo, ideal para utilizar junto a los productos abrillantadores y de limpieza, recomendable sobre cualquier superf\u00edcie.\" \/>\n<meta property=\"og:url\" content=\"https:\/\/www.plasti-dip.es\/vinilo-liquido\/producto\/gamuza-microfibra-de-39x39-sin-pelo\/\" \/>\n<meta property=\"og:site_name\" content=\"Plastidip Espa\u00f1a\" \/>\n<meta property=\"article:publisher\" content=\"https:\/\/www.facebook.com\/trp.plastidip\/\" \/>\n<meta property=\"article:modified_time\" content=\"2026-02-22T13:36:10+00:00\" \/>\n<meta property=\"og:image\" content=\"https:\/\/www.plasti-dip.es\/vinilo-liquido\/wp-content\/uploads\/2018\/07\/Bayeta_Microfibra_Rydactive-Duo_01-324x324-1.jpg\" \/>\n\t<meta property=\"og:image:width\" content=\"324\" \/>\n\t<meta property=\"og:image:height\" content=\"324\" \/>\n\t<meta property=\"og:image:type\" content=\"image\/jpeg\" \/>\n<meta name=\"twitter:card\" content=\"summary_large_image\" \/>\n<meta name=\"twitter:label1\" content=\"Tiempo de lectura\" \/>\n\t<meta name=\"twitter:data1\" content=\"1 minuto\" \/>\n<!-- \/ Yoast SEO plugin. -->","yoast_head_json":{"title":"Bayeta de microfibra sin pelo superficies delicadas y automoci\u00f3n","description":"Gamuza de microfibra de 39x39 sin pelo, ideal para utilizar junto a los productos abrillantadores y de limpieza, recomendable sobre cualquier superf\u00edcie.","robots":{"index":"index","follow":"follow","max-snippet":"max-snippet:-1","max-image-preview":"max-image-preview:large","max-video-preview":"max-video-preview:-1"},"canonical":"https:\/\/www.plasti-dip.es\/vinilo-liquido\/producto\/gamuza-microfibra-de-39x39-sin-pelo\/","og_locale":"es_ES","og_type":"article","og_title":"Bayeta de microfibra sin pelo superficies delicadas y automoci\u00f3n","og_description":"Gamuza de microfibra de 39x39 sin pelo, ideal para utilizar junto a los productos abrillantadores y de limpieza, recomendable sobre cualquier superf\u00edcie.","og_url":"https:\/\/www.plasti-dip.es\/vinilo-liquido\/producto\/gamuza-microfibra-de-39x39-sin-pelo\/","og_site_name":"Plastidip Espa\u00f1a","article_publisher":"https:\/\/www.facebook.com\/trp.plastidip\/","article_modified_time":"2026-02-22T13:36:10+00:00","og_image":[{"width":324,"height":324,"url":"https:\/\/www.plasti-dip.es\/vinilo-liquido\/wp-content\/uploads\/2018\/07\/Bayeta_Microfibra_Rydactive-Duo_01-324x324-1.jpg","type":"image\/jpeg"}],"twitter_card":"summary_large_image","twitter_misc":{"Tiempo de lectura":"1 minuto"},"schema":{"@context":"https:\/\/schema.org","@graph":[{"@type":"WebPage","@id":"https:\/\/www.plasti-dip.es\/vinilo-liquido\/producto\/gamuza-microfibra-de-39x39-sin-pelo\/","url":"https:\/\/www.plasti-dip.es\/vinilo-liquido\/producto\/gamuza-microfibra-de-39x39-sin-pelo\/","name":"Bayeta de microfibra sin pelo superficies delicadas y automoci\u00f3n","isPartOf":{"@id":"https:\/\/www.plasti-dip.es\/vinilo-liquido\/#website"},"primaryImageOfPage":{"@id":"https:\/\/www.plasti-dip.es\/vinilo-liquido\/producto\/gamuza-microfibra-de-39x39-sin-pelo\/#primaryimage"},"image":{"@id":"https:\/\/www.plasti-dip.es\/vinilo-liquido\/producto\/gamuza-microfibra-de-39x39-sin-pelo\/#primaryimage"},"thumbnailUrl":"https:\/\/www.plasti-dip.es\/vinilo-liquido\/wp-content\/uploads\/2026\/02\/Rydactive.jpg","datePublished":"2018-07-07T12:31:51+00:00","dateModified":"2026-02-22T13:36:10+00:00","description":"Gamuza de microfibra de 39x39 sin pelo, ideal para utilizar junto a los productos abrillantadores y de limpieza, recomendable sobre cualquier superf\u00edcie.","breadcrumb":{"@id":"https:\/\/www.plasti-dip.es\/vinilo-liquido\/producto\/gamuza-microfibra-de-39x39-sin-pelo\/#breadcrumb"},"inLanguage":"es","potentialAction":[{"@type":"ReadAction","target":["https:\/\/www.plasti-dip.es\/vinilo-liquido\/producto\/gamuza-microfibra-de-39x39-sin-pelo\/"]}]},{"@type":"ImageObject","inLanguage":"es","@id":"https:\/\/www.plasti-dip.es\/vinilo-liquido\/producto\/gamuza-microfibra-de-39x39-sin-pelo\/#primaryimage","url":"https:\/\/www.plasti-dip.es\/vinilo-liquido\/wp-content\/uploads\/2026\/02\/Rydactive.jpg","contentUrl":"https:\/\/www.plasti-dip.es\/vinilo-liquido\/wp-content\/uploads\/2026\/02\/Rydactive.jpg","width":640,"height":480,"caption":"Gamuza microfibra de 39x39 sin pelo."},{"@type":"BreadcrumbList","@id":"https:\/\/www.plasti-dip.es\/vinilo-liquido\/producto\/gamuza-microfibra-de-39x39-sin-pelo\/#breadcrumb","itemListElement":[{"@type":"ListItem","position":1,"name":"Home","item":"https:\/\/www.plasti-dip.es\/vinilo-liquido\/"},{"@type":"ListItem","position":2,"name":"Tienda","item":"https:\/\/www.plasti-dip.es\/vinilo-liquido\/"},{"@type":"ListItem","position":3,"name":"Gamuza microfibra de 39&#215;39 sin pelo."}]},{"@type":"WebSite","@id":"https:\/\/www.plasti-dip.es\/vinilo-liquido\/#website","url":"https:\/\/www.plasti-dip.es\/vinilo-liquido\/","name":"Plastidip Espa\u00f1a","description":"Vinilo l\u00edquido Plastidip - Impresionantemente vers\u00e1til, Removible, Aislante, Impermeable, Antideslizante","publisher":{"@id":"https:\/\/www.plasti-dip.es\/vinilo-liquido\/#organization"},"potentialAction":[{"@type":"SearchAction","target":{"@type":"EntryPoint","urlTemplate":"https:\/\/www.plasti-dip.es\/vinilo-liquido\/?s={search_term_string}"},"query-input":{"@type":"PropertyValueSpecification","valueRequired":true,"valueName":"search_term_string"}}],"inLanguage":"es"},{"@type":"Organization","@id":"https:\/\/www.plasti-dip.es\/vinilo-liquido\/#organization","name":"Plastidip Espa\u00f1a - Technical Racing Products S.L.","url":"https:\/\/www.plasti-dip.es\/vinilo-liquido\/","logo":{"@type":"ImageObject","inLanguage":"es","@id":"https:\/\/www.plasti-dip.es\/vinilo-liquido\/#\/schema\/logo\/image\/","url":"https:\/\/www.plasti-dip.es\/vinilo-liquido\/wp-content\/uploads\/2016\/10\/cropped-Plasti-Dip-Logo.png","contentUrl":"https:\/\/www.plasti-dip.es\/vinilo-liquido\/wp-content\/uploads\/2016\/10\/cropped-Plasti-Dip-Logo.png","width":484,"height":110,"caption":"Plastidip Espa\u00f1a - Technical Racing Products S.L."},"image":{"@id":"https:\/\/www.plasti-dip.es\/vinilo-liquido\/#\/schema\/logo\/image\/"},"sameAs":["https:\/\/www.facebook.com\/trp.plastidip\/","https:\/\/www.youtube.com\/user\/minizchannel"]}]}},"amp_enabled":true,"_links":{"self":[{"href":"https:\/\/www.plasti-dip.es\/vinilo-liquido\/wp-json\/wp\/v2\/product\/1469","targetHints":{"allow":["GET"]}}],"collection":[{"href":"https:\/\/www.plasti-dip.es\/vinilo-liquido\/wp-json\/wp\/v2\/product"}],"about":[{"href":"https:\/\/www.plasti-dip.es\/vinilo-liquido\/wp-json\/wp\/v2\/types\/product"}],"replies":[{"embeddable":true,"href":"https:\/\/www.plasti-dip.es\/vinilo-liquido\/wp-json\/wp\/v2\/comments?post=1469"}],"version-history":[{"count":3,"href":"https:\/\/www.plasti-dip.es\/vinilo-liquido\/wp-json\/wp\/v2\/product\/1469\/revisions"}],"predecessor-version":[{"id":17782,"href":"https:\/\/www.plasti-dip.es\/vinilo-liquido\/wp-json\/wp\/v2\/product\/1469\/revisions\/17782"}],"wp:featuredmedia":[{"embeddable":true,"href":"https:\/\/www.plasti-dip.es\/vinilo-liquido\/wp-json\/wp\/v2\/media\/17781"}],"wp:attachment":[{"href":"https:\/\/www.plasti-dip.es\/vinilo-liquido\/wp-json\/wp\/v2\/media?parent=1469"}],"wp:term":[{"taxonomy":"product_brand","embeddable":true,"href":"https:\/\/www.plasti-dip.es\/vinilo-liquido\/wp-json\/wp\/v2\/product_brand?post=1469"},{"taxonomy":"product_cat","embeddable":true,"href":"https:\/\/www.plasti-dip.es\/vinilo-liquido\/wp-json\/wp\/v2\/product_cat?post=1469"},{"taxonomy":"product_tag","embeddable":true,"href":"https:\/\/www.plasti-dip.es\/vinilo-liquido\/wp-json\/wp\/v2\/product_tag?post=1469"}],"curies":[{"name":"wp","href":"https:\/\/api.w.org\/{rel}","templated":true}]}}