{"id":2513,"date":"2019-01-07T21:20:18","date_gmt":"2019-01-07T19:20:18","guid":{"rendered":"https:\/\/www.plasti-dip.es\/vinilo-liquido\/sin%20categorizar\/vinilo-carbono-mate-para-car-wrapping-calidad-extrema\/"},"modified":"2026-02-22T15:50:02","modified_gmt":"2026-02-22T13:50:02","slug":"vinilo-carbono-mate-para-car-wrapping-calidad-extrema","status":"publish","type":"product","link":"https:\/\/www.plasti-dip.es\/vinilo-liquido\/producto\/vinilo-carbono-mate-para-car-wrapping-calidad-extrema\/","title":{"rendered":"Vinilo Carbono Mate( 10 cm) Car Wrapping calidad extrema"},"content":{"rendered":"<p>L&aacute;mina de vinilo en color carbono acabado mate (Dry Carbon).Se vende por centimetros. Se trata de vinilo fundido multicapa de alto rendimiento, de gramaje superior a 100 micras (100-110 seg&uacute;n referencia) recubierto de un adhesivo acr&iacute;lico solvente sensible a la presi&oacute;n. Adhesivo estructurado para facilitar su aplicaci&oacute;n y mejorar la expulsi&oacute;n de aire (burbujas).<\/p>\n<p>Este adhesivo tiene adherencia inmediata y permanente, y alcanza su m&aacute;xima resistencia despu&eacute;s de 24 horas. Se recomienda aplicaci&oacute;n en seco.<\/p>\n<p>Este producto est&aacute; especialmente dise&ntilde;ado para la rotulaci&oacute;n integral de veh&iacute;culos. Adem&aacute;s est&aacute; concebido para soportar intensas deformaciones.<\/p>\n<p>Es importante saber que los films con acabado mate son m&aacute;s delicados, propensos a rayarse y producir arrugas. Por lo tanto, deben manipularse con sumo cuidado. Si despu&eacute;s de su colocaci&oacute;n persisten las marcas, recomendamos utilizar una pistola de aire caliente para calentar ligeramente la superficie del vinilo (a +90&deg;C como m&aacute;ximo) y as&iacute; atenuar las imperfecciones.<\/p>\n<p>Debido a su estructura espec&iacute;fica, los films con acabado mate tienden a ensuciarse con mayor facilidad que los brillantes. Este tipo de film requiere un mantenimiento m&aacute;s profundo y\/o frecuente.&nbsp; Las tareas de limpieza son todav&iacute;a m&aacute;s arduas si los films est&aacute;n expuestos a condiciones de alta suciedad, como sucede por ejemplo en coches de carreras, rallye, etc.<\/p>\n","protected":false},"excerpt":{"rendered":"<p>Vinilo Carbono Mate( 10 cm) Car Wrapping calidad extrema<\/p>\n","protected":false},"featured_media":17813,"comment_status":"open","ping_status":"closed","template":"","meta":{"site-sidebar-layout":"default","site-content-layout":"default","ast-site-content-layout":"default","site-content-style":"default","site-sidebar-style":"default","ast-global-header-display":"","ast-banner-title-visibility":"","ast-main-header-display":"","ast-hfb-above-header-display":"","ast-hfb-below-header-display":"","ast-hfb-mobile-header-display":"","site-post-title":"","ast-breadcrumbs-content":"","ast-featured-img":"","footer-sml-layout":"","ast-disable-related-posts":"","theme-transparent-header-meta":"default","adv-header-id-meta":"","stick-header-meta":"","header-above-stick-meta":"","header-main-stick-meta":"","header-below-stick-meta":"","astra-migrate-meta-layouts":"default","ast-page-background-enabled":"default","ast-page-background-meta":{"desktop":{"background-color":"","background-image":"","background-repeat":"repeat","background-position":"center center","background-size":"auto","background-attachment":"scroll","background-type":"","background-media":"","overlay-type":"","overlay-color":"","overlay-opacity":"","overlay-gradient":""},"tablet":{"background-color":"","background-image":"","background-repeat":"repeat","background-position":"center center","background-size":"auto","background-attachment":"scroll","background-type":"","background-media":"","overlay-type":"","overlay-color":"","overlay-opacity":"","overlay-gradient":""},"mobile":{"background-color":"","background-image":"","background-repeat":"repeat","background-position":"center center","background-size":"auto","background-attachment":"scroll","background-type":"","background-media":"","overlay-type":"","overlay-color":"","overlay-opacity":"","overlay-gradient":""}},"ast-content-background-meta":{"desktop":{"background-color":"var(--ast-global-color-5)","background-image":"","background-repeat":"repeat","background-position":"center center","background-size":"auto","background-attachment":"scroll","background-type":"","background-media":"","overlay-type":"","overlay-color":"","overlay-opacity":"","overlay-gradient":""},"tablet":{"background-color":"var(--ast-global-color-5)","background-image":"","background-repeat":"repeat","background-position":"center center","background-size":"auto","background-attachment":"scroll","background-type":"","background-media":"","overlay-type":"","overlay-color":"","overlay-opacity":"","overlay-gradient":""},"mobile":{"background-color":"var(--ast-global-color-5)","background-image":"","background-repeat":"repeat","background-position":"center center","background-size":"auto","background-attachment":"scroll","background-type":"","background-media":"","overlay-type":"","overlay-color":"","overlay-opacity":"","overlay-gradient":""}}},"product_brand":[],"product_cat":[2204],"product_tag":[],"class_list":{"0":"post-2513","1":"product","2":"type-product","3":"status-publish","4":"has-post-thumbnail","6":"product_cat-car-wrapping","7":"desktop-align-left","8":"tablet-align-left","9":"mobile-align-left","11":"first","12":"instock","13":"taxable","14":"shipping-taxable","15":"purchasable","16":"product-type-simple"},"yoast_head":"<!-- This site is optimized with the Yoast SEO plugin v27.2 - https:\/\/yoast.com\/product\/yoast-seo-wordpress\/ -->\n<title>Vinilo Carbono Mate para Car Wrapping calidad extrema<\/title>\n<meta name=\"description\" content=\"L\u00e1mina de vinilo en color carbono acabado mate (Dry Carbon). Se trata de vinilo fundido multicapa de alto rendimiento. \u00a1Conoce m\u00e1s!\" \/>\n<meta name=\"robots\" content=\"index, follow, max-snippet:-1, max-image-preview:large, max-video-preview:-1\" \/>\n<link rel=\"canonical\" href=\"https:\/\/www.plasti-dip.es\/vinilo-liquido\/producto\/vinilo-carbono-mate-para-car-wrapping-calidad-extrema\/\" \/>\n<meta property=\"og:locale\" content=\"es_ES\" \/>\n<meta property=\"og:type\" content=\"article\" \/>\n<meta property=\"og:title\" content=\"Vinilo Carbono Mate para Car Wrapping calidad extrema\" \/>\n<meta property=\"og:description\" content=\"L\u00e1mina de vinilo en color carbono acabado mate (Dry Carbon). Se trata de vinilo fundido multicapa de alto rendimiento. \u00a1Conoce m\u00e1s!\" \/>\n<meta property=\"og:url\" content=\"https:\/\/www.plasti-dip.es\/vinilo-liquido\/producto\/vinilo-carbono-mate-para-car-wrapping-calidad-extrema\/\" \/>\n<meta property=\"og:site_name\" content=\"Plastidip Espa\u00f1a\" \/>\n<meta property=\"article:publisher\" content=\"https:\/\/www.facebook.com\/trp.plastidip\/\" \/>\n<meta property=\"article:modified_time\" content=\"2026-02-22T13:50:02+00:00\" \/>\n<meta property=\"og:image\" content=\"https:\/\/www.plasti-dip.es\/vinilo-liquido\/wp-content\/uploads\/2019\/01\/Vinilo-Carbono-Mate-para-Car-Wrapping-calidad-extrema.webp\" \/>\n\t<meta property=\"og:image:width\" content=\"800\" \/>\n\t<meta property=\"og:image:height\" content=\"600\" \/>\n\t<meta property=\"og:image:type\" content=\"image\/webp\" \/>\n<meta name=\"twitter:card\" content=\"summary_large_image\" \/>\n<meta name=\"twitter:label1\" content=\"Tiempo de lectura\" \/>\n\t<meta name=\"twitter:data1\" content=\"1 minuto\" \/>\n<!-- \/ Yoast SEO plugin. -->","yoast_head_json":{"title":"Vinilo Carbono Mate para Car Wrapping calidad extrema","description":"L\u00e1mina de vinilo en color carbono acabado mate (Dry Carbon). Se trata de vinilo fundido multicapa de alto rendimiento. \u00a1Conoce m\u00e1s!","robots":{"index":"index","follow":"follow","max-snippet":"max-snippet:-1","max-image-preview":"max-image-preview:large","max-video-preview":"max-video-preview:-1"},"canonical":"https:\/\/www.plasti-dip.es\/vinilo-liquido\/producto\/vinilo-carbono-mate-para-car-wrapping-calidad-extrema\/","og_locale":"es_ES","og_type":"article","og_title":"Vinilo Carbono Mate para Car Wrapping calidad extrema","og_description":"L\u00e1mina de vinilo en color carbono acabado mate (Dry Carbon). Se trata de vinilo fundido multicapa de alto rendimiento. \u00a1Conoce m\u00e1s!","og_url":"https:\/\/www.plasti-dip.es\/vinilo-liquido\/producto\/vinilo-carbono-mate-para-car-wrapping-calidad-extrema\/","og_site_name":"Plastidip Espa\u00f1a","article_publisher":"https:\/\/www.facebook.com\/trp.plastidip\/","article_modified_time":"2026-02-22T13:50:02+00:00","og_image":[{"width":800,"height":600,"url":"https:\/\/www.plasti-dip.es\/vinilo-liquido\/wp-content\/uploads\/2019\/01\/Vinilo-Carbono-Mate-para-Car-Wrapping-calidad-extrema.webp","type":"image\/webp"}],"twitter_card":"summary_large_image","twitter_misc":{"Tiempo de lectura":"1 minuto"},"schema":{"@context":"https:\/\/schema.org","@graph":[{"@type":"WebPage","@id":"https:\/\/www.plasti-dip.es\/vinilo-liquido\/producto\/vinilo-carbono-mate-para-car-wrapping-calidad-extrema\/","url":"https:\/\/www.plasti-dip.es\/vinilo-liquido\/producto\/vinilo-carbono-mate-para-car-wrapping-calidad-extrema\/","name":"Vinilo Carbono Mate para Car Wrapping calidad extrema","isPartOf":{"@id":"https:\/\/www.plasti-dip.es\/vinilo-liquido\/#website"},"primaryImageOfPage":{"@id":"https:\/\/www.plasti-dip.es\/vinilo-liquido\/producto\/vinilo-carbono-mate-para-car-wrapping-calidad-extrema\/#primaryimage"},"image":{"@id":"https:\/\/www.plasti-dip.es\/vinilo-liquido\/producto\/vinilo-carbono-mate-para-car-wrapping-calidad-extrema\/#primaryimage"},"thumbnailUrl":"https:\/\/www.plasti-dip.es\/vinilo-liquido\/wp-content\/uploads\/2026\/02\/Vinilo-Carbono.jpg","datePublished":"2019-01-07T19:20:18+00:00","dateModified":"2026-02-22T13:50:02+00:00","description":"L\u00e1mina de vinilo en color carbono acabado mate (Dry Carbon). Se trata de vinilo fundido multicapa de alto rendimiento. \u00a1Conoce m\u00e1s!","breadcrumb":{"@id":"https:\/\/www.plasti-dip.es\/vinilo-liquido\/producto\/vinilo-carbono-mate-para-car-wrapping-calidad-extrema\/#breadcrumb"},"inLanguage":"es","potentialAction":[{"@type":"ReadAction","target":["https:\/\/www.plasti-dip.es\/vinilo-liquido\/producto\/vinilo-carbono-mate-para-car-wrapping-calidad-extrema\/"]}]},{"@type":"ImageObject","inLanguage":"es","@id":"https:\/\/www.plasti-dip.es\/vinilo-liquido\/producto\/vinilo-carbono-mate-para-car-wrapping-calidad-extrema\/#primaryimage","url":"https:\/\/www.plasti-dip.es\/vinilo-liquido\/wp-content\/uploads\/2026\/02\/Vinilo-Carbono.jpg","contentUrl":"https:\/\/www.plasti-dip.es\/vinilo-liquido\/wp-content\/uploads\/2026\/02\/Vinilo-Carbono.jpg","width":800,"height":600,"caption":"Vinilo Carbono Mate( 10 cm) Car Wrapping calidad extrema"},{"@type":"BreadcrumbList","@id":"https:\/\/www.plasti-dip.es\/vinilo-liquido\/producto\/vinilo-carbono-mate-para-car-wrapping-calidad-extrema\/#breadcrumb","itemListElement":[{"@type":"ListItem","position":1,"name":"Home","item":"https:\/\/www.plasti-dip.es\/vinilo-liquido\/"},{"@type":"ListItem","position":2,"name":"Tienda","item":"https:\/\/www.plasti-dip.es\/vinilo-liquido\/"},{"@type":"ListItem","position":3,"name":"Vinilo Carbono Mate( 10 cm) Car Wrapping calidad extrema"}]},{"@type":"WebSite","@id":"https:\/\/www.plasti-dip.es\/vinilo-liquido\/#website","url":"https:\/\/www.plasti-dip.es\/vinilo-liquido\/","name":"Plastidip Espa\u00f1a","description":"Vinilo l\u00edquido Plastidip - Impresionantemente vers\u00e1til, Removible, Aislante, Impermeable, Antideslizante","publisher":{"@id":"https:\/\/www.plasti-dip.es\/vinilo-liquido\/#organization"},"potentialAction":[{"@type":"SearchAction","target":{"@type":"EntryPoint","urlTemplate":"https:\/\/www.plasti-dip.es\/vinilo-liquido\/?s={search_term_string}"},"query-input":{"@type":"PropertyValueSpecification","valueRequired":true,"valueName":"search_term_string"}}],"inLanguage":"es"},{"@type":"Organization","@id":"https:\/\/www.plasti-dip.es\/vinilo-liquido\/#organization","name":"Plastidip Espa\u00f1a - Technical Racing Products S.L.","url":"https:\/\/www.plasti-dip.es\/vinilo-liquido\/","logo":{"@type":"ImageObject","inLanguage":"es","@id":"https:\/\/www.plasti-dip.es\/vinilo-liquido\/#\/schema\/logo\/image\/","url":"https:\/\/www.plasti-dip.es\/vinilo-liquido\/wp-content\/uploads\/2016\/10\/cropped-Plasti-Dip-Logo.png","contentUrl":"https:\/\/www.plasti-dip.es\/vinilo-liquido\/wp-content\/uploads\/2016\/10\/cropped-Plasti-Dip-Logo.png","width":484,"height":110,"caption":"Plastidip Espa\u00f1a - Technical Racing Products S.L."},"image":{"@id":"https:\/\/www.plasti-dip.es\/vinilo-liquido\/#\/schema\/logo\/image\/"},"sameAs":["https:\/\/www.facebook.com\/trp.plastidip\/","https:\/\/www.youtube.com\/user\/minizchannel"]}]}},"amp_enabled":true,"_links":{"self":[{"href":"https:\/\/www.plasti-dip.es\/vinilo-liquido\/wp-json\/wp\/v2\/product\/2513","targetHints":{"allow":["GET"]}}],"collection":[{"href":"https:\/\/www.plasti-dip.es\/vinilo-liquido\/wp-json\/wp\/v2\/product"}],"about":[{"href":"https:\/\/www.plasti-dip.es\/vinilo-liquido\/wp-json\/wp\/v2\/types\/product"}],"replies":[{"embeddable":true,"href":"https:\/\/www.plasti-dip.es\/vinilo-liquido\/wp-json\/wp\/v2\/comments?post=2513"}],"version-history":[{"count":2,"href":"https:\/\/www.plasti-dip.es\/vinilo-liquido\/wp-json\/wp\/v2\/product\/2513\/revisions"}],"predecessor-version":[{"id":15508,"href":"https:\/\/www.plasti-dip.es\/vinilo-liquido\/wp-json\/wp\/v2\/product\/2513\/revisions\/15508"}],"wp:featuredmedia":[{"embeddable":true,"href":"https:\/\/www.plasti-dip.es\/vinilo-liquido\/wp-json\/wp\/v2\/media\/17813"}],"wp:attachment":[{"href":"https:\/\/www.plasti-dip.es\/vinilo-liquido\/wp-json\/wp\/v2\/media?parent=2513"}],"wp:term":[{"taxonomy":"product_brand","embeddable":true,"href":"https:\/\/www.plasti-dip.es\/vinilo-liquido\/wp-json\/wp\/v2\/product_brand?post=2513"},{"taxonomy":"product_cat","embeddable":true,"href":"https:\/\/www.plasti-dip.es\/vinilo-liquido\/wp-json\/wp\/v2\/product_cat?post=2513"},{"taxonomy":"product_tag","embeddable":true,"href":"https:\/\/www.plasti-dip.es\/vinilo-liquido\/wp-json\/wp\/v2\/product_tag?post=2513"}],"curies":[{"name":"wp","href":"https:\/\/api.w.org\/{rel}","templated":true}]}}